{"id":5316460,"date":"2026-01-19T14:38:24","date_gmt":"2026-01-19T12:38:24","guid":{"rendered":"https:\/\/gadgettravellers.eu\/shop\/borsetta-gattino-17x15x11cm-toymarkt-971253\/"},"modified":"2026-04-22T22:47:50","modified_gmt":"2026-04-22T20:47:50","slug":"borsetta-gattino-17x15x11cm-toymarkt-971253","status":"publish","type":"product","link":"https:\/\/gadgettravellers.eu\/it\/shop\/borsetta-gattino-17x15x11cm-toymarkt-971253\/","title":{"rendered":"Borsetta Gattino 17x15x11cm ToyMarkt 971253"},"content":{"rendered":"<p>17x15x11cm<\/p>\n<div class='aiseo-faq-section' style='margin-top:30px; border-top:1px solid #eee; padding-top:20px;'>\n<h3>Domande Frequenti<\/h3>\n<details style='margin-bottom:10px; padding:10px; background:#f9f9f9; border-radius:5px;'>\n<summary style='font-weight:bold; cursor:pointer;'>Per quale et\u00e0 \u00e8 adatta questa borsetta?<\/summary>\n<div style='margin-top:10px; color:#555;'>Adatto per l&#8217;et\u00e0 prescolare.<\/div>\n<\/details>\n<details style='margin-bottom:10px; padding:10px; background:#f9f9f9; border-radius:5px;'>\n<summary style='font-weight:bold; cursor:pointer;'>Quali sono le sue dimensioni?<\/summary>\n<div style='margin-top:10px; color:#555;'>Le dimensioni sono 17x15x11cm.<\/div>\n<\/details>\n<details style='margin-bottom:10px; padding:10px; background:#f9f9f9; border-radius:5px;'>\n<summary style='font-weight:bold; cursor:pointer;'>Quali oggetti ci stanno?<\/summary>\n<div style='margin-top:10px; color:#555;'>Offre abbastanza spazio per piccoli oggetti, giocattoli o snack.<\/div>\n<\/details>\n<details style='margin-bottom:10px; padding:10px; background:#f9f9f9; border-radius:5px;'>\n<summary style='font-weight:bold; cursor:pointer;'>\u00c8 facile da trasportare?<\/summary>\n<div style='margin-top:10px; color:#555;'>S\u00ec, \u00e8 leggero e facile da trasportare.<\/div>\n<\/details>\n<\/div>\n","protected":false},"excerpt":{"rendered":"<p>17x15x11cm Domande Frequenti Per quale et\u00e0 \u00e8 adatta questa borsetta? Adatto per l&#8217;et\u00e0 prescolare. Quali sono le sue dimensioni? Le dimensioni sono 17x15x11cm. Quali oggetti ci stanno? Offre abbastanza spazio per piccoli oggetti, giocattoli o snack. \u00c8 facile da trasportare? S\u00ec, \u00e8 leggero e facile da trasportare.<\/p>\n","protected":false},"featured_media":22790,"comment_status":"closed","ping_status":"open","template":"","meta":[],"product_brand":[],"product_cat":[],"product_tag":[15],"class_list":{"0":"post-5316460","1":"product","2":"type-product","3":"status-publish","4":"has-post-thumbnail","6":"product_tag-uncategorized","8":"first","9":"onbackorder","10":"purchasable","11":"product-type-simple"},"jetpack_sharing_enabled":true,"_links":{"self":[{"href":"https:\/\/gadgettravellers.eu\/it\/wp-json\/wp\/v2\/product\/5316460","targetHints":{"allow":["GET"]}}],"collection":[{"href":"https:\/\/gadgettravellers.eu\/it\/wp-json\/wp\/v2\/product"}],"about":[{"href":"https:\/\/gadgettravellers.eu\/it\/wp-json\/wp\/v2\/types\/product"}],"replies":[{"embeddable":true,"href":"https:\/\/gadgettravellers.eu\/it\/wp-json\/wp\/v2\/comments?post=5316460"}],"wp:featuredmedia":[{"embeddable":true,"href":"https:\/\/gadgettravellers.eu\/it\/wp-json\/wp\/v2\/media\/22790"}],"wp:attachment":[{"href":"https:\/\/gadgettravellers.eu\/it\/wp-json\/wp\/v2\/media?parent=5316460"}],"wp:term":[{"taxonomy":"product_brand","embeddable":true,"href":"https:\/\/gadgettravellers.eu\/it\/wp-json\/wp\/v2\/product_brand?post=5316460"},{"taxonomy":"product_cat","embeddable":true,"href":"https:\/\/gadgettravellers.eu\/it\/wp-json\/wp\/v2\/product_cat?post=5316460"},{"taxonomy":"product_tag","embeddable":true,"href":"https:\/\/gadgettravellers.eu\/it\/wp-json\/wp\/v2\/product_tag?post=5316460"}],"curies":[{"name":"wp","href":"https:\/\/api.w.org\/{rel}","templated":true}]}}