{"id":5316465,"date":"2026-01-19T14:38:28","date_gmt":"2026-01-19T12:38:28","guid":{"rendered":"https:\/\/gadgettravellers.eu\/shop\/fashion-shiny-girl-beauty-set-scatola-34x24x6cm-toymarkt-971262\/"},"modified":"2026-04-22T22:47:52","modified_gmt":"2026-04-22T20:47:52","slug":"fashion-shiny-girl-beauty-set-scatola-34x24x6cm-toymarkt-971262","status":"publish","type":"product","link":"https:\/\/gadgettravellers.eu\/it\/shop\/fashion-shiny-girl-beauty-set-scatola-34x24x6cm-toymarkt-971262\/","title":{"rendered":"Fashion Shiny Girl Beauty set Scatola 34x24x6cm ToyMarkt 971262"},"content":{"rendered":"<p>34x24x6cm<\/p>\n<div class='aiseo-faq-section' style='margin-top:30px; border-top:1px solid #eee; padding-top:20px;'>\n<h3>Domande Frequenti<\/h3>\n<details style='margin-bottom:10px; padding:10px; background:#f9f9f9; border-radius:5px;'>\n<summary style='font-weight:bold; cursor:pointer;'>Qual \u00e8 la dimensione della scatola?<\/summary>\n<div style='margin-top:10px; color:#555;'>La scatola ha dimensioni 34x24x6cm, come indicato nella descrizione.<\/div>\n<\/details>\n<details style='margin-bottom:10px; padding:10px; background:#f9f9f9; border-radius:5px;'>\n<summary style='font-weight:bold; cursor:pointer;'>\u00c8 adatto per i viaggi?<\/summary>\n<div style='margin-top:10px; color:#555;'>S\u00ec, \u00e8 portatile e offre un facile trasporto, ideale per viaggi o uso domestico.<\/div>\n<\/details>\n<details style='margin-bottom:10px; padding:10px; background:#f9f9f9; border-radius:5px;'>\n<summary style='font-weight:bold; cursor:pointer;'>Qual \u00e8 il vantaggio di giocare con questo set?<\/summary>\n<div style='margin-top:10px; color:#555;'>Incoraggia l&#8217;immaginazione e lo sviluppo delle abilit\u00e0 sociali attraverso il gioco.<\/div>\n<\/details>\n<\/div>\n","protected":false},"excerpt":{"rendered":"<p>34x24x6cm Domande Frequenti Qual \u00e8 la dimensione della scatola? La scatola ha dimensioni 34x24x6cm, come indicato nella descrizione. \u00c8 adatto per i viaggi? S\u00ec, \u00e8 portatile e offre un facile trasporto, ideale per viaggi o uso domestico. Qual \u00e8 il vantaggio di giocare con questo set? Incoraggia l&#8217;immaginazione e lo sviluppo delle abilit\u00e0 sociali attraverso [&hellip;]<\/p>\n","protected":false},"featured_media":22805,"comment_status":"closed","ping_status":"open","template":"","meta":[],"product_brand":[],"product_cat":[],"product_tag":[15],"class_list":{"0":"post-5316465","1":"product","2":"type-product","3":"status-publish","4":"has-post-thumbnail","6":"product_tag-uncategorized","8":"first","9":"onbackorder","10":"purchasable","11":"product-type-simple"},"jetpack_sharing_enabled":true,"_links":{"self":[{"href":"https:\/\/gadgettravellers.eu\/it\/wp-json\/wp\/v2\/product\/5316465","targetHints":{"allow":["GET"]}}],"collection":[{"href":"https:\/\/gadgettravellers.eu\/it\/wp-json\/wp\/v2\/product"}],"about":[{"href":"https:\/\/gadgettravellers.eu\/it\/wp-json\/wp\/v2\/types\/product"}],"replies":[{"embeddable":true,"href":"https:\/\/gadgettravellers.eu\/it\/wp-json\/wp\/v2\/comments?post=5316465"}],"wp:featuredmedia":[{"embeddable":true,"href":"https:\/\/gadgettravellers.eu\/it\/wp-json\/wp\/v2\/media\/22805"}],"wp:attachment":[{"href":"https:\/\/gadgettravellers.eu\/it\/wp-json\/wp\/v2\/media?parent=5316465"}],"wp:term":[{"taxonomy":"product_brand","embeddable":true,"href":"https:\/\/gadgettravellers.eu\/it\/wp-json\/wp\/v2\/product_brand?post=5316465"},{"taxonomy":"product_cat","embeddable":true,"href":"https:\/\/gadgettravellers.eu\/it\/wp-json\/wp\/v2\/product_cat?post=5316465"},{"taxonomy":"product_tag","embeddable":true,"href":"https:\/\/gadgettravellers.eu\/it\/wp-json\/wp\/v2\/product_tag?post=5316465"}],"curies":[{"name":"wp","href":"https:\/\/api.w.org\/{rel}","templated":true}]}}