{"id":5316468,"date":"2026-01-19T14:38:30","date_gmt":"2026-01-19T12:38:30","guid":{"rendered":"https:\/\/gadgettravellers.eu\/shop\/set-di-pulizia-in-cartella-26x60x7cm-toymarkt-971272\/"},"modified":"2026-04-15T22:32:30","modified_gmt":"2026-04-15T20:32:30","slug":"set-di-pulizia-in-cartella-26x60x7cm-toymarkt-971272","status":"publish","type":"product","link":"https:\/\/gadgettravellers.eu\/it\/shop\/set-di-pulizia-in-cartella-26x60x7cm-toymarkt-971272\/","title":{"rendered":"Set di Pulizia in Cartella 26x60x7cm ToyMarkt 971272"},"content":{"rendered":"<p>26x60x7cm<\/p>\n<div class='aiseo-faq-section' style='margin-top:30px; border-top:1px solid #eee; padding-top:20px;'>\n<h3>Domande Frequenti<\/h3>\n<details style='margin-bottom:10px; padding:10px; background:#f9f9f9; border-radius:5px;'>\n<summary style='font-weight:bold; cursor:pointer;'>Quali sono le dimensioni del set?<\/summary>\n<div style='margin-top:10px; color:#555;'>Le dimensioni della scheda sono 26x60x7 cm.<\/div>\n<\/details>\n<details style='margin-bottom:10px; padding:10px; background:#f9f9f9; border-radius:5px;'>\n<summary style='font-weight:bold; cursor:pointer;'>Per quali usi \u00e8 destinato il prodotto?<\/summary>\n<div style='margin-top:10px; color:#555;'>\u00c8 destinato a una pulizia rapida e pratica di piccole superfici a casa, in ufficio o durante il viaggio.<\/div>\n<\/details>\n<details style='margin-bottom:10px; padding:10px; background:#f9f9f9; border-radius:5px;'>\n<summary style='font-weight:bold; cursor:pointer;'>Ha un foro per appendere per la conservazione?<\/summary>\n<div style='margin-top:10px; color:#555;'>S\u00ec, la confezione su cartoncino ha un foro per l&#8217;appendimento per una facile conservazione ed esposizione sullo scaffale.<\/div>\n<\/details>\n<details style='margin-bottom:10px; padding:10px; background:#f9f9f9; border-radius:5px;'>\n<summary style='font-weight:bold; cursor:pointer;'>\u00c8 adatto per l&#8217;uso quotidiano?<\/summary>\n<div style='margin-top:10px; color:#555;'>S\u00ec, \u00e8 ideale per l&#8217;uso quotidiano quando \u00e8 necessaria una soluzione di pulizia piccola e compatta.<\/div>\n<\/details>\n<\/div>\n","protected":false},"excerpt":{"rendered":"<p>26x60x7cm Domande Frequenti Quali sono le dimensioni del set? Le dimensioni della scheda sono 26x60x7 cm. Per quali usi \u00e8 destinato il prodotto? \u00c8 destinato a una pulizia rapida e pratica di piccole superfici a casa, in ufficio o durante il viaggio. Ha un foro per appendere per la conservazione? S\u00ec, la confezione su cartoncino [&hellip;]<\/p>\n","protected":false},"featured_media":5181077,"comment_status":"closed","ping_status":"open","template":"","meta":[],"product_brand":[],"product_cat":[],"product_tag":[15],"class_list":{"0":"post-5316468","1":"product","2":"type-product","3":"status-publish","4":"has-post-thumbnail","6":"product_tag-uncategorized","8":"first","9":"onbackorder","10":"purchasable","11":"product-type-simple"},"jetpack_sharing_enabled":true,"_links":{"self":[{"href":"https:\/\/gadgettravellers.eu\/it\/wp-json\/wp\/v2\/product\/5316468","targetHints":{"allow":["GET"]}}],"collection":[{"href":"https:\/\/gadgettravellers.eu\/it\/wp-json\/wp\/v2\/product"}],"about":[{"href":"https:\/\/gadgettravellers.eu\/it\/wp-json\/wp\/v2\/types\/product"}],"replies":[{"embeddable":true,"href":"https:\/\/gadgettravellers.eu\/it\/wp-json\/wp\/v2\/comments?post=5316468"}],"wp:featuredmedia":[{"embeddable":true,"href":"https:\/\/gadgettravellers.eu\/it\/wp-json\/wp\/v2\/media\/5181077"}],"wp:attachment":[{"href":"https:\/\/gadgettravellers.eu\/it\/wp-json\/wp\/v2\/media?parent=5316468"}],"wp:term":[{"taxonomy":"product_brand","embeddable":true,"href":"https:\/\/gadgettravellers.eu\/it\/wp-json\/wp\/v2\/product_brand?post=5316468"},{"taxonomy":"product_cat","embeddable":true,"href":"https:\/\/gadgettravellers.eu\/it\/wp-json\/wp\/v2\/product_cat?post=5316468"},{"taxonomy":"product_tag","embeddable":true,"href":"https:\/\/gadgettravellers.eu\/it\/wp-json\/wp\/v2\/product_tag?post=5316468"}],"curies":[{"name":"wp","href":"https:\/\/api.w.org\/{rel}","templated":true}]}}