{"id":5316506,"date":"2026-01-19T14:39:03","date_gmt":"2026-01-19T12:39:03","guid":{"rendered":"https:\/\/gadgettravellers.eu\/shop\/casetta-bambolina-71-pezzi-brilla-al-buio-23x19x7cm-toymarkt-971312\/"},"modified":"2026-04-22T22:48:10","modified_gmt":"2026-04-22T20:48:10","slug":"casetta-bambolina-71-pezzi-brilla-al-buio-23x19x7cm-toymarkt-971312","status":"publish","type":"product","link":"https:\/\/gadgettravellers.eu\/it\/shop\/casetta-bambolina-71-pezzi-brilla-al-buio-23x19x7cm-toymarkt-971312\/","title":{"rendered":"Casetta &#038; Bambolina, 71 pezzi, Brilla al Buio 23x19x7cm ToyMarkt 971312"},"content":{"rendered":"<p>Casetta 42x25x14cm, brilla al buio 23x19x7cm<\/p>\n<div class='aiseo-faq-section' style='margin-top:30px; border-top:1px solid #eee; padding-top:20px;'>\n<h3>Domande Frequenti<\/h3>\n<details style='margin-bottom:10px; padding:10px; background:#f9f9f9; border-radius:5px;'>\n<summary style='font-weight:bold; cursor:pointer;'>Quanti pezzi include il set?<\/summary>\n<div style='margin-top:10px; color:#555;'>Il set include 71 pezzi.<\/div>\n<\/details>\n<details style='margin-bottom:10px; padding:10px; background:#f9f9f9; border-radius:5px;'>\n<summary style='font-weight:bold; cursor:pointer;'>Quali dimensioni sono indicate per la casetta?<\/summary>\n<div style='margin-top:10px; color:#555;'>Nella descrizione \u00e8 indicato 42x25x14 cm, mentre nella descrizione breve e nel nome \u00e8 indicato 23x19x7 cm.<\/div>\n<\/details>\n<details style='margin-bottom:10px; padding:10px; background:#f9f9f9; border-radius:5px;'>\n<summary style='font-weight:bold; cursor:pointer;'>Il set brilla al buio?<\/summary>\n<div style='margin-top:10px; color:#555;'>S\u00ec, il set contiene elementi che brillano al buio.<\/div>\n<\/details>\n<details style='margin-bottom:10px; padding:10px; background:#f9f9f9; border-radius:5px;'>\n<summary style='font-weight:bold; cursor:pointer;'>Di quale materiale \u00e8 fatto?<\/summary>\n<div style='margin-top:10px; color:#555;'>\u00c8 realizzato in plastica sicura.<\/div>\n<\/details>\n<\/div>\n","protected":false},"excerpt":{"rendered":"<p>Casetta 42x25x14cm, brilla al buio 23x19x7cm Domande Frequenti Quanti pezzi include il set? Il set include 71 pezzi. Quali dimensioni sono indicate per la casetta? Nella descrizione \u00e8 indicato 42x25x14 cm, mentre nella descrizione breve e nel nome \u00e8 indicato 23x19x7 cm. Il set brilla al buio? S\u00ec, il set contiene elementi che brillano al [&hellip;]<\/p>\n","protected":false},"featured_media":5029009,"comment_status":"closed","ping_status":"open","template":"","meta":[],"product_brand":[],"product_cat":[],"product_tag":[15],"class_list":{"0":"post-5316506","1":"product","2":"type-product","3":"status-publish","4":"has-post-thumbnail","6":"product_tag-uncategorized","8":"first","9":"onbackorder","10":"purchasable","11":"product-type-simple"},"jetpack_sharing_enabled":true,"_links":{"self":[{"href":"https:\/\/gadgettravellers.eu\/it\/wp-json\/wp\/v2\/product\/5316506","targetHints":{"allow":["GET"]}}],"collection":[{"href":"https:\/\/gadgettravellers.eu\/it\/wp-json\/wp\/v2\/product"}],"about":[{"href":"https:\/\/gadgettravellers.eu\/it\/wp-json\/wp\/v2\/types\/product"}],"replies":[{"embeddable":true,"href":"https:\/\/gadgettravellers.eu\/it\/wp-json\/wp\/v2\/comments?post=5316506"}],"wp:featuredmedia":[{"embeddable":true,"href":"https:\/\/gadgettravellers.eu\/it\/wp-json\/wp\/v2\/media\/5029009"}],"wp:attachment":[{"href":"https:\/\/gadgettravellers.eu\/it\/wp-json\/wp\/v2\/media?parent=5316506"}],"wp:term":[{"taxonomy":"product_brand","embeddable":true,"href":"https:\/\/gadgettravellers.eu\/it\/wp-json\/wp\/v2\/product_brand?post=5316506"},{"taxonomy":"product_cat","embeddable":true,"href":"https:\/\/gadgettravellers.eu\/it\/wp-json\/wp\/v2\/product_cat?post=5316506"},{"taxonomy":"product_tag","embeddable":true,"href":"https:\/\/gadgettravellers.eu\/it\/wp-json\/wp\/v2\/product_tag?post=5316506"}],"curies":[{"name":"wp","href":"https:\/\/api.w.org\/{rel}","templated":true}]}}