{"id":5316507,"date":"2026-01-19T14:39:03","date_gmt":"2026-01-19T12:39:03","guid":{"rendered":"https:\/\/gadgettravellers.eu\/shop\/carrozza-fashion-36x19x11cm-toymarkt-971313\/"},"modified":"2026-04-22T22:48:10","modified_gmt":"2026-04-22T20:48:10","slug":"carrozza-fashion-36x19x11cm-toymarkt-971313","status":"publish","type":"product","link":"https:\/\/gadgettravellers.eu\/it\/shop\/carrozza-fashion-36x19x11cm-toymarkt-971313\/","title":{"rendered":"Carrozza Fashion 36x19x11cm ToyMarkt 971313"},"content":{"rendered":"<p>36x19x11cm<\/p>\n<div class='aiseo-faq-section' style='margin-top:30px; border-top:1px solid #eee; padding-top:20px;'>\n<h3>Domande Frequenti<\/h3>\n<details style='margin-bottom:10px; padding:10px; background:#f9f9f9; border-radius:5px;'>\n<summary style='font-weight:bold; cursor:pointer;'>Quali sono le dimensioni della carrozza?<\/summary>\n<div style='margin-top:10px; color:#555;'>36x19x11 cm<\/div>\n<\/details>\n<details style='margin-bottom:10px; padding:10px; background:#f9f9f9; border-radius:5px;'>\n<summary style='font-weight:bold; cursor:pointer;'>Per quali bambole \u00e8 adatto?<\/summary>\n<div style='margin-top:10px; color:#555;'>Progettato per piccole bambole e trasporti nel contesto del gioco di ruolo.<\/div>\n<\/details>\n<details style='margin-bottom:10px; padding:10px; background:#f9f9f9; border-radius:5px;'>\n<summary style='font-weight:bold; cursor:pointer;'>I bambini possono maneggiarla facilmente?<\/summary>\n<div style='margin-top:10px; color:#555;'>S\u00ec \u2014 \u00e8 leggera e portatile, offrendo una facile maneggevolezza per i bambini.<\/div>\n<\/details>\n<details style='margin-bottom:10px; padding:10px; background:#f9f9f9; border-radius:5px;'>\n<summary style='font-weight:bold; cursor:pointer;'>\u00c8 adatto come regalo?<\/summary>\n<div style='margin-top:10px; color:#555;'>S\u00ec, \u00e8 ideale come regalo per le et\u00e0 pi\u00f9 piccole e come complemento alle collezioni di bambole.<\/div>\n<\/details>\n<\/div>\n","protected":false},"excerpt":{"rendered":"<p>36x19x11cm Domande Frequenti Quali sono le dimensioni della carrozza? 36x19x11 cm Per quali bambole \u00e8 adatto? Progettato per piccole bambole e trasporti nel contesto del gioco di ruolo. I bambini possono maneggiarla facilmente? S\u00ec \u2014 \u00e8 leggera e portatile, offrendo una facile maneggevolezza per i bambini. \u00c8 adatto come regalo? S\u00ec, \u00e8 ideale come regalo [&hellip;]<\/p>\n","protected":false},"featured_media":5029013,"comment_status":"closed","ping_status":"open","template":"","meta":[],"product_brand":[],"product_cat":[],"product_tag":[15],"class_list":{"0":"post-5316507","1":"product","2":"type-product","3":"status-publish","4":"has-post-thumbnail","6":"product_tag-uncategorized","8":"first","9":"onbackorder","10":"purchasable","11":"product-type-simple"},"jetpack_sharing_enabled":true,"_links":{"self":[{"href":"https:\/\/gadgettravellers.eu\/it\/wp-json\/wp\/v2\/product\/5316507","targetHints":{"allow":["GET"]}}],"collection":[{"href":"https:\/\/gadgettravellers.eu\/it\/wp-json\/wp\/v2\/product"}],"about":[{"href":"https:\/\/gadgettravellers.eu\/it\/wp-json\/wp\/v2\/types\/product"}],"replies":[{"embeddable":true,"href":"https:\/\/gadgettravellers.eu\/it\/wp-json\/wp\/v2\/comments?post=5316507"}],"wp:featuredmedia":[{"embeddable":true,"href":"https:\/\/gadgettravellers.eu\/it\/wp-json\/wp\/v2\/media\/5029013"}],"wp:attachment":[{"href":"https:\/\/gadgettravellers.eu\/it\/wp-json\/wp\/v2\/media?parent=5316507"}],"wp:term":[{"taxonomy":"product_brand","embeddable":true,"href":"https:\/\/gadgettravellers.eu\/it\/wp-json\/wp\/v2\/product_brand?post=5316507"},{"taxonomy":"product_cat","embeddable":true,"href":"https:\/\/gadgettravellers.eu\/it\/wp-json\/wp\/v2\/product_cat?post=5316507"},{"taxonomy":"product_tag","embeddable":true,"href":"https:\/\/gadgettravellers.eu\/it\/wp-json\/wp\/v2\/product_tag?post=5316507"}],"curies":[{"name":"wp","href":"https:\/\/api.w.org\/{rel}","templated":true}]}}