{"id":5316510,"date":"2026-01-19T14:39:05","date_gmt":"2026-01-19T12:39:05","guid":{"rendered":"https:\/\/gadgettravellers.eu\/shop\/set-di-posate-da-cucina-e-bambola-22x28x6cm-toymarkt-971316\/"},"modified":"2026-04-14T02:49:14","modified_gmt":"2026-04-14T00:49:14","slug":"set-di-posate-da-cucina-e-bambola-22x28x6cm-toymarkt-971316","status":"publish","type":"product","link":"https:\/\/gadgettravellers.eu\/it\/shop\/set-di-posate-da-cucina-e-bambola-22x28x6cm-toymarkt-971316\/","title":{"rendered":"Set di posate da cucina e bambola 22x28x6cm ToyMarkt 971316"},"content":{"rendered":"<p>22x28x6cm<\/p>\n<div class='aiseo-faq-section' style='margin-top:30px; border-top:1px solid #eee; padding-top:20px;'>\n<h3>Domande Frequenti<\/h3>\n<details style='margin-bottom:10px; padding:10px; background:#f9f9f9; border-radius:5px;'>\n<summary style='font-weight:bold; cursor:pointer;'>Di che materiale \u00e8 realizzato il set?<\/summary>\n<div style='margin-top:10px; color:#555;'>Realizzato in plastica resistente per l&#8217;uso quotidiano e facile da pulire.<\/div>\n<\/details>\n<details style='margin-bottom:10px; padding:10px; background:#f9f9f9; border-radius:5px;'>\n<summary style='font-weight:bold; cursor:pointer;'>Quali sono le dimensioni del set?<\/summary>\n<div style='margin-top:10px; color:#555;'>Le dimensioni sono 22x28x6 cm.<\/div>\n<\/details>\n<details style='margin-bottom:10px; padding:10px; background:#f9f9f9; border-radius:5px;'>\n<summary style='font-weight:bold; cursor:pointer;'>\u00c8 adatto per il gioco di ruolo e la casa delle bambole?<\/summary>\n<div style='margin-top:10px; color:#555;'>S\u00ec, il set \u00e8 ideale per il gioco di ruolo e l&#8217;uso in una casa delle bambole.<\/div>\n<\/details>\n<details style='margin-bottom:10px; padding:10px; background:#f9f9f9; border-radius:5px;'>\n<summary style='font-weight:bold; cursor:pointer;'>\u00c8 facile da trasportare?<\/summary>\n<div style='margin-top:10px; color:#555;'>S\u00ec, \u00e8 leggero e facile da trasportare.<\/div>\n<\/details>\n<\/div>\n","protected":false},"excerpt":{"rendered":"<p>22x28x6cm Domande Frequenti Di che materiale \u00e8 realizzato il set? Realizzato in plastica resistente per l&#8217;uso quotidiano e facile da pulire. Quali sono le dimensioni del set? Le dimensioni sono 22x28x6 cm. \u00c8 adatto per il gioco di ruolo e la casa delle bambole? S\u00ec, il set \u00e8 ideale per il gioco di ruolo e [&hellip;]<\/p>\n","protected":false},"featured_media":5029025,"comment_status":"closed","ping_status":"open","template":"","meta":[],"product_brand":[],"product_cat":[],"product_tag":[15],"class_list":{"0":"post-5316510","1":"product","2":"type-product","3":"status-publish","4":"has-post-thumbnail","6":"product_tag-uncategorized","8":"first","9":"onbackorder","10":"purchasable","11":"product-type-simple"},"jetpack_sharing_enabled":true,"_links":{"self":[{"href":"https:\/\/gadgettravellers.eu\/it\/wp-json\/wp\/v2\/product\/5316510","targetHints":{"allow":["GET"]}}],"collection":[{"href":"https:\/\/gadgettravellers.eu\/it\/wp-json\/wp\/v2\/product"}],"about":[{"href":"https:\/\/gadgettravellers.eu\/it\/wp-json\/wp\/v2\/types\/product"}],"replies":[{"embeddable":true,"href":"https:\/\/gadgettravellers.eu\/it\/wp-json\/wp\/v2\/comments?post=5316510"}],"wp:featuredmedia":[{"embeddable":true,"href":"https:\/\/gadgettravellers.eu\/it\/wp-json\/wp\/v2\/media\/5029025"}],"wp:attachment":[{"href":"https:\/\/gadgettravellers.eu\/it\/wp-json\/wp\/v2\/media?parent=5316510"}],"wp:term":[{"taxonomy":"product_brand","embeddable":true,"href":"https:\/\/gadgettravellers.eu\/it\/wp-json\/wp\/v2\/product_brand?post=5316510"},{"taxonomy":"product_cat","embeddable":true,"href":"https:\/\/gadgettravellers.eu\/it\/wp-json\/wp\/v2\/product_cat?post=5316510"},{"taxonomy":"product_tag","embeddable":true,"href":"https:\/\/gadgettravellers.eu\/it\/wp-json\/wp\/v2\/product_tag?post=5316510"}],"curies":[{"name":"wp","href":"https:\/\/api.w.org\/{rel}","templated":true}]}}