{"id":5316529,"date":"2026-01-19T14:39:18","date_gmt":"2026-01-19T12:39:18","guid":{"rendered":"https:\/\/gadgettravellers.eu\/shop\/pet-coniglio-in-borsa-da-viaggio-29x18x13cm-toymarkt-971334\/"},"modified":"2026-04-22T22:48:20","modified_gmt":"2026-04-22T20:48:20","slug":"pet-coniglio-in-borsa-da-viaggio-29x18x13cm-toymarkt-971334","status":"publish","type":"product","link":"https:\/\/gadgettravellers.eu\/it\/shop\/pet-coniglio-in-borsa-da-viaggio-29x18x13cm-toymarkt-971334\/","title":{"rendered":"Pet Coniglio in Borsa da Viaggio 29x18x13cm ToyMarkt 971334"},"content":{"rendered":"<p>29x18x13cm<\/p>\n<div class='aiseo-faq-section' style='margin-top:30px; border-top:1px solid #eee; padding-top:20px;'>\n<h3>Domande Frequenti<\/h3>\n<details style='margin-bottom:10px; padding:10px; background:#f9f9f9; border-radius:5px;'>\n<summary style='font-weight:bold; cursor:pointer;'>Quali sono le dimensioni del coniglio in borsa?<\/summary>\n<div style='margin-top:10px; color:#555;'>Le dimensioni sono 29x18x13 cm.<\/div>\n<\/details>\n<details style='margin-bottom:10px; padding:10px; background:#f9f9f9; border-radius:5px;'>\n<summary style='font-weight:bold; cursor:pointer;'>\u00c8 adatto per i viaggi?<\/summary>\n<div style='margin-top:10px; color:#555;'>S\u00ec, \u00e8 progettato per un facile trasporto e una conservazione sicura, ideale per viaggi e visite.<\/div>\n<\/details>\n<details style='margin-bottom:10px; padding:10px; background:#f9f9f9; border-radius:5px;'>\n<summary style='font-weight:bold; cursor:pointer;'>Pu\u00f2 essere usato come regalo per bambini?<\/summary>\n<div style='margin-top:10px; color:#555;'>S\u00ec, \u00e8 visivamente attraente e pratico, rendendolo un regalo ideale per i bambini.<\/div>\n<\/details>\n<details style='margin-bottom:10px; padding:10px; background:#f9f9f9; border-radius:5px;'>\n<summary style='font-weight:bold; cursor:pointer;'>Risparmia spazio nella valigia o nello zaino?<\/summary>\n<div style='margin-top:10px; color:#555;'>S\u00ec, la borsa offre protezione e risparmio di spazio durante il trasporto.<\/div>\n<\/details>\n<\/div>\n","protected":false},"excerpt":{"rendered":"<p>29x18x13cm Domande Frequenti Quali sono le dimensioni del coniglio in borsa? Le dimensioni sono 29x18x13 cm. \u00c8 adatto per i viaggi? S\u00ec, \u00e8 progettato per un facile trasporto e una conservazione sicura, ideale per viaggi e visite. Pu\u00f2 essere usato come regalo per bambini? S\u00ec, \u00e8 visivamente attraente e pratico, rendendolo un regalo ideale per [&hellip;]<\/p>\n","protected":false},"featured_media":5181111,"comment_status":"closed","ping_status":"open","template":"","meta":[],"product_brand":[],"product_cat":[],"product_tag":[15],"class_list":{"0":"post-5316529","1":"product","2":"type-product","3":"status-publish","4":"has-post-thumbnail","6":"product_tag-uncategorized","8":"first","9":"onbackorder","10":"purchasable","11":"product-type-simple"},"jetpack_sharing_enabled":true,"_links":{"self":[{"href":"https:\/\/gadgettravellers.eu\/it\/wp-json\/wp\/v2\/product\/5316529","targetHints":{"allow":["GET"]}}],"collection":[{"href":"https:\/\/gadgettravellers.eu\/it\/wp-json\/wp\/v2\/product"}],"about":[{"href":"https:\/\/gadgettravellers.eu\/it\/wp-json\/wp\/v2\/types\/product"}],"replies":[{"embeddable":true,"href":"https:\/\/gadgettravellers.eu\/it\/wp-json\/wp\/v2\/comments?post=5316529"}],"wp:featuredmedia":[{"embeddable":true,"href":"https:\/\/gadgettravellers.eu\/it\/wp-json\/wp\/v2\/media\/5181111"}],"wp:attachment":[{"href":"https:\/\/gadgettravellers.eu\/it\/wp-json\/wp\/v2\/media?parent=5316529"}],"wp:term":[{"taxonomy":"product_brand","embeddable":true,"href":"https:\/\/gadgettravellers.eu\/it\/wp-json\/wp\/v2\/product_brand?post=5316529"},{"taxonomy":"product_cat","embeddable":true,"href":"https:\/\/gadgettravellers.eu\/it\/wp-json\/wp\/v2\/product_cat?post=5316529"},{"taxonomy":"product_tag","embeddable":true,"href":"https:\/\/gadgettravellers.eu\/it\/wp-json\/wp\/v2\/product_tag?post=5316529"}],"curies":[{"name":"wp","href":"https:\/\/api.w.org\/{rel}","templated":true}]}}