{"id":5316532,"date":"2026-01-19T14:39:21","date_gmt":"2026-01-19T12:39:21","guid":{"rendered":"https:\/\/gadgettravellers.eu\/shop\/piccolo-castello-wonderful-castle-20x18x6cm-toymarkt-971337\/"},"modified":"2026-04-22T22:48:21","modified_gmt":"2026-04-22T20:48:21","slug":"piccolo-castello-wonderful-castle-20x18x6cm-toymarkt-971337","status":"publish","type":"product","link":"https:\/\/gadgettravellers.eu\/it\/shop\/piccolo-castello-wonderful-castle-20x18x6cm-toymarkt-971337\/","title":{"rendered":"Piccolo Castello Wonderful Castle 20x18x6cm ToyMarkt 971337"},"content":{"rendered":"<p>20x18x6cm<\/p>\n<div class='aiseo-faq-section' style='margin-top:30px; border-top:1px solid #eee; padding-top:20px;'>\n<h3>Domande Frequenti<\/h3>\n<details style='margin-bottom:10px; padding:10px; background:#f9f9f9; border-radius:5px;'>\n<summary style='font-weight:bold; cursor:pointer;'>Quali sono le dimensioni del prodotto?<\/summary>\n<div style='margin-top:10px; color:#555;'>Le dimensioni sono 20x18x6 cm.<\/div>\n<\/details>\n<details style='margin-bottom:10px; padding:10px; background:#f9f9f9; border-radius:5px;'>\n<summary style='font-weight:bold; cursor:pointer;'>Dove pu\u00f2 essere utilizzato il castello?<\/summary>\n<div style='margin-top:10px; color:#555;'>\u00c8 adatto per ambienti interni, come camere dei bambini, tavoli o scaffali.<\/div>\n<\/details>\n<details style='margin-bottom:10px; padding:10px; background:#f9f9f9; border-radius:5px;'>\n<summary style='font-weight:bold; cursor:pointer;'>\u00c8 facile da trasportare e installare?<\/summary>\n<div style='margin-top:10px; color:#555;'>S\u00ec, \u00e8 leggero e compatto, facile da trasportare e da posizionare.<\/div>\n<\/details>\n<details style='margin-bottom:10px; padding:10px; background:#f9f9f9; border-radius:5px;'>\n<summary style='font-weight:bold; cursor:pointer;'>Pu\u00f2 essere offerto come regalo?<\/summary>\n<div style='margin-top:10px; color:#555;'>S\u00ec, \u00e8 ideale come regalo originale per eventi e feste.<\/div>\n<\/details>\n<\/div>\n","protected":false},"excerpt":{"rendered":"<p>20x18x6cm Domande Frequenti Quali sono le dimensioni del prodotto? Le dimensioni sono 20x18x6 cm. Dove pu\u00f2 essere utilizzato il castello? \u00c8 adatto per ambienti interni, come camere dei bambini, tavoli o scaffali. \u00c8 facile da trasportare e installare? S\u00ec, \u00e8 leggero e compatto, facile da trasportare e da posizionare. Pu\u00f2 essere offerto come regalo? S\u00ec, [&hellip;]<\/p>\n","protected":false},"featured_media":5181123,"comment_status":"closed","ping_status":"open","template":"","meta":[],"product_brand":[],"product_cat":[],"product_tag":[15],"class_list":{"0":"post-5316532","1":"product","2":"type-product","3":"status-publish","4":"has-post-thumbnail","6":"product_tag-uncategorized","8":"first","9":"onbackorder","10":"purchasable","11":"product-type-simple"},"jetpack_sharing_enabled":true,"_links":{"self":[{"href":"https:\/\/gadgettravellers.eu\/it\/wp-json\/wp\/v2\/product\/5316532","targetHints":{"allow":["GET"]}}],"collection":[{"href":"https:\/\/gadgettravellers.eu\/it\/wp-json\/wp\/v2\/product"}],"about":[{"href":"https:\/\/gadgettravellers.eu\/it\/wp-json\/wp\/v2\/types\/product"}],"replies":[{"embeddable":true,"href":"https:\/\/gadgettravellers.eu\/it\/wp-json\/wp\/v2\/comments?post=5316532"}],"wp:featuredmedia":[{"embeddable":true,"href":"https:\/\/gadgettravellers.eu\/it\/wp-json\/wp\/v2\/media\/5181123"}],"wp:attachment":[{"href":"https:\/\/gadgettravellers.eu\/it\/wp-json\/wp\/v2\/media?parent=5316532"}],"wp:term":[{"taxonomy":"product_brand","embeddable":true,"href":"https:\/\/gadgettravellers.eu\/it\/wp-json\/wp\/v2\/product_brand?post=5316532"},{"taxonomy":"product_cat","embeddable":true,"href":"https:\/\/gadgettravellers.eu\/it\/wp-json\/wp\/v2\/product_cat?post=5316532"},{"taxonomy":"product_tag","embeddable":true,"href":"https:\/\/gadgettravellers.eu\/it\/wp-json\/wp\/v2\/product_tag?post=5316532"}],"curies":[{"name":"wp","href":"https:\/\/api.w.org\/{rel}","templated":true}]}}