{"id":5316533,"date":"2026-01-19T14:39:21","date_gmt":"2026-01-19T12:39:21","guid":{"rendered":"https:\/\/gadgettravellers.eu\/shop\/carrozza-fantasy-carriage-40x21x13cm-toymarkt-971338\/"},"modified":"2026-04-22T22:48:22","modified_gmt":"2026-04-22T20:48:22","slug":"carrozza-fantasy-carriage-40x21x13cm-toymarkt-971338","status":"publish","type":"product","link":"https:\/\/gadgettravellers.eu\/it\/shop\/carrozza-fantasy-carriage-40x21x13cm-toymarkt-971338\/","title":{"rendered":"Carrozza Fantasy Carriage 40x21x13cm ToyMarkt 971338"},"content":{"rendered":"<p>40x21x13cm<\/p>\n<div class='aiseo-faq-section' style='margin-top:30px; border-top:1px solid #eee; padding-top:20px;'>\n<h3>Domande Frequenti<\/h3>\n<details style='margin-bottom:10px; padding:10px; background:#f9f9f9; border-radius:5px;'>\n<summary style='font-weight:bold; cursor:pointer;'>Quali sono le dimensioni della carrozza?<\/summary>\n<div style='margin-top:10px; color:#555;'>Le dimensioni sono 40x21x13 cm.<\/div>\n<\/details>\n<details style='margin-bottom:10px; padding:10px; background:#f9f9f9; border-radius:5px;'>\n<summary style='font-weight:bold; cursor:pointer;'>Per quale tipo di gioco \u00e8 progettata?<\/summary>\n<div style='margin-top:10px; color:#555;'>\u00c8 progettata per il gioco con bambole e attivit\u00e0 di fantasia\/gioco di ruolo.<\/div>\n<\/details>\n<details style='margin-bottom:10px; padding:10px; background:#f9f9f9; border-radius:5px;'>\n<summary style='font-weight:bold; cursor:pointer;'>\u00c8 facile trasportare la bambola?<\/summary>\n<div style='margin-top:10px; color:#555;'>S\u00ec, \u00e8 leggera e stabile e offre facilit\u00e0 nel trasportare la bambola.<\/div>\n<\/details>\n<details style='margin-bottom:10px; padding:10px; background:#f9f9f9; border-radius:5px;'>\n<summary style='font-weight:bold; cursor:pointer;'>Pu\u00f2 essere usato come regalo?<\/summary>\n<div style='margin-top:10px; color:#555;'>S\u00ec, \u00e8 ideale come regalo di compleanno o per le feste per i bambini che giocano con le bambole.<\/div>\n<\/details>\n<\/div>\n","protected":false},"excerpt":{"rendered":"<p>40x21x13cm Domande Frequenti Quali sono le dimensioni della carrozza? Le dimensioni sono 40x21x13 cm. Per quale tipo di gioco \u00e8 progettata? \u00c8 progettata per il gioco con bambole e attivit\u00e0 di fantasia\/gioco di ruolo. \u00c8 facile trasportare la bambola? S\u00ec, \u00e8 leggera e stabile e offre facilit\u00e0 nel trasportare la bambola. Pu\u00f2 essere usato come [&hellip;]<\/p>\n","protected":false},"featured_media":5181130,"comment_status":"closed","ping_status":"open","template":"","meta":[],"product_brand":[],"product_cat":[],"product_tag":[15],"class_list":{"0":"post-5316533","1":"product","2":"type-product","3":"status-publish","4":"has-post-thumbnail","6":"product_tag-uncategorized","8":"first","9":"onbackorder","10":"purchasable","11":"product-type-simple"},"jetpack_sharing_enabled":true,"_links":{"self":[{"href":"https:\/\/gadgettravellers.eu\/it\/wp-json\/wp\/v2\/product\/5316533","targetHints":{"allow":["GET"]}}],"collection":[{"href":"https:\/\/gadgettravellers.eu\/it\/wp-json\/wp\/v2\/product"}],"about":[{"href":"https:\/\/gadgettravellers.eu\/it\/wp-json\/wp\/v2\/types\/product"}],"replies":[{"embeddable":true,"href":"https:\/\/gadgettravellers.eu\/it\/wp-json\/wp\/v2\/comments?post=5316533"}],"wp:featuredmedia":[{"embeddable":true,"href":"https:\/\/gadgettravellers.eu\/it\/wp-json\/wp\/v2\/media\/5181130"}],"wp:attachment":[{"href":"https:\/\/gadgettravellers.eu\/it\/wp-json\/wp\/v2\/media?parent=5316533"}],"wp:term":[{"taxonomy":"product_brand","embeddable":true,"href":"https:\/\/gadgettravellers.eu\/it\/wp-json\/wp\/v2\/product_brand?post=5316533"},{"taxonomy":"product_cat","embeddable":true,"href":"https:\/\/gadgettravellers.eu\/it\/wp-json\/wp\/v2\/product_cat?post=5316533"},{"taxonomy":"product_tag","embeddable":true,"href":"https:\/\/gadgettravellers.eu\/it\/wp-json\/wp\/v2\/product_tag?post=5316533"}],"curies":[{"name":"wp","href":"https:\/\/api.w.org\/{rel}","templated":true}]}}