{"id":5316534,"date":"2026-01-19T14:39:22","date_gmt":"2026-01-19T12:39:22","guid":{"rendered":"https:\/\/gadgettravellers.eu\/shop\/carrozza-barca-con-coppia-50x19x11cm-toymarkt-971339\/"},"modified":"2026-04-22T22:48:22","modified_gmt":"2026-04-22T20:48:22","slug":"carrozza-barca-con-coppia-50x19x11cm-toymarkt-971339","status":"publish","type":"product","link":"https:\/\/gadgettravellers.eu\/it\/shop\/carrozza-barca-con-coppia-50x19x11cm-toymarkt-971339\/","title":{"rendered":"Carrozza &#038; Barca con Coppia 50x19x11cm ToyMarkt 971339"},"content":{"rendered":"<p>50x19x11cm<\/p>\n<div class='aiseo-faq-section' style='margin-top:30px; border-top:1px solid #eee; padding-top:20px;'>\n<h3>Domande Frequenti<\/h3>\n<details style='margin-bottom:10px; padding:10px; background:#f9f9f9; border-radius:5px;'>\n<summary style='font-weight:bold; cursor:pointer;'>Di che materiale \u00e8 realizzato il set?<\/summary>\n<div style='margin-top:10px; color:#555;'>Realizzato in plastica resistente e leggera per un gioco sicuro.<\/div>\n<\/details>\n<details style='margin-bottom:10px; padding:10px; background:#f9f9f9; border-radius:5px;'>\n<summary style='font-weight:bold; cursor:pointer;'>Quali sono le dimensioni del set?<\/summary>\n<div style='margin-top:10px; color:#555;'>Le dimensioni sono 50x19x11 cm, come indicato nella descrizione.<\/div>\n<\/details>\n<details style='margin-bottom:10px; padding:10px; background:#f9f9f9; border-radius:5px;'>\n<summary style='font-weight:bold; cursor:pointer;'>Per quale et\u00e0 \u00e8 adatto il gioco?<\/summary>\n<div style='margin-top:10px; color:#555;'>\u00c8 adatto per bambini di et\u00e0 pari o superiore a 3 anni.<\/div>\n<\/details>\n<details style='margin-bottom:10px; padding:10px; background:#f9f9f9; border-radius:5px;'>\n<summary style='font-weight:bold; cursor:pointer;'>Pu\u00f2 essere utilizzato sia in ambienti interni che esterni?<\/summary>\n<div style='margin-top:10px; color:#555;'>S\u00ec, il set \u00e8 progettato per giocare sia all&#8217;interno che all&#8217;esterno.<\/div>\n<\/details>\n<\/div>\n","protected":false},"excerpt":{"rendered":"<p>50x19x11cm Domande Frequenti Di che materiale \u00e8 realizzato il set? Realizzato in plastica resistente e leggera per un gioco sicuro. Quali sono le dimensioni del set? Le dimensioni sono 50x19x11 cm, come indicato nella descrizione. Per quale et\u00e0 \u00e8 adatto il gioco? \u00c8 adatto per bambini di et\u00e0 pari o superiore a 3 anni. Pu\u00f2 [&hellip;]<\/p>\n","protected":false},"featured_media":5181134,"comment_status":"closed","ping_status":"open","template":"","meta":[],"product_brand":[],"product_cat":[],"product_tag":[15],"class_list":{"0":"post-5316534","1":"product","2":"type-product","3":"status-publish","4":"has-post-thumbnail","6":"product_tag-uncategorized","8":"first","9":"onbackorder","10":"purchasable","11":"product-type-simple"},"jetpack_sharing_enabled":true,"_links":{"self":[{"href":"https:\/\/gadgettravellers.eu\/it\/wp-json\/wp\/v2\/product\/5316534","targetHints":{"allow":["GET"]}}],"collection":[{"href":"https:\/\/gadgettravellers.eu\/it\/wp-json\/wp\/v2\/product"}],"about":[{"href":"https:\/\/gadgettravellers.eu\/it\/wp-json\/wp\/v2\/types\/product"}],"replies":[{"embeddable":true,"href":"https:\/\/gadgettravellers.eu\/it\/wp-json\/wp\/v2\/comments?post=5316534"}],"wp:featuredmedia":[{"embeddable":true,"href":"https:\/\/gadgettravellers.eu\/it\/wp-json\/wp\/v2\/media\/5181134"}],"wp:attachment":[{"href":"https:\/\/gadgettravellers.eu\/it\/wp-json\/wp\/v2\/media?parent=5316534"}],"wp:term":[{"taxonomy":"product_brand","embeddable":true,"href":"https:\/\/gadgettravellers.eu\/it\/wp-json\/wp\/v2\/product_brand?post=5316534"},{"taxonomy":"product_cat","embeddable":true,"href":"https:\/\/gadgettravellers.eu\/it\/wp-json\/wp\/v2\/product_cat?post=5316534"},{"taxonomy":"product_tag","embeddable":true,"href":"https:\/\/gadgettravellers.eu\/it\/wp-json\/wp\/v2\/product_tag?post=5316534"}],"curies":[{"name":"wp","href":"https:\/\/api.w.org\/{rel}","templated":true}]}}