{"id":5316538,"date":"2026-01-19T14:39:24","date_gmt":"2026-01-19T12:39:24","guid":{"rendered":"https:\/\/gadgettravellers.eu\/shop\/set-da-cucina-nuovo-in-scatola-29x43x7cm-toymarkt-971344\/"},"modified":"2026-04-22T22:48:24","modified_gmt":"2026-04-22T20:48:24","slug":"set-da-cucina-nuovo-in-scatola-29x43x7cm-toymarkt-971344","status":"publish","type":"product","link":"https:\/\/gadgettravellers.eu\/it\/shop\/set-da-cucina-nuovo-in-scatola-29x43x7cm-toymarkt-971344\/","title":{"rendered":"Set da cucina nuovo in Scatola 29x43x7cm ToyMarkt 971344"},"content":{"rendered":"<p>29x43x7cm<\/p>\n<div class='aiseo-faq-section' style='margin-top:30px; border-top:1px solid #eee; padding-top:20px;'>\n<h3>Domande Frequenti<\/h3>\n<details style='margin-bottom:10px; padding:10px; background:#f9f9f9; border-radius:5px;'>\n<summary style='font-weight:bold; cursor:pointer;'>Quali sono le dimensioni della confezione?<\/summary>\n<div style='margin-top:10px; color:#555;'>La scheda ha dimensioni 29x43x7 cm.<\/div>\n<\/details>\n<details style='margin-bottom:10px; padding:10px; background:#f9f9f9; border-radius:5px;'>\n<summary style='font-weight:bold; cursor:pointer;'>\u00c8 adatto come regalo?<\/summary>\n<div style='margin-top:10px; color:#555;'>S\u00ec, il set \u00e8 ideale come regalo per bambini.<\/div>\n<\/details>\n<details style='margin-bottom:10px; padding:10px; background:#f9f9f9; border-radius:5px;'>\n<summary style='font-weight:bold; cursor:pointer;'>\u00c8 facile da conservare e trasportare?<\/summary>\n<div style='margin-top:10px; color:#555;'>S\u00ec, la dimensione compatta lo rende facile da conservare e trasportare.<\/div>\n<\/details>\n<details style='margin-bottom:10px; padding:10px; background:#f9f9f9; border-radius:5px;'>\n<summary style='font-weight:bold; cursor:pointer;'>Pu\u00f2 essere esposto sullo scaffale del negozio?<\/summary>\n<div style='margin-top:10px; color:#555;'>S\u00ec, dispone di una scheda appesa per una facile esposizione sullo scaffale.<\/div>\n<\/details>\n<\/div>\n","protected":false},"excerpt":{"rendered":"<p>29x43x7cm Domande Frequenti Quali sono le dimensioni della confezione? La scheda ha dimensioni 29x43x7 cm. \u00c8 adatto come regalo? S\u00ec, il set \u00e8 ideale come regalo per bambini. \u00c8 facile da conservare e trasportare? S\u00ec, la dimensione compatta lo rende facile da conservare e trasportare. Pu\u00f2 essere esposto sullo scaffale del negozio? S\u00ec, dispone di [&hellip;]<\/p>\n","protected":false},"featured_media":5181157,"comment_status":"closed","ping_status":"open","template":"","meta":[],"product_brand":[],"product_cat":[],"product_tag":[15],"class_list":{"0":"post-5316538","1":"product","2":"type-product","3":"status-publish","4":"has-post-thumbnail","6":"product_tag-uncategorized","8":"first","9":"onbackorder","10":"purchasable","11":"product-type-simple"},"jetpack_sharing_enabled":true,"_links":{"self":[{"href":"https:\/\/gadgettravellers.eu\/it\/wp-json\/wp\/v2\/product\/5316538","targetHints":{"allow":["GET"]}}],"collection":[{"href":"https:\/\/gadgettravellers.eu\/it\/wp-json\/wp\/v2\/product"}],"about":[{"href":"https:\/\/gadgettravellers.eu\/it\/wp-json\/wp\/v2\/types\/product"}],"replies":[{"embeddable":true,"href":"https:\/\/gadgettravellers.eu\/it\/wp-json\/wp\/v2\/comments?post=5316538"}],"wp:featuredmedia":[{"embeddable":true,"href":"https:\/\/gadgettravellers.eu\/it\/wp-json\/wp\/v2\/media\/5181157"}],"wp:attachment":[{"href":"https:\/\/gadgettravellers.eu\/it\/wp-json\/wp\/v2\/media?parent=5316538"}],"wp:term":[{"taxonomy":"product_brand","embeddable":true,"href":"https:\/\/gadgettravellers.eu\/it\/wp-json\/wp\/v2\/product_brand?post=5316538"},{"taxonomy":"product_cat","embeddable":true,"href":"https:\/\/gadgettravellers.eu\/it\/wp-json\/wp\/v2\/product_cat?post=5316538"},{"taxonomy":"product_tag","embeddable":true,"href":"https:\/\/gadgettravellers.eu\/it\/wp-json\/wp\/v2\/product_tag?post=5316538"}],"curies":[{"name":"wp","href":"https:\/\/api.w.org\/{rel}","templated":true}]}}