{"id":5316548,"date":"2026-01-19T14:39:33","date_gmt":"2026-01-19T12:39:33","guid":{"rendered":"https:\/\/gadgettravellers.eu\/shop\/utensili-da-cucina-scheda-23x43cm-toymarkt-97797\/"},"modified":"2026-04-22T22:48:28","modified_gmt":"2026-04-22T20:48:28","slug":"utensili-da-cucina-scheda-23x43cm-toymarkt-97797","status":"publish","type":"product","link":"https:\/\/gadgettravellers.eu\/it\/shop\/utensili-da-cucina-scheda-23x43cm-toymarkt-97797\/","title":{"rendered":"Utensili da cucina Scheda 23x43cm ToyMarkt 97797"},"content":{"rendered":"<p>23x43cm<\/p>\n<div class='aiseo-faq-section' style='margin-top:30px; border-top:1px solid #eee; padding-top:20px;'>\n<h3>Domande Frequenti<\/h3>\n<details style='margin-bottom:10px; padding:10px; background:#f9f9f9; border-radius:5px;'>\n<summary style='font-weight:bold; cursor:pointer;'>Quali sono le dimensioni del prodotto?<\/summary>\n<div style='margin-top:10px; color:#555;'>Le dimensioni sono 23x43cm.<\/div>\n<\/details>\n<details style='margin-bottom:10px; padding:10px; background:#f9f9f9; border-radius:5px;'>\n<summary style='font-weight:bold; cursor:pointer;'>Come si pulisce?<\/summary>\n<div style='margin-top:10px; color:#555;'>Si pulisce facilmente con un panno umido.<\/div>\n<\/details>\n<details style='margin-bottom:10px; padding:10px; background:#f9f9f9; border-radius:5px;'>\n<summary style='font-weight:bold; cursor:pointer;'>Da cosa protegge?<\/summary>\n<div style='margin-top:10px; color:#555;'>Protegge da macchie, graffi e calore.<\/div>\n<\/details>\n<details style='margin-bottom:10px; padding:10px; background:#f9f9f9; border-radius:5px;'>\n<summary style='font-weight:bold; cursor:pointer;'>\u00c8 adatto per l&#8217;uso quotidiano?<\/summary>\n<div style='margin-top:10px; color:#555;'>S\u00ec, \u00e8 progettato per l&#8217;uso quotidiano in cucina e in sala da pranzo.<\/div>\n<\/details>\n<details style='margin-bottom:10px; padding:10px; background:#f9f9f9; border-radius:5px;'>\n<summary style='font-weight:bold; cursor:pointer;'>Pu\u00f2 essere posizionato sotto pentole e piccoli elettrodomestici?<\/summary>\n<div style='margin-top:10px; color:#555;'>S\u00ec, \u00e8 adatto come protezione sotto pentole e piccoli dispositivi.<\/div>\n<\/details>\n<\/div>\n","protected":false},"excerpt":{"rendered":"<p>23x43cm Domande Frequenti Quali sono le dimensioni del prodotto? Le dimensioni sono 23x43cm. Come si pulisce? Si pulisce facilmente con un panno umido. Da cosa protegge? Protegge da macchie, graffi e calore. \u00c8 adatto per l&#8217;uso quotidiano? S\u00ec, \u00e8 progettato per l&#8217;uso quotidiano in cucina e in sala da pranzo. Pu\u00f2 essere posizionato sotto pentole [&hellip;]<\/p>\n","protected":false},"featured_media":22952,"comment_status":"closed","ping_status":"open","template":"","meta":[],"product_brand":[],"product_cat":[],"product_tag":[15],"class_list":{"0":"post-5316548","1":"product","2":"type-product","3":"status-publish","4":"has-post-thumbnail","6":"product_tag-uncategorized","8":"first","9":"onbackorder","10":"purchasable","11":"product-type-simple"},"jetpack_sharing_enabled":true,"_links":{"self":[{"href":"https:\/\/gadgettravellers.eu\/it\/wp-json\/wp\/v2\/product\/5316548","targetHints":{"allow":["GET"]}}],"collection":[{"href":"https:\/\/gadgettravellers.eu\/it\/wp-json\/wp\/v2\/product"}],"about":[{"href":"https:\/\/gadgettravellers.eu\/it\/wp-json\/wp\/v2\/types\/product"}],"replies":[{"embeddable":true,"href":"https:\/\/gadgettravellers.eu\/it\/wp-json\/wp\/v2\/comments?post=5316548"}],"wp:featuredmedia":[{"embeddable":true,"href":"https:\/\/gadgettravellers.eu\/it\/wp-json\/wp\/v2\/media\/22952"}],"wp:attachment":[{"href":"https:\/\/gadgettravellers.eu\/it\/wp-json\/wp\/v2\/media?parent=5316548"}],"wp:term":[{"taxonomy":"product_brand","embeddable":true,"href":"https:\/\/gadgettravellers.eu\/it\/wp-json\/wp\/v2\/product_brand?post=5316548"},{"taxonomy":"product_cat","embeddable":true,"href":"https:\/\/gadgettravellers.eu\/it\/wp-json\/wp\/v2\/product_cat?post=5316548"},{"taxonomy":"product_tag","embeddable":true,"href":"https:\/\/gadgettravellers.eu\/it\/wp-json\/wp\/v2\/product_tag?post=5316548"}],"curies":[{"name":"wp","href":"https:\/\/api.w.org\/{rel}","templated":true}]}}