{"id":5316561,"date":"2026-01-19T14:39:43","date_gmt":"2026-01-19T12:39:43","guid":{"rendered":"https:\/\/gadgettravellers.eu\/shop\/bambino-20cm-batteria-gattona-18x13x8cm-toymarkt-98246\/"},"modified":"2026-04-22T22:48:34","modified_gmt":"2026-04-22T20:48:34","slug":"bambino-20cm-batteria-gattona-18x13x8cm-toymarkt-98246","status":"publish","type":"product","link":"https:\/\/gadgettravellers.eu\/it\/shop\/bambino-20cm-batteria-gattona-18x13x8cm-toymarkt-98246\/","title":{"rendered":"Bambino 20cm Batteria Gattona 18x13x8cm ToyMarkt 98246"},"content":{"rendered":"<p>18x13x8cm<\/p>\n<div class='aiseo-faq-section' style='margin-top:30px; border-top:1px solid #eee; padding-top:20px;'>\n<h3>Domande Frequenti<\/h3>\n<details style='margin-bottom:10px; padding:10px; background:#f9f9f9; border-radius:5px;'>\n<summary style='font-weight:bold; cursor:pointer;'>Funziona a batterie?<\/summary>\n<div style='margin-top:10px; color:#555;'>S\u00ec, il gioco funziona con le batterie.<\/div>\n<\/details>\n<details style='margin-bottom:10px; padding:10px; background:#f9f9f9; border-radius:5px;'>\n<summary style='font-weight:bold; cursor:pointer;'>Quali sono le sue dimensioni?<\/summary>\n<div style='margin-top:10px; color:#555;'>Le dimensioni sono 18x13x8 cm e la lunghezza \u00e8 di circa 20 cm.<\/div>\n<\/details>\n<details style='margin-bottom:10px; padding:10px; background:#f9f9f9; border-radius:5px;'>\n<summary style='font-weight:bold; cursor:pointer;'>Che tipo di movimento ha?<\/summary>\n<div style='margin-top:10px; color:#555;'>Ha parti mobili che creano un movimento realistico e simulano il gattonare.<\/div>\n<\/details>\n<details style='margin-bottom:10px; padding:10px; background:#f9f9f9; border-radius:5px;'>\n<summary style='font-weight:bold; cursor:pointer;'>\u00c8 facile da conservare e da curare?<\/summary>\n<div style='margin-top:10px; color:#555;'>S\u00ec, \u00e8 piccolo e facile da conservare e da curare in modo basilare.<\/div>\n<\/details>\n<\/div>\n","protected":false},"excerpt":{"rendered":"<p>18x13x8cm Domande Frequenti Funziona a batterie? S\u00ec, il gioco funziona con le batterie. Quali sono le sue dimensioni? Le dimensioni sono 18x13x8 cm e la lunghezza \u00e8 di circa 20 cm. Che tipo di movimento ha? Ha parti mobili che creano un movimento realistico e simulano il gattonare. \u00c8 facile da conservare e da curare? [&hellip;]<\/p>\n","protected":false},"featured_media":23067,"comment_status":"closed","ping_status":"open","template":"","meta":[],"product_brand":[],"product_cat":[],"product_tag":[15],"class_list":{"0":"post-5316561","1":"product","2":"type-product","3":"status-publish","4":"has-post-thumbnail","6":"product_tag-uncategorized","8":"first","9":"onbackorder","10":"purchasable","11":"product-type-simple"},"jetpack_sharing_enabled":true,"_links":{"self":[{"href":"https:\/\/gadgettravellers.eu\/it\/wp-json\/wp\/v2\/product\/5316561","targetHints":{"allow":["GET"]}}],"collection":[{"href":"https:\/\/gadgettravellers.eu\/it\/wp-json\/wp\/v2\/product"}],"about":[{"href":"https:\/\/gadgettravellers.eu\/it\/wp-json\/wp\/v2\/types\/product"}],"replies":[{"embeddable":true,"href":"https:\/\/gadgettravellers.eu\/it\/wp-json\/wp\/v2\/comments?post=5316561"}],"wp:featuredmedia":[{"embeddable":true,"href":"https:\/\/gadgettravellers.eu\/it\/wp-json\/wp\/v2\/media\/23067"}],"wp:attachment":[{"href":"https:\/\/gadgettravellers.eu\/it\/wp-json\/wp\/v2\/media?parent=5316561"}],"wp:term":[{"taxonomy":"product_brand","embeddable":true,"href":"https:\/\/gadgettravellers.eu\/it\/wp-json\/wp\/v2\/product_brand?post=5316561"},{"taxonomy":"product_cat","embeddable":true,"href":"https:\/\/gadgettravellers.eu\/it\/wp-json\/wp\/v2\/product_cat?post=5316561"},{"taxonomy":"product_tag","embeddable":true,"href":"https:\/\/gadgettravellers.eu\/it\/wp-json\/wp\/v2\/product_tag?post=5316561"}],"curies":[{"name":"wp","href":"https:\/\/api.w.org\/{rel}","templated":true}]}}