{"id":5316565,"date":"2026-01-19T14:39:46","date_gmt":"2026-01-19T12:39:46","guid":{"rendered":"https:\/\/gadgettravellers.eu\/shop\/bambola-30cm-in-scatola-17x33x9cm-toymarkt-98254\/"},"modified":"2026-04-22T22:48:35","modified_gmt":"2026-04-22T20:48:35","slug":"bambola-30cm-in-scatola-17x33x9cm-toymarkt-98254","status":"publish","type":"product","link":"https:\/\/gadgettravellers.eu\/it\/shop\/bambola-30cm-in-scatola-17x33x9cm-toymarkt-98254\/","title":{"rendered":"Bambola 30cm in Scatola 17x33x9cm ToyMarkt 98254"},"content":{"rendered":"<p>17x33x9cm<\/p>\n<div class='aiseo-faq-section' style='margin-top:30px; border-top:1px solid #eee; padding-top:20px;'>\n<h3>Domande Frequenti<\/h3>\n<details style='margin-bottom:10px; padding:10px; background:#f9f9f9; border-radius:5px;'>\n<summary style='font-weight:bold; cursor:pointer;'>Qual \u00e8 la dimensione della bambola?<\/summary>\n<div style='margin-top:10px; color:#555;'>La bambola \u00e8 lunga 30 cm.<\/div>\n<\/details>\n<details style='margin-bottom:10px; padding:10px; background:#f9f9f9; border-radius:5px;'>\n<summary style='font-weight:bold; cursor:pointer;'>Quali sono le dimensioni della confezione?<\/summary>\n<div style='margin-top:10px; color:#555;'>La scatola ha dimensioni 17x33x9 cm.<\/div>\n<\/details>\n<details style='margin-bottom:10px; padding:10px; background:#f9f9f9; border-radius:5px;'>\n<summary style='font-weight:bold; cursor:pointer;'>Per quali scopi \u00e8 adatta questa bambola?<\/summary>\n<div style='margin-top:10px; color:#555;'>\u00c8 adatta per il gioco di ruolo, le collezioni e come regalo.<\/div>\n<\/details>\n<details style='margin-bottom:10px; padding:10px; background:#f9f9f9; border-radius:5px;'>\n<summary style='font-weight:bold; cursor:pointer;'>La confezione protegge la bambola durante il trasporto?<\/summary>\n<div style='margin-top:10px; color:#555;'>S\u00ec, la confezione compatta a scatola facilita il trasporto sicuro e la conservazione.<\/div>\n<\/details>\n<\/div>\n","protected":false},"excerpt":{"rendered":"<p>17x33x9cm Domande Frequenti Qual \u00e8 la dimensione della bambola? La bambola \u00e8 lunga 30 cm. Quali sono le dimensioni della confezione? La scatola ha dimensioni 17x33x9 cm. Per quali scopi \u00e8 adatta questa bambola? \u00c8 adatta per il gioco di ruolo, le collezioni e come regalo. La confezione protegge la bambola durante il trasporto? S\u00ec, [&hellip;]<\/p>\n","protected":false},"featured_media":23086,"comment_status":"closed","ping_status":"open","template":"","meta":[],"product_brand":[],"product_cat":[],"product_tag":[15],"class_list":{"0":"post-5316565","1":"product","2":"type-product","3":"status-publish","4":"has-post-thumbnail","6":"product_tag-uncategorized","8":"first","9":"onbackorder","10":"purchasable","11":"product-type-simple"},"jetpack_sharing_enabled":true,"_links":{"self":[{"href":"https:\/\/gadgettravellers.eu\/it\/wp-json\/wp\/v2\/product\/5316565","targetHints":{"allow":["GET"]}}],"collection":[{"href":"https:\/\/gadgettravellers.eu\/it\/wp-json\/wp\/v2\/product"}],"about":[{"href":"https:\/\/gadgettravellers.eu\/it\/wp-json\/wp\/v2\/types\/product"}],"replies":[{"embeddable":true,"href":"https:\/\/gadgettravellers.eu\/it\/wp-json\/wp\/v2\/comments?post=5316565"}],"wp:featuredmedia":[{"embeddable":true,"href":"https:\/\/gadgettravellers.eu\/it\/wp-json\/wp\/v2\/media\/23086"}],"wp:attachment":[{"href":"https:\/\/gadgettravellers.eu\/it\/wp-json\/wp\/v2\/media?parent=5316565"}],"wp:term":[{"taxonomy":"product_brand","embeddable":true,"href":"https:\/\/gadgettravellers.eu\/it\/wp-json\/wp\/v2\/product_brand?post=5316565"},{"taxonomy":"product_cat","embeddable":true,"href":"https:\/\/gadgettravellers.eu\/it\/wp-json\/wp\/v2\/product_cat?post=5316565"},{"taxonomy":"product_tag","embeddable":true,"href":"https:\/\/gadgettravellers.eu\/it\/wp-json\/wp\/v2\/product_tag?post=5316565"}],"curies":[{"name":"wp","href":"https:\/\/api.w.org\/{rel}","templated":true}]}}