{"id":5316566,"date":"2026-01-19T14:39:47","date_gmt":"2026-01-19T12:39:47","guid":{"rendered":"https:\/\/gadgettravellers.eu\/shop\/bambola-25cm-ciuccio-fashion-baby-15x28x9cm-toymarkt-98251\/"},"modified":"2026-04-22T22:48:36","modified_gmt":"2026-04-22T20:48:36","slug":"bambola-25cm-ciuccio-fashion-baby-15x28x9cm-toymarkt-98251","status":"publish","type":"product","link":"https:\/\/gadgettravellers.eu\/it\/shop\/bambola-25cm-ciuccio-fashion-baby-15x28x9cm-toymarkt-98251\/","title":{"rendered":"Bambola 25cm Ciuccio Fashion Baby 15x28x9cm, ToyMarkt 98251"},"content":{"rendered":"<p>15x28x9cm,<\/p>\n<div class='aiseo-faq-section' style='margin-top:30px; border-top:1px solid #eee; padding-top:20px;'>\n<h3>Domande Frequenti<\/h3>\n<details style='margin-bottom:10px; padding:10px; background:#f9f9f9; border-radius:5px;'>\n<summary style='font-weight:bold; cursor:pointer;'>Per quali et\u00e0 \u00e8 adatta la bambola?<\/summary>\n<div style='margin-top:10px; color:#555;'>Adatto per bambini di et\u00e0 superiore a 3 anni.<\/div>\n<\/details>\n<details style='margin-bottom:10px; padding:10px; background:#f9f9f9; border-radius:5px;'>\n<summary style='font-weight:bold; cursor:pointer;'>Quali sono le dimensioni del prodotto?<\/summary>\n<div style='margin-top:10px; color:#555;'>Bambola 25 cm con dimensioni totali 15x28x9 cm.<\/div>\n<\/details>\n<details style='margin-bottom:10px; padding:10px; background:#f9f9f9; border-radius:5px;'>\n<summary style='font-weight:bold; cursor:pointer;'>Il ciuccio \u00e8 integrato?<\/summary>\n<div style='margin-top:10px; color:#555;'>S\u00ec, ha un ciuccio integrato.<\/div>\n<\/details>\n<details style='margin-bottom:10px; padding:10px; background:#f9f9f9; border-radius:5px;'>\n<summary style='font-weight:bold; cursor:pointer;'>\u00c8 facile pulire la bambola?<\/summary>\n<div style='margin-top:10px; color:#555;'>S\u00ec, \u00e8 progettato per una facile pulizia e durata.<\/div>\n<\/details>\n<\/div>\n","protected":false},"excerpt":{"rendered":"<p>15x28x9cm, Domande Frequenti Per quali et\u00e0 \u00e8 adatta la bambola? Adatto per bambini di et\u00e0 superiore a 3 anni. Quali sono le dimensioni del prodotto? Bambola 25 cm con dimensioni totali 15x28x9 cm. Il ciuccio \u00e8 integrato? S\u00ec, ha un ciuccio integrato. \u00c8 facile pulire la bambola? S\u00ec, \u00e8 progettato per una facile pulizia e [&hellip;]<\/p>\n","protected":false},"featured_media":23080,"comment_status":"closed","ping_status":"open","template":"","meta":[],"product_brand":[],"product_cat":[],"product_tag":[15],"class_list":{"0":"post-5316566","1":"product","2":"type-product","3":"status-publish","4":"has-post-thumbnail","6":"product_tag-uncategorized","8":"first","9":"onbackorder","10":"purchasable","11":"product-type-simple"},"jetpack_sharing_enabled":true,"_links":{"self":[{"href":"https:\/\/gadgettravellers.eu\/it\/wp-json\/wp\/v2\/product\/5316566","targetHints":{"allow":["GET"]}}],"collection":[{"href":"https:\/\/gadgettravellers.eu\/it\/wp-json\/wp\/v2\/product"}],"about":[{"href":"https:\/\/gadgettravellers.eu\/it\/wp-json\/wp\/v2\/types\/product"}],"replies":[{"embeddable":true,"href":"https:\/\/gadgettravellers.eu\/it\/wp-json\/wp\/v2\/comments?post=5316566"}],"wp:featuredmedia":[{"embeddable":true,"href":"https:\/\/gadgettravellers.eu\/it\/wp-json\/wp\/v2\/media\/23080"}],"wp:attachment":[{"href":"https:\/\/gadgettravellers.eu\/it\/wp-json\/wp\/v2\/media?parent=5316566"}],"wp:term":[{"taxonomy":"product_brand","embeddable":true,"href":"https:\/\/gadgettravellers.eu\/it\/wp-json\/wp\/v2\/product_brand?post=5316566"},{"taxonomy":"product_cat","embeddable":true,"href":"https:\/\/gadgettravellers.eu\/it\/wp-json\/wp\/v2\/product_cat?post=5316566"},{"taxonomy":"product_tag","embeddable":true,"href":"https:\/\/gadgettravellers.eu\/it\/wp-json\/wp\/v2\/product_tag?post=5316566"}],"curies":[{"name":"wp","href":"https:\/\/api.w.org\/{rel}","templated":true}]}}