{"id":5316571,"date":"2026-01-19T14:39:51","date_gmt":"2026-01-19T12:39:51","guid":{"rendered":"https:\/\/gadgettravellers.eu\/shop\/bambola-30cm-pigiama-con-suono-in-scatola-13x27x10cm-toymarkt-98255\/"},"modified":"2026-04-19T23:08:37","modified_gmt":"2026-04-19T21:08:37","slug":"bambola-30cm-pigiama-con-suono-in-scatola-13x27x10cm-toymarkt-98255","status":"publish","type":"product","link":"https:\/\/gadgettravellers.eu\/it\/shop\/bambola-30cm-pigiama-con-suono-in-scatola-13x27x10cm-toymarkt-98255\/","title":{"rendered":"Bambola 30cm Pigiama con suono in Scatola 13x27x10cm ToyMarkt 98255"},"content":{"rendered":"<p>Batteria 13x27x10cm<\/p>\n<div class='aiseo-faq-section' style='margin-top:30px; border-top:1px solid #eee; padding-top:20px;'>\n<h3>Domande Frequenti<\/h3>\n<details style='margin-bottom:10px; padding:10px; background:#f9f9f9; border-radius:5px;'>\n<summary style='font-weight:bold; cursor:pointer;'>Quali sono le dimensioni della confezione?<\/summary>\n<div style='margin-top:10px; color:#555;'>La bambola viene consegnata in una scatola di dimensioni 13x27x10cm.<\/div>\n<\/details>\n<details style='margin-bottom:10px; padding:10px; background:#f9f9f9; border-radius:5px;'>\n<summary style='font-weight:bold; cursor:pointer;'>Quanto \u00e8 grande il gioco?<\/summary>\n<div style='margin-top:10px; color:#555;'>La bambola \u00e8 alta 30 cm.<\/div>\n<\/details>\n<details style='margin-bottom:10px; padding:10px; background:#f9f9f9; border-radius:5px;'>\n<summary style='font-weight:bold; cursor:pointer;'>Il suono funziona a batterie?<\/summary>\n<div style='margin-top:10px; color:#555;'>S\u00ec, il suono integrato funziona con batterie.<\/div>\n<\/details>\n<\/div>\n","protected":false},"excerpt":{"rendered":"<p>Batteria 13x27x10cm Domande Frequenti Quali sono le dimensioni della confezione? La bambola viene consegnata in una scatola di dimensioni 13x27x10cm. Quanto \u00e8 grande il gioco? La bambola \u00e8 alta 30 cm. Il suono funziona a batterie? S\u00ec, il suono integrato funziona con batterie.<\/p>\n","protected":false},"featured_media":23089,"comment_status":"closed","ping_status":"open","template":"","meta":[],"product_brand":[],"product_cat":[],"product_tag":[15],"class_list":{"0":"post-5316571","1":"product","2":"type-product","3":"status-publish","4":"has-post-thumbnail","6":"product_tag-uncategorized","8":"first","9":"onbackorder","10":"purchasable","11":"product-type-simple"},"jetpack_sharing_enabled":true,"_links":{"self":[{"href":"https:\/\/gadgettravellers.eu\/it\/wp-json\/wp\/v2\/product\/5316571","targetHints":{"allow":["GET"]}}],"collection":[{"href":"https:\/\/gadgettravellers.eu\/it\/wp-json\/wp\/v2\/product"}],"about":[{"href":"https:\/\/gadgettravellers.eu\/it\/wp-json\/wp\/v2\/types\/product"}],"replies":[{"embeddable":true,"href":"https:\/\/gadgettravellers.eu\/it\/wp-json\/wp\/v2\/comments?post=5316571"}],"wp:featuredmedia":[{"embeddable":true,"href":"https:\/\/gadgettravellers.eu\/it\/wp-json\/wp\/v2\/media\/23089"}],"wp:attachment":[{"href":"https:\/\/gadgettravellers.eu\/it\/wp-json\/wp\/v2\/media?parent=5316571"}],"wp:term":[{"taxonomy":"product_brand","embeddable":true,"href":"https:\/\/gadgettravellers.eu\/it\/wp-json\/wp\/v2\/product_brand?post=5316571"},{"taxonomy":"product_cat","embeddable":true,"href":"https:\/\/gadgettravellers.eu\/it\/wp-json\/wp\/v2\/product_cat?post=5316571"},{"taxonomy":"product_tag","embeddable":true,"href":"https:\/\/gadgettravellers.eu\/it\/wp-json\/wp\/v2\/product_tag?post=5316571"}],"curies":[{"name":"wp","href":"https:\/\/api.w.org\/{rel}","templated":true}]}}