{"id":5316585,"date":"2026-01-19T14:39:59","date_gmt":"2026-01-19T12:39:59","guid":{"rendered":"https:\/\/gadgettravellers.eu\/shop\/orsetto-40cm-toymarkt-99469\/"},"modified":"2026-04-22T22:48:43","modified_gmt":"2026-04-22T20:48:43","slug":"orsetto-40cm-toymarkt-99469","status":"publish","type":"product","link":"https:\/\/gadgettravellers.eu\/it\/shop\/orsetto-40cm-toymarkt-99469\/","title":{"rendered":"Orsetto 40cm ToyMarkt 99469"},"content":{"rendered":"<p>40cm<\/p>\n<div class='aiseo-faq-section' style='margin-top:30px; border-top:1px solid #eee; padding-top:20px;'>\n<h3>Domande Frequenti<\/h3>\n<details style='margin-bottom:10px; padding:10px; background:#f9f9f9; border-radius:5px;'>\n<summary style='font-weight:bold; cursor:pointer;'>Quanto \u00e8 alto l&#8217;orsacchiotto?<\/summary>\n<div style='margin-top:10px; color:#555;'>L&#8217;orsacchiotto \u00e8 alto 40 cm.<\/div>\n<\/details>\n<details style='margin-bottom:10px; padding:10px; background:#f9f9f9; border-radius:5px;'>\n<summary style='font-weight:bold; cursor:pointer;'>Per quali usi \u00e8 adatto?<\/summary>\n<div style='margin-top:10px; color:#555;'>Adatto per abbracciare, giocare e decorare la cameretta, nonch\u00e9 come regalo per occasioni speciali.<\/div>\n<\/details>\n<details style='margin-bottom:10px; padding:10px; background:#f9f9f9; border-radius:5px;'>\n<summary style='font-weight:bold; cursor:pointer;'>Quali caratteristiche lo rendono resistente?<\/summary>\n<div style='margin-top:10px; color:#555;'>Ha un&#8217;imbottitura densa e cuciture curate per una maggiore resistenza.<\/div>\n<\/details>\n<\/div>\n","protected":false},"excerpt":{"rendered":"<p>40cm Domande Frequenti Quanto \u00e8 alto l&#8217;orsacchiotto? L&#8217;orsacchiotto \u00e8 alto 40 cm. Per quali usi \u00e8 adatto? Adatto per abbracciare, giocare e decorare la cameretta, nonch\u00e9 come regalo per occasioni speciali. Quali caratteristiche lo rendono resistente? Ha un&#8217;imbottitura densa e cuciture curate per una maggiore resistenza.<\/p>\n","protected":false},"featured_media":23117,"comment_status":"closed","ping_status":"open","template":"","meta":[],"product_brand":[],"product_cat":[],"product_tag":[15],"class_list":{"0":"post-5316585","1":"product","2":"type-product","3":"status-publish","4":"has-post-thumbnail","6":"product_tag-uncategorized","8":"first","9":"onbackorder","10":"purchasable","11":"product-type-simple"},"jetpack_sharing_enabled":true,"_links":{"self":[{"href":"https:\/\/gadgettravellers.eu\/it\/wp-json\/wp\/v2\/product\/5316585","targetHints":{"allow":["GET"]}}],"collection":[{"href":"https:\/\/gadgettravellers.eu\/it\/wp-json\/wp\/v2\/product"}],"about":[{"href":"https:\/\/gadgettravellers.eu\/it\/wp-json\/wp\/v2\/types\/product"}],"replies":[{"embeddable":true,"href":"https:\/\/gadgettravellers.eu\/it\/wp-json\/wp\/v2\/comments?post=5316585"}],"wp:featuredmedia":[{"embeddable":true,"href":"https:\/\/gadgettravellers.eu\/it\/wp-json\/wp\/v2\/media\/23117"}],"wp:attachment":[{"href":"https:\/\/gadgettravellers.eu\/it\/wp-json\/wp\/v2\/media?parent=5316585"}],"wp:term":[{"taxonomy":"product_brand","embeddable":true,"href":"https:\/\/gadgettravellers.eu\/it\/wp-json\/wp\/v2\/product_brand?post=5316585"},{"taxonomy":"product_cat","embeddable":true,"href":"https:\/\/gadgettravellers.eu\/it\/wp-json\/wp\/v2\/product_cat?post=5316585"},{"taxonomy":"product_tag","embeddable":true,"href":"https:\/\/gadgettravellers.eu\/it\/wp-json\/wp\/v2\/product_tag?post=5316585"}],"curies":[{"name":"wp","href":"https:\/\/api.w.org\/{rel}","templated":true}]}}