{"id":5316607,"date":"2026-01-19T14:40:15","date_gmt":"2026-01-19T12:40:15","guid":{"rendered":"https:\/\/gadgettravellers.eu\/shop\/frullatore-elettrico-220-240v-30w-30x45cm-homie-1001779\/"},"modified":"2026-04-22T22:48:53","modified_gmt":"2026-04-22T20:48:53","slug":"frullatore-elettrico-220-240v-30w-30x45cm-homie-1001779","status":"publish","type":"product","link":"https:\/\/gadgettravellers.eu\/it\/shop\/frullatore-elettrico-220-240v-30w-30x45cm-homie-1001779\/","title":{"rendered":"Frullatore Elettrico 220-240V 30W 30&#215;4,5cm Homie 1001779"},"content":{"rendered":"<p>Corrente,1 velocit\u00e0 220-240V 30W 30&#215;4,5cm<\/p>\n<div class='aiseo-faq-section' style='margin-top:30px; border-top:1px solid #eee; padding-top:20px;'>\n<h3>Domande Frequenti<\/h3>\n<details style='margin-bottom:10px; padding:10px; background:#f9f9f9; border-radius:5px;'>\n<summary style='font-weight:bold; cursor:pointer;'>Qual \u00e8 la potenza del frullatore?<\/summary>\n<div style='margin-top:10px; color:#555;'>Ha una potenza di 30W.<\/div>\n<\/details>\n<details style='margin-bottom:10px; padding:10px; background:#f9f9f9; border-radius:5px;'>\n<summary style='font-weight:bold; cursor:pointer;'>A quale tensione funziona?<\/summary>\n<div style='margin-top:10px; color:#555;'>Funziona a 220-240V.<\/div>\n<\/details>\n<details style='margin-bottom:10px; padding:10px; background:#f9f9f9; border-radius:5px;'>\n<summary style='font-weight:bold; cursor:pointer;'>Quante velocit\u00e0 ha?<\/summary>\n<div style='margin-top:10px; color:#555;'>Ha una velocit\u00e0.<\/div>\n<\/details>\n<details style='margin-bottom:10px; padding:10px; background:#f9f9f9; border-radius:5px;'>\n<summary style='font-weight:bold; cursor:pointer;'>Per quali lavori in cucina \u00e8 adatto?<\/summary>\n<div style='margin-top:10px; color:#555;'>Ideale per miscelare rapidamente e per lavori leggeri in cucina.<\/div>\n<\/details>\n<\/div>\n","protected":false},"excerpt":{"rendered":"<p>Corrente,1 velocit\u00e0 220-240V 30W 30&#215;4,5cm Domande Frequenti Qual \u00e8 la potenza del frullatore? Ha una potenza di 30W. A quale tensione funziona? Funziona a 220-240V. Quante velocit\u00e0 ha? Ha una velocit\u00e0. Per quali lavori in cucina \u00e8 adatto? Ideale per miscelare rapidamente e per lavori leggeri in cucina.<\/p>\n","protected":false},"featured_media":23259,"comment_status":"closed","ping_status":"open","template":"","meta":[],"product_brand":[],"product_cat":[],"product_tag":[15],"class_list":{"0":"post-5316607","1":"product","2":"type-product","3":"status-publish","4":"has-post-thumbnail","6":"product_tag-uncategorized","8":"first","9":"onbackorder","10":"purchasable","11":"product-type-simple"},"jetpack_sharing_enabled":true,"_links":{"self":[{"href":"https:\/\/gadgettravellers.eu\/it\/wp-json\/wp\/v2\/product\/5316607","targetHints":{"allow":["GET"]}}],"collection":[{"href":"https:\/\/gadgettravellers.eu\/it\/wp-json\/wp\/v2\/product"}],"about":[{"href":"https:\/\/gadgettravellers.eu\/it\/wp-json\/wp\/v2\/types\/product"}],"replies":[{"embeddable":true,"href":"https:\/\/gadgettravellers.eu\/it\/wp-json\/wp\/v2\/comments?post=5316607"}],"wp:featuredmedia":[{"embeddable":true,"href":"https:\/\/gadgettravellers.eu\/it\/wp-json\/wp\/v2\/media\/23259"}],"wp:attachment":[{"href":"https:\/\/gadgettravellers.eu\/it\/wp-json\/wp\/v2\/media?parent=5316607"}],"wp:term":[{"taxonomy":"product_brand","embeddable":true,"href":"https:\/\/gadgettravellers.eu\/it\/wp-json\/wp\/v2\/product_brand?post=5316607"},{"taxonomy":"product_cat","embeddable":true,"href":"https:\/\/gadgettravellers.eu\/it\/wp-json\/wp\/v2\/product_cat?post=5316607"},{"taxonomy":"product_tag","embeddable":true,"href":"https:\/\/gadgettravellers.eu\/it\/wp-json\/wp\/v2\/product_tag?post=5316607"}],"curies":[{"name":"wp","href":"https:\/\/api.w.org\/{rel}","templated":true}]}}