{"id":5316646,"date":"2026-01-19T14:40:51","date_gmt":"2026-01-19T12:40:51","guid":{"rendered":"https:\/\/gadgettravellers.eu\/shop\/piatti-di-carta-21cm-conf20pz-o21cm-homie-1002073\/"},"modified":"2026-04-22T22:49:11","modified_gmt":"2026-04-22T20:49:11","slug":"piatti-di-carta-21cm-conf20pz-o21cm-homie-1002073","status":"publish","type":"product","link":"https:\/\/gadgettravellers.eu\/it\/shop\/piatti-di-carta-21cm-conf20pz-o21cm-homie-1002073\/","title":{"rendered":"Piatti di carta 21cm conf=20pz \u00f821cm Homie 1002073"},"content":{"rendered":"<p>Pac=20 pezzi di carta \u00f821cm<\/p>\n<div class='aiseo-faq-section' style='margin-top:30px; border-top:1px solid #eee; padding-top:20px;'>\n<h3>Domande Frequenti<\/h3>\n<details style='margin-bottom:10px; padding:10px; background:#f9f9f9; border-radius:5px;'>\n<summary style='font-weight:bold; cursor:pointer;'>Qual \u00e8 la dimensione dei piatti?<\/summary>\n<div style='margin-top:10px; color:#555;'>Il diametro \u00e8 21 cm.<\/div>\n<\/details>\n<details style='margin-bottom:10px; padding:10px; background:#f9f9f9; border-radius:5px;'>\n<summary style='font-weight:bold; cursor:pointer;'>Quanti pezzi include il pacchetto?<\/summary>\n<div style='margin-top:10px; color:#555;'>Il pacchetto contiene 20 pezzi.<\/div>\n<\/details>\n<details style='margin-bottom:10px; padding:10px; background:#f9f9f9; border-radius:5px;'>\n<summary style='font-weight:bold; cursor:pointer;'>Di che materiale sono i piatti?<\/summary>\n<div style='margin-top:10px; color:#555;'>Sono piatti di carta.<\/div>\n<\/details>\n<details style='margin-bottom:10px; padding:10px; background:#f9f9f9; border-radius:5px;'>\n<summary style='font-weight:bold; cursor:pointer;'>Per quali usi sono adatti?<\/summary>\n<div style='margin-top:10px; color:#555;'>Ideali per feste, picnic e servizio rapido, e destinati all&#8217;uso monouso.<\/div>\n<\/details>\n<\/div>\n","protected":false},"excerpt":{"rendered":"<p>Pac=20 pezzi di carta \u00f821cm Domande Frequenti Qual \u00e8 la dimensione dei piatti? Il diametro \u00e8 21 cm. Quanti pezzi include il pacchetto? Il pacchetto contiene 20 pezzi. Di che materiale sono i piatti? Sono piatti di carta. Per quali usi sono adatti? Ideali per feste, picnic e servizio rapido, e destinati all&#8217;uso monouso.<\/p>\n","protected":false},"featured_media":23436,"comment_status":"closed","ping_status":"open","template":"","meta":[],"product_brand":[],"product_cat":[],"product_tag":[15],"class_list":{"0":"post-5316646","1":"product","2":"type-product","3":"status-publish","4":"has-post-thumbnail","6":"product_tag-uncategorized","8":"first","9":"onbackorder","10":"purchasable","11":"product-type-simple"},"jetpack_sharing_enabled":true,"_links":{"self":[{"href":"https:\/\/gadgettravellers.eu\/it\/wp-json\/wp\/v2\/product\/5316646","targetHints":{"allow":["GET"]}}],"collection":[{"href":"https:\/\/gadgettravellers.eu\/it\/wp-json\/wp\/v2\/product"}],"about":[{"href":"https:\/\/gadgettravellers.eu\/it\/wp-json\/wp\/v2\/types\/product"}],"replies":[{"embeddable":true,"href":"https:\/\/gadgettravellers.eu\/it\/wp-json\/wp\/v2\/comments?post=5316646"}],"wp:featuredmedia":[{"embeddable":true,"href":"https:\/\/gadgettravellers.eu\/it\/wp-json\/wp\/v2\/media\/23436"}],"wp:attachment":[{"href":"https:\/\/gadgettravellers.eu\/it\/wp-json\/wp\/v2\/media?parent=5316646"}],"wp:term":[{"taxonomy":"product_brand","embeddable":true,"href":"https:\/\/gadgettravellers.eu\/it\/wp-json\/wp\/v2\/product_brand?post=5316646"},{"taxonomy":"product_cat","embeddable":true,"href":"https:\/\/gadgettravellers.eu\/it\/wp-json\/wp\/v2\/product_cat?post=5316646"},{"taxonomy":"product_tag","embeddable":true,"href":"https:\/\/gadgettravellers.eu\/it\/wp-json\/wp\/v2\/product_tag?post=5316646"}],"curies":[{"name":"wp","href":"https:\/\/api.w.org\/{rel}","templated":true}]}}