{"id":5316654,"date":"2026-01-19T14:40:58","date_gmt":"2026-01-19T12:40:58","guid":{"rendered":"https:\/\/gadgettravellers.eu\/shop\/borraccia-tritan-blu-con-tappo-di-sicurezza-700ml-homie-1002104\/"},"modified":"2026-04-22T22:49:14","modified_gmt":"2026-04-22T20:49:14","slug":"borraccia-tritan-blu-con-tappo-di-sicurezza-700ml-homie-1002104","status":"publish","type":"product","link":"https:\/\/gadgettravellers.eu\/it\/shop\/borraccia-tritan-blu-con-tappo-di-sicurezza-700ml-homie-1002104\/","title":{"rendered":"Borraccia Tritan Blu con Tappo di Sicurezza 700ml Homie 1002104"},"content":{"rendered":"<p>Tritan (senza BPA) con tappo di sicurezza e manico antiscivolo 700ml<\/p>\n<div class='aiseo-faq-section' style='margin-top:30px; border-top:1px solid #eee; padding-top:20px;'>\n<h3>Domande Frequenti<\/h3>\n<details style='margin-bottom:10px; padding:10px; background:#f9f9f9; border-radius:5px;'>\n<summary style='font-weight:bold; cursor:pointer;'>Di che materiale \u00e8 fatto la borraccia?<\/summary>\n<div style='margin-top:10px; color:#555;'>\u00c8 realizzato in Tritan ed \u00e8 privo di BPA.<\/div>\n<\/details>\n<details style='margin-bottom:10px; padding:10px; background:#f9f9f9; border-radius:5px;'>\n<summary style='font-weight:bold; cursor:pointer;'>Qual \u00e8 la capacit\u00e0 della borraccia?<\/summary>\n<div style='margin-top:10px; color:#555;'>La capacit\u00e0 \u00e8 di 700 ml.<\/div>\n<\/details>\n<details style='margin-bottom:10px; padding:10px; background:#f9f9f9; border-radius:5px;'>\n<summary style='font-weight:bold; cursor:pointer;'>Ha un tappo di sicurezza e una maniglia antiscivolo?<\/summary>\n<div style='margin-top:10px; color:#555;'>S\u00ec, dispone di un tappo di sicurezza e di una maniglia antiscivolo per un trasporto sicuro.<\/div>\n<\/details>\n<details style='margin-bottom:10px; padding:10px; background:#f9f9f9; border-radius:5px;'>\n<summary style='font-weight:bold; cursor:pointer;'>\u00c8 adatto per l&#8217;uso quotidiano e il trasporto?<\/summary>\n<div style='margin-top:10px; color:#555;'>S\u00ec, \u00e8 leggero, resistente e riutilizzabile, ideale per l&#8217;uso quotidiano e il trasporto.<\/div>\n<\/details>\n<\/div>\n","protected":false},"excerpt":{"rendered":"<p>Tritan (senza BPA) con tappo di sicurezza e manico antiscivolo 700ml Domande Frequenti Di che materiale \u00e8 fatto la borraccia? \u00c8 realizzato in Tritan ed \u00e8 privo di BPA. Qual \u00e8 la capacit\u00e0 della borraccia? La capacit\u00e0 \u00e8 di 700 ml. Ha un tappo di sicurezza e una maniglia antiscivolo? S\u00ec, dispone di un tappo [&hellip;]<\/p>\n","protected":false},"featured_media":23464,"comment_status":"closed","ping_status":"open","template":"","meta":[],"product_brand":[],"product_cat":[],"product_tag":[15],"class_list":{"0":"post-5316654","1":"product","2":"type-product","3":"status-publish","4":"has-post-thumbnail","6":"product_tag-uncategorized","8":"first","9":"onbackorder","10":"purchasable","11":"product-type-simple"},"jetpack_sharing_enabled":true,"_links":{"self":[{"href":"https:\/\/gadgettravellers.eu\/it\/wp-json\/wp\/v2\/product\/5316654","targetHints":{"allow":["GET"]}}],"collection":[{"href":"https:\/\/gadgettravellers.eu\/it\/wp-json\/wp\/v2\/product"}],"about":[{"href":"https:\/\/gadgettravellers.eu\/it\/wp-json\/wp\/v2\/types\/product"}],"replies":[{"embeddable":true,"href":"https:\/\/gadgettravellers.eu\/it\/wp-json\/wp\/v2\/comments?post=5316654"}],"wp:featuredmedia":[{"embeddable":true,"href":"https:\/\/gadgettravellers.eu\/it\/wp-json\/wp\/v2\/media\/23464"}],"wp:attachment":[{"href":"https:\/\/gadgettravellers.eu\/it\/wp-json\/wp\/v2\/media?parent=5316654"}],"wp:term":[{"taxonomy":"product_brand","embeddable":true,"href":"https:\/\/gadgettravellers.eu\/it\/wp-json\/wp\/v2\/product_brand?post=5316654"},{"taxonomy":"product_cat","embeddable":true,"href":"https:\/\/gadgettravellers.eu\/it\/wp-json\/wp\/v2\/product_cat?post=5316654"},{"taxonomy":"product_tag","embeddable":true,"href":"https:\/\/gadgettravellers.eu\/it\/wp-json\/wp\/v2\/product_tag?post=5316654"}],"curies":[{"name":"wp","href":"https:\/\/api.w.org\/{rel}","templated":true}]}}