{"id":5316674,"date":"2026-01-19T14:41:15","date_gmt":"2026-01-19T12:41:15","guid":{"rendered":"https:\/\/gadgettravellers.eu\/shop\/pinza-per-barbecue-con-manico-in-silicone-31cm-homie-1002151\/"},"modified":"2026-04-22T22:49:23","modified_gmt":"2026-04-22T20:49:23","slug":"pinza-per-barbecue-con-manico-in-silicone-31cm-homie-1002151","status":"publish","type":"product","link":"https:\/\/gadgettravellers.eu\/it\/shop\/pinza-per-barbecue-con-manico-in-silicone-31cm-homie-1002151\/","title":{"rendered":"Pinza per barbecue con manico in silicone 31cm Homie 1002151"},"content":{"rendered":"<p>31cm<\/p>\n<div class='aiseo-faq-section' style='margin-top:30px; border-top:1px solid #eee; padding-top:20px;'>\n<h3>Domande Frequenti<\/h3>\n<details style='margin-bottom:10px; padding:10px; background:#f9f9f9; border-radius:5px;'>\n<summary style='font-weight:bold; cursor:pointer;'>Qual \u00e8 la lunghezza della pinza?<\/summary>\n<div style='margin-top:10px; color:#555;'>Ha una lunghezza di 31 cm.<\/div>\n<\/details>\n<details style='margin-bottom:10px; padding:10px; background:#f9f9f9; border-radius:5px;'>\n<summary style='font-weight:bold; cursor:pointer;'>Di quali materiali \u00e8 composto?<\/summary>\n<div style='margin-top:10px; color:#555;'>Corpo metallico resistente con manico in silicone resistente al calore.<\/div>\n<\/details>\n<details style='margin-bottom:10px; padding:10px; background:#f9f9f9; border-radius:5px;'>\n<summary style='font-weight:bold; cursor:pointer;'>La maniglia protegge dal calore?<\/summary>\n<div style='margin-top:10px; color:#555;'>S\u00ec, il silicone resistente al calore protegge le dita e crea distanza dal calore.<\/div>\n<\/details>\n<details style='margin-bottom:10px; padding:10px; background:#f9f9f9; border-radius:5px;'>\n<summary style='font-weight:bold; cursor:pointer;'>Per quali usi \u00e8 adatto?<\/summary>\n<div style='margin-top:10px; color:#555;'>Ideale per grigliate, carbone e uso in cucina, per alimenti di ogni dimensione.<\/div>\n<\/details>\n<details style='margin-bottom:10px; padding:10px; background:#f9f9f9; border-radius:5px;'>\n<summary style='font-weight:bold; cursor:pointer;'>\u00c8 facile da pulire?<\/summary>\n<div style='margin-top:10px; color:#555;'>S\u00ec, offre una facile pulizia dopo l&#8217;uso.<\/div>\n<\/details>\n<\/div>\n","protected":false},"excerpt":{"rendered":"<p>31cm Domande Frequenti Qual \u00e8 la lunghezza della pinza? Ha una lunghezza di 31 cm. Di quali materiali \u00e8 composto? Corpo metallico resistente con manico in silicone resistente al calore. La maniglia protegge dal calore? S\u00ec, il silicone resistente al calore protegge le dita e crea distanza dal calore. Per quali usi \u00e8 adatto? Ideale [&hellip;]<\/p>\n","protected":false},"featured_media":23615,"comment_status":"closed","ping_status":"open","template":"","meta":[],"product_brand":[],"product_cat":[],"product_tag":[15],"class_list":{"0":"post-5316674","1":"product","2":"type-product","3":"status-publish","4":"has-post-thumbnail","6":"product_tag-uncategorized","8":"first","9":"onbackorder","10":"purchasable","11":"product-type-simple"},"jetpack_sharing_enabled":true,"_links":{"self":[{"href":"https:\/\/gadgettravellers.eu\/it\/wp-json\/wp\/v2\/product\/5316674","targetHints":{"allow":["GET"]}}],"collection":[{"href":"https:\/\/gadgettravellers.eu\/it\/wp-json\/wp\/v2\/product"}],"about":[{"href":"https:\/\/gadgettravellers.eu\/it\/wp-json\/wp\/v2\/types\/product"}],"replies":[{"embeddable":true,"href":"https:\/\/gadgettravellers.eu\/it\/wp-json\/wp\/v2\/comments?post=5316674"}],"wp:featuredmedia":[{"embeddable":true,"href":"https:\/\/gadgettravellers.eu\/it\/wp-json\/wp\/v2\/media\/23615"}],"wp:attachment":[{"href":"https:\/\/gadgettravellers.eu\/it\/wp-json\/wp\/v2\/media?parent=5316674"}],"wp:term":[{"taxonomy":"product_brand","embeddable":true,"href":"https:\/\/gadgettravellers.eu\/it\/wp-json\/wp\/v2\/product_brand?post=5316674"},{"taxonomy":"product_cat","embeddable":true,"href":"https:\/\/gadgettravellers.eu\/it\/wp-json\/wp\/v2\/product_cat?post=5316674"},{"taxonomy":"product_tag","embeddable":true,"href":"https:\/\/gadgettravellers.eu\/it\/wp-json\/wp\/v2\/product_tag?post=5316674"}],"curies":[{"name":"wp","href":"https:\/\/api.w.org\/{rel}","templated":true}]}}