{"id":5316724,"date":"2026-01-19T14:41:57","date_gmt":"2026-01-19T12:41:57","guid":{"rendered":"https:\/\/gadgettravellers.eu\/shop\/bicchiere-cocktail-barile-13x7cm-420ml-homie-100387\/"},"modified":"2026-04-22T22:49:44","modified_gmt":"2026-04-22T20:49:44","slug":"bicchiere-cocktail-barile-13x7cm-420ml-homie-100387","status":"publish","type":"product","link":"https:\/\/gadgettravellers.eu\/it\/shop\/bicchiere-cocktail-barile-13x7cm-420ml-homie-100387\/","title":{"rendered":"Bicchiere Cocktail Barile 13x7cm 420mL Homie 100387"},"content":{"rendered":"<p>(abbina) 13x7cm 420mL<\/p>\n<div class='aiseo-faq-section' style='margin-top:30px; border-top:1px solid #eee; padding-top:20px;'>\n<h3>Domande Frequenti<\/h3>\n<details style='margin-bottom:10px; padding:10px; background:#f9f9f9; border-radius:5px;'>\n<summary style='font-weight:bold; cursor:pointer;'>Qual \u00e8 la capacit\u00e0 del bicchiere?<\/summary>\n<div style='margin-top:10px; color:#555;'>La capacit\u00e0 \u00e8 di 420 ml.<\/div>\n<\/details>\n<details style='margin-bottom:10px; padding:10px; background:#f9f9f9; border-radius:5px;'>\n<summary style='font-weight:bold; cursor:pointer;'>Quali sono le dimensioni del prodotto?<\/summary>\n<div style='margin-top:10px; color:#555;'>Le dimensioni sono 13&#215;7 cm.<\/div>\n<\/details>\n<details style='margin-bottom:10px; padding:10px; background:#f9f9f9; border-radius:5px;'>\n<summary style='font-weight:bold; cursor:pointer;'>Cosa significa \u00abassortito\u00bb nella descrizione?<\/summary>\n<div style='margin-top:10px; color:#555;'>Significa che il bicchiere \u00e8 disponibile in vari colori o design a seconda della disponibilit\u00e0.<\/div>\n<\/details>\n<details style='margin-bottom:10px; padding:10px; background:#f9f9f9; border-radius:5px;'>\n<summary style='font-weight:bold; cursor:pointer;'>Per quale uso \u00e8 adatto il bicchiere?<\/summary>\n<div style='margin-top:10px; color:#555;'>\u00c8 adatto per servire cocktail e bevande in bar o per uso domestico.<\/div>\n<\/details>\n<\/div>\n","protected":false},"excerpt":{"rendered":"<p>(abbina) 13x7cm 420mL Domande Frequenti Qual \u00e8 la capacit\u00e0 del bicchiere? La capacit\u00e0 \u00e8 di 420 ml. Quali sono le dimensioni del prodotto? Le dimensioni sono 13&#215;7 cm. Cosa significa \u00abassortito\u00bb nella descrizione? Significa che il bicchiere \u00e8 disponibile in vari colori o design a seconda della disponibilit\u00e0. Per quale uso \u00e8 adatto il bicchiere? [&hellip;]<\/p>\n","protected":false},"featured_media":23840,"comment_status":"closed","ping_status":"open","template":"","meta":[],"product_brand":[],"product_cat":[],"product_tag":[15],"class_list":{"0":"post-5316724","1":"product","2":"type-product","3":"status-publish","4":"has-post-thumbnail","6":"product_tag-uncategorized","8":"first","9":"onbackorder","10":"purchasable","11":"product-type-simple"},"jetpack_sharing_enabled":true,"_links":{"self":[{"href":"https:\/\/gadgettravellers.eu\/it\/wp-json\/wp\/v2\/product\/5316724","targetHints":{"allow":["GET"]}}],"collection":[{"href":"https:\/\/gadgettravellers.eu\/it\/wp-json\/wp\/v2\/product"}],"about":[{"href":"https:\/\/gadgettravellers.eu\/it\/wp-json\/wp\/v2\/types\/product"}],"replies":[{"embeddable":true,"href":"https:\/\/gadgettravellers.eu\/it\/wp-json\/wp\/v2\/comments?post=5316724"}],"wp:featuredmedia":[{"embeddable":true,"href":"https:\/\/gadgettravellers.eu\/it\/wp-json\/wp\/v2\/media\/23840"}],"wp:attachment":[{"href":"https:\/\/gadgettravellers.eu\/it\/wp-json\/wp\/v2\/media?parent=5316724"}],"wp:term":[{"taxonomy":"product_brand","embeddable":true,"href":"https:\/\/gadgettravellers.eu\/it\/wp-json\/wp\/v2\/product_brand?post=5316724"},{"taxonomy":"product_cat","embeddable":true,"href":"https:\/\/gadgettravellers.eu\/it\/wp-json\/wp\/v2\/product_cat?post=5316724"},{"taxonomy":"product_tag","embeddable":true,"href":"https:\/\/gadgettravellers.eu\/it\/wp-json\/wp\/v2\/product_tag?post=5316724"}],"curies":[{"name":"wp","href":"https:\/\/api.w.org\/{rel}","templated":true}]}}