{"id":5316734,"date":"2026-01-19T14:42:05","date_gmt":"2026-01-19T12:42:05","guid":{"rendered":"https:\/\/gadgettravellers.eu\/shop\/spazzolone-con-manico-in-alluminio-con-manico-in-alluminio110cm-homie-1011058\/"},"modified":"2026-04-22T22:49:48","modified_gmt":"2026-04-22T20:49:48","slug":"spazzolone-con-manico-in-alluminio-con-manico-in-alluminio110cm-homie-1011058","status":"publish","type":"product","link":"https:\/\/gadgettravellers.eu\/it\/shop\/spazzolone-con-manico-in-alluminio-con-manico-in-alluminio110cm-homie-1011058\/","title":{"rendered":"Spazzolone con Manico in Alluminio Con manico in alluminio=110cm Homie 1011058"},"content":{"rendered":"<p>Parquet=40x17cm Con manico in alluminio=110cm<\/p>\n<div class='aiseo-faq-section' style='margin-top:30px; border-top:1px solid #eee; padding-top:20px;'>\n<h3>Domande Frequenti<\/h3>\n<details style='margin-bottom:10px; padding:10px; background:#f9f9f9; border-radius:5px;'>\n<summary style='font-weight:bold; cursor:pointer;'>Quali sono le dimensioni del parquet?<\/summary>\n<div style='margin-top:10px; color:#555;'>La piastrella in parquet ha dimensioni 40&#215;17 cm.<\/div>\n<\/details>\n<details style='margin-bottom:10px; padding:10px; background:#f9f9f9; border-radius:5px;'>\n<summary style='font-weight:bold; cursor:pointer;'>Quanto \u00e8 lungo il bastone e di che materiale \u00e8 fatto?<\/summary>\n<div style='margin-top:10px; color:#555;'>L&#8217;asta \u00e8 in alluminio della lunghezza di 110 cm.<\/div>\n<\/details>\n<details style='margin-bottom:10px; padding:10px; background:#f9f9f9; border-radius:5px;'>\n<summary style='font-weight:bold; cursor:pointer;'>\u00c8 adatta per la rimozione dell&#8217;acqua dai pavimenti?<\/summary>\n<div style='margin-top:10px; color:#555;'>S\u00ec, \u00e8 adatta per la rapida rimozione dell&#8217;acqua dai pavimenti.<\/div>\n<\/details>\n<details style='margin-bottom:10px; padding:10px; background:#f9f9f9; border-radius:5px;'>\n<summary style='font-weight:bold; cursor:pointer;'>\u00c8 facile da usare e da conservare?<\/summary>\n<div style='margin-top:10px; color:#555;'>S\u00ec, \u00e8 leggera, resistente e facile da usare e da conservare.<\/div>\n<\/details>\n<\/div>\n","protected":false},"excerpt":{"rendered":"<p>Parquet=40x17cm Con manico in alluminio=110cm Domande Frequenti Quali sono le dimensioni del parquet? La piastrella in parquet ha dimensioni 40&#215;17 cm. Quanto \u00e8 lungo il bastone e di che materiale \u00e8 fatto? L&#8217;asta \u00e8 in alluminio della lunghezza di 110 cm. \u00c8 adatta per la rimozione dell&#8217;acqua dai pavimenti? S\u00ec, \u00e8 adatta per la rapida [&hellip;]<\/p>\n","protected":false},"featured_media":23954,"comment_status":"closed","ping_status":"open","template":"","meta":[],"product_brand":[],"product_cat":[],"product_tag":[15],"class_list":{"0":"post-5316734","1":"product","2":"type-product","3":"status-publish","4":"has-post-thumbnail","6":"product_tag-uncategorized","8":"first","9":"onbackorder","10":"purchasable","11":"product-type-simple"},"jetpack_sharing_enabled":true,"_links":{"self":[{"href":"https:\/\/gadgettravellers.eu\/it\/wp-json\/wp\/v2\/product\/5316734","targetHints":{"allow":["GET"]}}],"collection":[{"href":"https:\/\/gadgettravellers.eu\/it\/wp-json\/wp\/v2\/product"}],"about":[{"href":"https:\/\/gadgettravellers.eu\/it\/wp-json\/wp\/v2\/types\/product"}],"replies":[{"embeddable":true,"href":"https:\/\/gadgettravellers.eu\/it\/wp-json\/wp\/v2\/comments?post=5316734"}],"wp:featuredmedia":[{"embeddable":true,"href":"https:\/\/gadgettravellers.eu\/it\/wp-json\/wp\/v2\/media\/23954"}],"wp:attachment":[{"href":"https:\/\/gadgettravellers.eu\/it\/wp-json\/wp\/v2\/media?parent=5316734"}],"wp:term":[{"taxonomy":"product_brand","embeddable":true,"href":"https:\/\/gadgettravellers.eu\/it\/wp-json\/wp\/v2\/product_brand?post=5316734"},{"taxonomy":"product_cat","embeddable":true,"href":"https:\/\/gadgettravellers.eu\/it\/wp-json\/wp\/v2\/product_cat?post=5316734"},{"taxonomy":"product_tag","embeddable":true,"href":"https:\/\/gadgettravellers.eu\/it\/wp-json\/wp\/v2\/product_tag?post=5316734"}],"curies":[{"name":"wp","href":"https:\/\/api.w.org\/{rel}","templated":true}]}}