{"id":5316773,"date":"2026-01-19T14:42:35","date_gmt":"2026-01-19T12:42:35","guid":{"rendered":"https:\/\/gadgettravellers.eu\/shop\/tenda-da-bagno-stampata-peva-180x180cm-homie-1011101\/"},"modified":"2026-04-22T22:50:06","modified_gmt":"2026-04-22T20:50:06","slug":"tenda-da-bagno-stampata-peva-180x180cm-homie-1011101","status":"publish","type":"product","link":"https:\/\/gadgettravellers.eu\/it\/shop\/tenda-da-bagno-stampata-peva-180x180cm-homie-1011101\/","title":{"rendered":"Tenda da Bagno Stampata Peva 180x180cm Homie 1011101"},"content":{"rendered":"<p>Peva 180x180cm<\/p>\n<div class='aiseo-faq-section' style='margin-top:30px; border-top:1px solid #eee; padding-top:20px;'>\n<h3>Domande Frequenti<\/h3>\n<details style='margin-bottom:10px; padding:10px; background:#f9f9f9; border-radius:5px;'>\n<summary style='font-weight:bold; cursor:pointer;'>Di che materiale \u00e8 fatta la tenda?<\/summary>\n<div style='margin-top:10px; color:#555;'>La tenda \u00e8 in PEVA, un materiale senza PVC adatto per il bagno.<\/div>\n<\/details>\n<details style='margin-bottom:10px; padding:10px; background:#f9f9f9; border-radius:5px;'>\n<summary style='font-weight:bold; cursor:pointer;'>Quali sono le dimensioni della tenda?<\/summary>\n<div style='margin-top:10px; color:#555;'>Le dimensioni sono 180x180cm.<\/div>\n<\/details>\n<details style='margin-bottom:10px; padding:10px; background:#f9f9f9; border-radius:5px;'>\n<summary style='font-weight:bold; cursor:pointer;'>Protegge dallo sviluppo della muffa?<\/summary>\n<div style='margin-top:10px; color:#555;'>S\u00ec, \u00e8 resistente all&#8217;umidit\u00e0 e progettata per ridurre la crescita della muffa.<\/div>\n<\/details>\n<details style='margin-bottom:10px; padding:10px; background:#f9f9f9; border-radius:5px;'>\n<summary style='font-weight:bold; cursor:pointer;'>Come si pulisce la tenda?<\/summary>\n<div style='margin-top:10px; color:#555;'>Si pulisce facilmente con un panno umido o con sapone delicato e acqua.<\/div>\n<\/details>\n<\/div>\n","protected":false},"excerpt":{"rendered":"<p>Peva 180x180cm Domande Frequenti Di che materiale \u00e8 fatta la tenda? La tenda \u00e8 in PEVA, un materiale senza PVC adatto per il bagno. Quali sono le dimensioni della tenda? Le dimensioni sono 180x180cm. Protegge dallo sviluppo della muffa? S\u00ec, \u00e8 resistente all&#8217;umidit\u00e0 e progettata per ridurre la crescita della muffa. Come si pulisce la [&hellip;]<\/p>\n","protected":false},"featured_media":24142,"comment_status":"closed","ping_status":"open","template":"","meta":[],"product_brand":[],"product_cat":[],"product_tag":[15],"class_list":{"0":"post-5316773","1":"product","2":"type-product","3":"status-publish","4":"has-post-thumbnail","6":"product_tag-uncategorized","8":"first","9":"onbackorder","10":"purchasable","11":"product-type-simple"},"jetpack_sharing_enabled":true,"_links":{"self":[{"href":"https:\/\/gadgettravellers.eu\/it\/wp-json\/wp\/v2\/product\/5316773","targetHints":{"allow":["GET"]}}],"collection":[{"href":"https:\/\/gadgettravellers.eu\/it\/wp-json\/wp\/v2\/product"}],"about":[{"href":"https:\/\/gadgettravellers.eu\/it\/wp-json\/wp\/v2\/types\/product"}],"replies":[{"embeddable":true,"href":"https:\/\/gadgettravellers.eu\/it\/wp-json\/wp\/v2\/comments?post=5316773"}],"wp:featuredmedia":[{"embeddable":true,"href":"https:\/\/gadgettravellers.eu\/it\/wp-json\/wp\/v2\/media\/24142"}],"wp:attachment":[{"href":"https:\/\/gadgettravellers.eu\/it\/wp-json\/wp\/v2\/media?parent=5316773"}],"wp:term":[{"taxonomy":"product_brand","embeddable":true,"href":"https:\/\/gadgettravellers.eu\/it\/wp-json\/wp\/v2\/product_brand?post=5316773"},{"taxonomy":"product_cat","embeddable":true,"href":"https:\/\/gadgettravellers.eu\/it\/wp-json\/wp\/v2\/product_cat?post=5316773"},{"taxonomy":"product_tag","embeddable":true,"href":"https:\/\/gadgettravellers.eu\/it\/wp-json\/wp\/v2\/product_tag?post=5316773"}],"curies":[{"name":"wp","href":"https:\/\/api.w.org\/{rel}","templated":true}]}}