{"id":5316775,"date":"2026-01-19T14:42:37","date_gmt":"2026-01-19T12:42:37","guid":{"rendered":"https:\/\/gadgettravellers.eu\/shop\/tenda-da-bagno-monocromatica-in-tessuto-180x180cm-homie-1011100\/"},"modified":"2026-04-22T22:50:07","modified_gmt":"2026-04-22T20:50:07","slug":"tenda-da-bagno-monocromatica-in-tessuto-180x180cm-homie-1011100","status":"publish","type":"product","link":"https:\/\/gadgettravellers.eu\/it\/shop\/tenda-da-bagno-monocromatica-in-tessuto-180x180cm-homie-1011100\/","title":{"rendered":"Tenda da Bagno Monocromatica in Tessuto 180x180cm Homie 1011100"},"content":{"rendered":"<p>In tessuto (poliestere) 180x180cm<\/p>\n<div class='aiseo-faq-section' style='margin-top:30px; border-top:1px solid #eee; padding-top:20px;'>\n<h3>Domande Frequenti<\/h3>\n<details style='margin-bottom:10px; padding:10px; background:#f9f9f9; border-radius:5px;'>\n<summary style='font-weight:bold; cursor:pointer;'>Di che materiale \u00e8 questa tenda?<\/summary>\n<div style='margin-top:10px; color:#555;'>\u00c8 in tessuto e realizzata in poliestere.<\/div>\n<\/details>\n<details style='margin-bottom:10px; padding:10px; background:#f9f9f9; border-radius:5px;'>\n<summary style='font-weight:bold; cursor:pointer;'>Quali sono le dimensioni della tenda?<\/summary>\n<div style='margin-top:10px; color:#555;'>Le dimensioni sono 180&#215;180 cm.<\/div>\n<\/details>\n<details style='margin-bottom:10px; padding:10px; background:#f9f9f9; border-radius:5px;'>\n<summary style='font-weight:bold; cursor:pointer;'>La tenda \u00e8 monocolore?<\/summary>\n<div style='margin-top:10px; color:#555;'>S\u00ec, si tratta di una tenda monocolore.<\/div>\n<\/details>\n<details style='margin-bottom:10px; padding:10px; background:#f9f9f9; border-radius:5px;'>\n<summary style='font-weight:bold; cursor:pointer;'>\u00c8 facile da installare?<\/summary>\n<div style='margin-top:10px; color:#555;'>S\u00ec, \u00e8 descritta come facile da installare.<\/div>\n<\/details>\n<\/div>\n","protected":false},"excerpt":{"rendered":"<p>In tessuto (poliestere) 180x180cm Domande Frequenti Di che materiale \u00e8 questa tenda? \u00c8 in tessuto e realizzata in poliestere. Quali sono le dimensioni della tenda? Le dimensioni sono 180&#215;180 cm. La tenda \u00e8 monocolore? S\u00ec, si tratta di una tenda monocolore. \u00c8 facile da installare? S\u00ec, \u00e8 descritta come facile da installare.<\/p>\n","protected":false},"featured_media":24139,"comment_status":"closed","ping_status":"open","template":"","meta":[],"product_brand":[],"product_cat":[],"product_tag":[15],"class_list":{"0":"post-5316775","1":"product","2":"type-product","3":"status-publish","4":"has-post-thumbnail","6":"product_tag-uncategorized","8":"first","9":"onbackorder","10":"purchasable","11":"product-type-simple"},"jetpack_sharing_enabled":true,"_links":{"self":[{"href":"https:\/\/gadgettravellers.eu\/it\/wp-json\/wp\/v2\/product\/5316775","targetHints":{"allow":["GET"]}}],"collection":[{"href":"https:\/\/gadgettravellers.eu\/it\/wp-json\/wp\/v2\/product"}],"about":[{"href":"https:\/\/gadgettravellers.eu\/it\/wp-json\/wp\/v2\/types\/product"}],"replies":[{"embeddable":true,"href":"https:\/\/gadgettravellers.eu\/it\/wp-json\/wp\/v2\/comments?post=5316775"}],"wp:featuredmedia":[{"embeddable":true,"href":"https:\/\/gadgettravellers.eu\/it\/wp-json\/wp\/v2\/media\/24139"}],"wp:attachment":[{"href":"https:\/\/gadgettravellers.eu\/it\/wp-json\/wp\/v2\/media?parent=5316775"}],"wp:term":[{"taxonomy":"product_brand","embeddable":true,"href":"https:\/\/gadgettravellers.eu\/it\/wp-json\/wp\/v2\/product_brand?post=5316775"},{"taxonomy":"product_cat","embeddable":true,"href":"https:\/\/gadgettravellers.eu\/it\/wp-json\/wp\/v2\/product_cat?post=5316775"},{"taxonomy":"product_tag","embeddable":true,"href":"https:\/\/gadgettravellers.eu\/it\/wp-json\/wp\/v2\/product_tag?post=5316775"}],"curies":[{"name":"wp","href":"https:\/\/api.w.org\/{rel}","templated":true}]}}