{"id":5316793,"date":"2026-01-19T14:42:49","date_gmt":"2026-01-19T12:42:49","guid":{"rendered":"https:\/\/gadgettravellers.eu\/shop\/scatola-di-stoccaggio-trasparente-con-struttura-metallica-60x42x40cm-homie-1011127\/"},"modified":"2026-04-22T22:50:16","modified_gmt":"2026-04-22T20:50:16","slug":"scatola-di-stoccaggio-trasparente-con-struttura-metallica-60x42x40cm-homie-1011127","status":"publish","type":"product","link":"https:\/\/gadgettravellers.eu\/it\/shop\/scatola-di-stoccaggio-trasparente-con-struttura-metallica-60x42x40cm-homie-1011127\/","title":{"rendered":"Scatola di Stoccaggio Trasparente con Struttura Metallica 60x42x40cm Homie 1011127"},"content":{"rendered":"<p>Scatola trasparente con struttura metallica 60x42x40cm<\/p>\n<div class='aiseo-faq-section' style='margin-top:30px; border-top:1px solid #eee; padding-top:20px;'>\n<h3>Domande Frequenti<\/h3>\n<details style='margin-bottom:10px; padding:10px; background:#f9f9f9; border-radius:5px;'>\n<summary style='font-weight:bold; cursor:pointer;'>Quali sono le dimensioni della scatola?<\/summary>\n<div style='margin-top:10px; color:#555;'>Le dimensioni sono 60x42x40 cm.<\/div>\n<\/details>\n<details style='margin-bottom:10px; padding:10px; background:#f9f9f9; border-radius:5px;'>\n<summary style='font-weight:bold; cursor:pointer;'>La scatola \u00e8 trasparente?<\/summary>\n<div style='margin-top:10px; color:#555;'>S\u00ec, la scatola \u00e8 see-through (trasparente).<\/div>\n<\/details>\n<details style='margin-bottom:10px; padding:10px; background:#f9f9f9; border-radius:5px;'>\n<summary style='font-weight:bold; cursor:pointer;'>Che tipo di telaio ha?<\/summary>\n<div style='margin-top:10px; color:#555;'>Ha una struttura metallica.<\/div>\n<\/details>\n<details style='margin-bottom:10px; padding:10px; background:#f9f9f9; border-radius:5px;'>\n<summary style='font-weight:bold; cursor:pointer;'>Per quale uso \u00e8 adatto?<\/summary>\n<div style='margin-top:10px; color:#555;'>\u00c8 ideale per l&#8217;organizzazione e la conservazione in casa o in ufficio.<\/div>\n<\/details>\n<\/div>\n","protected":false},"excerpt":{"rendered":"<p>Scatola trasparente con struttura metallica 60x42x40cm Domande Frequenti Quali sono le dimensioni della scatola? Le dimensioni sono 60x42x40 cm. La scatola \u00e8 trasparente? S\u00ec, la scatola \u00e8 see-through (trasparente). Che tipo di telaio ha? Ha una struttura metallica. Per quale uso \u00e8 adatto? \u00c8 ideale per l&#8217;organizzazione e la conservazione in casa o in ufficio.<\/p>\n","protected":false},"featured_media":24269,"comment_status":"closed","ping_status":"open","template":"","meta":[],"product_brand":[],"product_cat":[],"product_tag":[15],"class_list":{"0":"post-5316793","1":"product","2":"type-product","3":"status-publish","4":"has-post-thumbnail","6":"product_tag-uncategorized","8":"first","9":"onbackorder","10":"purchasable","11":"product-type-simple"},"jetpack_sharing_enabled":true,"_links":{"self":[{"href":"https:\/\/gadgettravellers.eu\/it\/wp-json\/wp\/v2\/product\/5316793","targetHints":{"allow":["GET"]}}],"collection":[{"href":"https:\/\/gadgettravellers.eu\/it\/wp-json\/wp\/v2\/product"}],"about":[{"href":"https:\/\/gadgettravellers.eu\/it\/wp-json\/wp\/v2\/types\/product"}],"replies":[{"embeddable":true,"href":"https:\/\/gadgettravellers.eu\/it\/wp-json\/wp\/v2\/comments?post=5316793"}],"wp:featuredmedia":[{"embeddable":true,"href":"https:\/\/gadgettravellers.eu\/it\/wp-json\/wp\/v2\/media\/24269"}],"wp:attachment":[{"href":"https:\/\/gadgettravellers.eu\/it\/wp-json\/wp\/v2\/media?parent=5316793"}],"wp:term":[{"taxonomy":"product_brand","embeddable":true,"href":"https:\/\/gadgettravellers.eu\/it\/wp-json\/wp\/v2\/product_brand?post=5316793"},{"taxonomy":"product_cat","embeddable":true,"href":"https:\/\/gadgettravellers.eu\/it\/wp-json\/wp\/v2\/product_cat?post=5316793"},{"taxonomy":"product_tag","embeddable":true,"href":"https:\/\/gadgettravellers.eu\/it\/wp-json\/wp\/v2\/product_tag?post=5316793"}],"curies":[{"name":"wp","href":"https:\/\/api.w.org\/{rel}","templated":true}]}}