{"id":5316802,"date":"2026-01-19T14:42:57","date_gmt":"2026-01-19T12:42:57","guid":{"rendered":"https:\/\/gadgettravellers.eu\/shop\/vaso-cilindrico-quadrato-12x12x11cm-homie-1011142\/"},"modified":"2026-04-22T22:50:20","modified_gmt":"2026-04-22T20:50:20","slug":"vaso-cilindrico-quadrato-12x12x11cm-homie-1011142","status":"publish","type":"product","link":"https:\/\/gadgettravellers.eu\/it\/shop\/vaso-cilindrico-quadrato-12x12x11cm-homie-1011142\/","title":{"rendered":"Vaso cilindrico quadrato 12x12x11cm Homie 1011142"},"content":{"rendered":"<p>Vaso in ceramica 12x12x11cm<\/p>\n<div class='aiseo-faq-section' style='margin-top:30px; border-top:1px solid #eee; padding-top:20px;'>\n<h3>Domande Frequenti<\/h3>\n<details style='margin-bottom:10px; padding:10px; background:#f9f9f9; border-radius:5px;'>\n<summary style='font-weight:bold; cursor:pointer;'>Quali sono le dimensioni di questo vaso?<\/summary>\n<div style='margin-top:10px; color:#555;'>Le dimensioni sono 12x12x11 cm.<\/div>\n<\/details>\n<details style='margin-bottom:10px; padding:10px; background:#f9f9f9; border-radius:5px;'>\n<summary style='font-weight:bold; cursor:pointer;'>Pu\u00f2 essere utilizzato sia in ambienti interni che esterni?<\/summary>\n<div style='margin-top:10px; color:#555;'>S\u00ec, \u00e8 adatto per uso interno ed esterno.<\/div>\n<\/details>\n<details style='margin-bottom:10px; padding:10px; background:#f9f9f9; border-radius:5px;'>\n<summary style='font-weight:bold; cursor:pointer;'>Per quali tipi di piante \u00e8 adatto questo vaso?<\/summary>\n<div style='margin-top:10px; color:#555;'>\u00c8 ideale per piccole piante, come succulente e piccole piante da interno.<\/div>\n<\/details>\n<\/div>\n","protected":false},"excerpt":{"rendered":"<p>Vaso in ceramica 12x12x11cm Domande Frequenti Quali sono le dimensioni di questo vaso? Le dimensioni sono 12x12x11 cm. Pu\u00f2 essere utilizzato sia in ambienti interni che esterni? S\u00ec, \u00e8 adatto per uso interno ed esterno. Per quali tipi di piante \u00e8 adatto questo vaso? \u00c8 ideale per piccole piante, come succulente e piccole piante da [&hellip;]<\/p>\n","protected":false},"featured_media":24302,"comment_status":"closed","ping_status":"open","template":"","meta":[],"product_brand":[],"product_cat":[],"product_tag":[15],"class_list":{"0":"post-5316802","1":"product","2":"type-product","3":"status-publish","4":"has-post-thumbnail","6":"product_tag-uncategorized","8":"first","9":"onbackorder","10":"purchasable","11":"product-type-simple"},"jetpack_sharing_enabled":true,"_links":{"self":[{"href":"https:\/\/gadgettravellers.eu\/it\/wp-json\/wp\/v2\/product\/5316802","targetHints":{"allow":["GET"]}}],"collection":[{"href":"https:\/\/gadgettravellers.eu\/it\/wp-json\/wp\/v2\/product"}],"about":[{"href":"https:\/\/gadgettravellers.eu\/it\/wp-json\/wp\/v2\/types\/product"}],"replies":[{"embeddable":true,"href":"https:\/\/gadgettravellers.eu\/it\/wp-json\/wp\/v2\/comments?post=5316802"}],"wp:featuredmedia":[{"embeddable":true,"href":"https:\/\/gadgettravellers.eu\/it\/wp-json\/wp\/v2\/media\/24302"}],"wp:attachment":[{"href":"https:\/\/gadgettravellers.eu\/it\/wp-json\/wp\/v2\/media?parent=5316802"}],"wp:term":[{"taxonomy":"product_brand","embeddable":true,"href":"https:\/\/gadgettravellers.eu\/it\/wp-json\/wp\/v2\/product_brand?post=5316802"},{"taxonomy":"product_cat","embeddable":true,"href":"https:\/\/gadgettravellers.eu\/it\/wp-json\/wp\/v2\/product_cat?post=5316802"},{"taxonomy":"product_tag","embeddable":true,"href":"https:\/\/gadgettravellers.eu\/it\/wp-json\/wp\/v2\/product_tag?post=5316802"}],"curies":[{"name":"wp","href":"https:\/\/api.w.org\/{rel}","templated":true}]}}