{"id":5316808,"date":"2026-01-19T14:43:01","date_gmt":"2026-01-19T12:43:01","guid":{"rendered":"https:\/\/gadgettravellers.eu\/shop\/pinza-bbq-con-manico-in-legno-46cm-homie-1011154\/"},"modified":"2026-04-22T22:50:22","modified_gmt":"2026-04-22T20:50:22","slug":"pinza-bbq-con-manico-in-legno-46cm-homie-1011154","status":"publish","type":"product","link":"https:\/\/gadgettravellers.eu\/it\/shop\/pinza-bbq-con-manico-in-legno-46cm-homie-1011154\/","title":{"rendered":"Pinza Bbq con Manico in Legno 46cm Homie 1011154"},"content":{"rendered":"<p>Pinza Bbq 46cm<\/p>\n<div class='aiseo-faq-section' style='margin-top:30px; border-top:1px solid #eee; padding-top:20px;'>\n<h3>Domande Frequenti<\/h3>\n<details style='margin-bottom:10px; padding:10px; background:#f9f9f9; border-radius:5px;'>\n<summary style='font-weight:bold; cursor:pointer;'>Qual \u00e8 la lunghezza della pinza?<\/summary>\n<div style='margin-top:10px; color:#555;'>La pinza \u00e8 lunga 46 cm.<\/div>\n<\/details>\n<details style='margin-bottom:10px; padding:10px; background:#f9f9f9; border-radius:5px;'>\n<summary style='font-weight:bold; cursor:pointer;'>Di che materiale \u00e8 fatto il corpo della pinza?<\/summary>\n<div style='margin-top:10px; color:#555;'>Il corpo \u00e8 in acciaio inossidabile.<\/div>\n<\/details>\n<details style='margin-bottom:10px; padding:10px; background:#f9f9f9; border-radius:5px;'>\n<summary style='font-weight:bold; cursor:pointer;'>Di che materiale \u00e8 fatta l&#8217;impugnatura?<\/summary>\n<div style='margin-top:10px; color:#555;'>La maniglia \u00e8 in legno.<\/div>\n<\/details>\n<details style='margin-bottom:10px; padding:10px; background:#f9f9f9; border-radius:5px;'>\n<summary style='font-weight:bold; cursor:pointer;'>\u00c8 adatta per l&#8217;uso sulla griglia?<\/summary>\n<div style='margin-top:10px; color:#555;'>S\u00ec, \u00e8 progettata per una manipolazione sicura e confortevole sulla griglia.<\/div>\n<\/details>\n<\/div>\n","protected":false},"excerpt":{"rendered":"<p>Pinza Bbq 46cm Domande Frequenti Qual \u00e8 la lunghezza della pinza? La pinza \u00e8 lunga 46 cm. Di che materiale \u00e8 fatto il corpo della pinza? Il corpo \u00e8 in acciaio inossidabile. Di che materiale \u00e8 fatta l&#8217;impugnatura? La maniglia \u00e8 in legno. \u00c8 adatta per l&#8217;uso sulla griglia? S\u00ec, \u00e8 progettata per una manipolazione [&hellip;]<\/p>\n","protected":false},"featured_media":24425,"comment_status":"closed","ping_status":"open","template":"","meta":[],"product_brand":[],"product_cat":[],"product_tag":[15],"class_list":{"0":"post-5316808","1":"product","2":"type-product","3":"status-publish","4":"has-post-thumbnail","6":"product_tag-uncategorized","8":"first","9":"onbackorder","10":"purchasable","11":"product-type-simple"},"jetpack_sharing_enabled":true,"_links":{"self":[{"href":"https:\/\/gadgettravellers.eu\/it\/wp-json\/wp\/v2\/product\/5316808","targetHints":{"allow":["GET"]}}],"collection":[{"href":"https:\/\/gadgettravellers.eu\/it\/wp-json\/wp\/v2\/product"}],"about":[{"href":"https:\/\/gadgettravellers.eu\/it\/wp-json\/wp\/v2\/types\/product"}],"replies":[{"embeddable":true,"href":"https:\/\/gadgettravellers.eu\/it\/wp-json\/wp\/v2\/comments?post=5316808"}],"wp:featuredmedia":[{"embeddable":true,"href":"https:\/\/gadgettravellers.eu\/it\/wp-json\/wp\/v2\/media\/24425"}],"wp:attachment":[{"href":"https:\/\/gadgettravellers.eu\/it\/wp-json\/wp\/v2\/media?parent=5316808"}],"wp:term":[{"taxonomy":"product_brand","embeddable":true,"href":"https:\/\/gadgettravellers.eu\/it\/wp-json\/wp\/v2\/product_brand?post=5316808"},{"taxonomy":"product_cat","embeddable":true,"href":"https:\/\/gadgettravellers.eu\/it\/wp-json\/wp\/v2\/product_cat?post=5316808"},{"taxonomy":"product_tag","embeddable":true,"href":"https:\/\/gadgettravellers.eu\/it\/wp-json\/wp\/v2\/product_tag?post=5316808"}],"curies":[{"name":"wp","href":"https:\/\/api.w.org\/{rel}","templated":true}]}}