{"id":5316815,"date":"2026-01-19T14:43:06","date_gmt":"2026-01-19T12:43:06","guid":{"rendered":"https:\/\/gadgettravellers.eu\/shop\/teglia-da-forno-antiaderente-405x27x45cm-homie-1011164\/"},"modified":"2026-04-22T22:50:26","modified_gmt":"2026-04-22T20:50:26","slug":"teglia-da-forno-antiaderente-405x27x45cm-homie-1011164","status":"publish","type":"product","link":"https:\/\/gadgettravellers.eu\/it\/shop\/teglia-da-forno-antiaderente-405x27x45cm-homie-1011164\/","title":{"rendered":"Teglia da Forno Antiaderente 40,5x27x4,5cm Homie 1011164"},"content":{"rendered":"<p>Antiaderente 40,5x27x4,5cm<\/p>\n<div class='aiseo-faq-section' style='margin-top:30px; border-top:1px solid #eee; padding-top:20px;'>\n<h3>Domande Frequenti<\/h3>\n<details style='margin-bottom:10px; padding:10px; background:#f9f9f9; border-radius:5px;'>\n<summary style='font-weight:bold; cursor:pointer;'>Quali sono le dimensioni della teglia?<\/summary>\n<div style='margin-top:10px; color:#555;'>40,5 x 27 x 4,5 cm.<\/div>\n<\/details>\n<details style='margin-bottom:10px; padding:10px; background:#f9f9f9; border-radius:5px;'>\n<summary style='font-weight:bold; cursor:pointer;'>\u00c8 antiaderente?<\/summary>\n<div style='margin-top:10px; color:#555;'>S\u00ec \u2014 dispone di una superficie antiaderente.<\/div>\n<\/details>\n<details style='margin-bottom:10px; padding:10px; background:#f9f9f9; border-radius:5px;'>\n<summary style='font-weight:bold; cursor:pointer;'>\u00c8 adatto per l&#8217;uso quotidiano nel forno?<\/summary>\n<div style='margin-top:10px; color:#555;'>S\u00ec, \u00e8 adatto per l&#8217;uso quotidiano in forno e offre una cottura uniforme.<\/div>\n<\/details>\n<\/div>\n","protected":false},"excerpt":{"rendered":"<p>Antiaderente 40,5x27x4,5cm Domande Frequenti Quali sono le dimensioni della teglia? 40,5 x 27 x 4,5 cm. \u00c8 antiaderente? S\u00ec \u2014 dispone di una superficie antiaderente. \u00c8 adatto per l&#8217;uso quotidiano nel forno? S\u00ec, \u00e8 adatto per l&#8217;uso quotidiano in forno e offre una cottura uniforme.<\/p>\n","protected":false},"featured_media":24444,"comment_status":"closed","ping_status":"open","template":"","meta":[],"product_brand":[],"product_cat":[],"product_tag":[15],"class_list":{"0":"post-5316815","1":"product","2":"type-product","3":"status-publish","4":"has-post-thumbnail","6":"product_tag-uncategorized","8":"first","9":"onbackorder","10":"purchasable","11":"product-type-simple"},"jetpack_sharing_enabled":true,"_links":{"self":[{"href":"https:\/\/gadgettravellers.eu\/it\/wp-json\/wp\/v2\/product\/5316815","targetHints":{"allow":["GET"]}}],"collection":[{"href":"https:\/\/gadgettravellers.eu\/it\/wp-json\/wp\/v2\/product"}],"about":[{"href":"https:\/\/gadgettravellers.eu\/it\/wp-json\/wp\/v2\/types\/product"}],"replies":[{"embeddable":true,"href":"https:\/\/gadgettravellers.eu\/it\/wp-json\/wp\/v2\/comments?post=5316815"}],"wp:featuredmedia":[{"embeddable":true,"href":"https:\/\/gadgettravellers.eu\/it\/wp-json\/wp\/v2\/media\/24444"}],"wp:attachment":[{"href":"https:\/\/gadgettravellers.eu\/it\/wp-json\/wp\/v2\/media?parent=5316815"}],"wp:term":[{"taxonomy":"product_brand","embeddable":true,"href":"https:\/\/gadgettravellers.eu\/it\/wp-json\/wp\/v2\/product_brand?post=5316815"},{"taxonomy":"product_cat","embeddable":true,"href":"https:\/\/gadgettravellers.eu\/it\/wp-json\/wp\/v2\/product_cat?post=5316815"},{"taxonomy":"product_tag","embeddable":true,"href":"https:\/\/gadgettravellers.eu\/it\/wp-json\/wp\/v2\/product_tag?post=5316815"}],"curies":[{"name":"wp","href":"https:\/\/api.w.org\/{rel}","templated":true}]}}