{"id":5316821,"date":"2026-01-19T14:43:11","date_gmt":"2026-01-19T12:43:11","guid":{"rendered":"https:\/\/gadgettravellers.eu\/shop\/telo-impermeabile-3x24m-homie-1011171\/"},"modified":"2026-04-22T22:50:28","modified_gmt":"2026-04-22T20:50:28","slug":"telo-impermeabile-3x24m-homie-1011171","status":"publish","type":"product","link":"https:\/\/gadgettravellers.eu\/it\/shop\/telo-impermeabile-3x24m-homie-1011171\/","title":{"rendered":"Telo Impermeabile 3&#215;2,4m Homie 1011171"},"content":{"rendered":"<p>Impermeabile 3&#215;2,4m<\/p>\n<div class='aiseo-faq-section' style='margin-top:30px; border-top:1px solid #eee; padding-top:20px;'>\n<h3>Domande Frequenti<\/h3>\n<details style='margin-bottom:10px; padding:10px; background:#f9f9f9; border-radius:5px;'>\n<summary style='font-weight:bold; cursor:pointer;'>Quali sono le dimensioni del telo cerato?<\/summary>\n<div style='margin-top:10px; color:#555;'>La tela cerata ha dimensioni di 3 x 2,4 metri.<\/div>\n<\/details>\n<details style='margin-bottom:10px; padding:10px; background:#f9f9f9; border-radius:5px;'>\n<summary style='font-weight:bold; cursor:pointer;'>La tela cerata \u00e8 impermeabile?<\/summary>\n<div style='margin-top:10px; color:#555;'>S\u00ec, \u00e8 impermeabile.<\/div>\n<\/details>\n<details style='margin-bottom:10px; padding:10px; background:#f9f9f9; border-radius:5px;'>\n<summary style='font-weight:bold; cursor:pointer;'>Per quali usi \u00e8 adatto?<\/summary>\n<div style='margin-top:10px; color:#555;'>Ideale per coprire spazi esterni, proteggere oggetti e lavori all&#8217;aperto.<\/div>\n<\/details>\n<details style='margin-bottom:10px; padding:10px; background:#f9f9f9; border-radius:5px;'>\n<summary style='font-weight:bold; cursor:pointer;'>\u00c8 facile da usare e da conservare?<\/summary>\n<div style='margin-top:10px; color:#555;'>S\u00ec, \u00e8 facile da usare e da conservare.<\/div>\n<\/details>\n<\/div>\n","protected":false},"excerpt":{"rendered":"<p>Impermeabile 3&#215;2,4m Domande Frequenti Quali sono le dimensioni del telo cerato? La tela cerata ha dimensioni di 3 x 2,4 metri. La tela cerata \u00e8 impermeabile? S\u00ec, \u00e8 impermeabile. Per quali usi \u00e8 adatto? Ideale per coprire spazi esterni, proteggere oggetti e lavori all&#8217;aperto. \u00c8 facile da usare e da conservare? S\u00ec, \u00e8 facile da [&hellip;]<\/p>\n","protected":false},"featured_media":5029128,"comment_status":"closed","ping_status":"open","template":"","meta":[],"product_brand":[],"product_cat":[],"product_tag":[15],"class_list":{"0":"post-5316821","1":"product","2":"type-product","3":"status-publish","4":"has-post-thumbnail","6":"product_tag-uncategorized","8":"first","9":"onbackorder","10":"purchasable","11":"product-type-simple"},"jetpack_sharing_enabled":true,"_links":{"self":[{"href":"https:\/\/gadgettravellers.eu\/it\/wp-json\/wp\/v2\/product\/5316821","targetHints":{"allow":["GET"]}}],"collection":[{"href":"https:\/\/gadgettravellers.eu\/it\/wp-json\/wp\/v2\/product"}],"about":[{"href":"https:\/\/gadgettravellers.eu\/it\/wp-json\/wp\/v2\/types\/product"}],"replies":[{"embeddable":true,"href":"https:\/\/gadgettravellers.eu\/it\/wp-json\/wp\/v2\/comments?post=5316821"}],"wp:featuredmedia":[{"embeddable":true,"href":"https:\/\/gadgettravellers.eu\/it\/wp-json\/wp\/v2\/media\/5029128"}],"wp:attachment":[{"href":"https:\/\/gadgettravellers.eu\/it\/wp-json\/wp\/v2\/media?parent=5316821"}],"wp:term":[{"taxonomy":"product_brand","embeddable":true,"href":"https:\/\/gadgettravellers.eu\/it\/wp-json\/wp\/v2\/product_brand?post=5316821"},{"taxonomy":"product_cat","embeddable":true,"href":"https:\/\/gadgettravellers.eu\/it\/wp-json\/wp\/v2\/product_cat?post=5316821"},{"taxonomy":"product_tag","embeddable":true,"href":"https:\/\/gadgettravellers.eu\/it\/wp-json\/wp\/v2\/product_tag?post=5316821"}],"curies":[{"name":"wp","href":"https:\/\/api.w.org\/{rel}","templated":true}]}}