{"id":5316822,"date":"2026-01-19T14:43:12","date_gmt":"2026-01-19T12:43:12","guid":{"rendered":"https:\/\/gadgettravellers.eu\/shop\/griglia-per-barbecue-bbq-36x26x56cm-homie-101139\/"},"modified":"2026-04-22T22:50:29","modified_gmt":"2026-04-22T20:50:29","slug":"griglia-per-barbecue-bbq-36x26x56cm-homie-101139","status":"publish","type":"product","link":"https:\/\/gadgettravellers.eu\/it\/shop\/griglia-per-barbecue-bbq-36x26x56cm-homie-101139\/","title":{"rendered":"Griglia per Barbecue bbq 36&#215;26(x56)cm Homie 101139"},"content":{"rendered":"<p>Griglia 36&#215;26(x56)cm<\/p>\n<div class='aiseo-faq-section' style='margin-top:30px; border-top:1px solid #eee; padding-top:20px;'>\n<h3>Domande Frequenti<\/h3>\n<details style='margin-bottom:10px; padding:10px; background:#f9f9f9; border-radius:5px;'>\n<summary style='font-weight:bold; cursor:pointer;'>Quali sono le dimensioni della griglia?<\/summary>\n<div style='margin-top:10px; color:#555;'>Le dimensioni sono 36&#215;26(x56)cm.<\/div>\n<\/details>\n<details style='margin-bottom:10px; padding:10px; background:#f9f9f9; border-radius:5px;'>\n<summary style='font-weight:bold; cursor:pointer;'>La griglia \u00e8 rimovibile?<\/summary>\n<div style='margin-top:10px; color:#555;'>S\u00ec, \u00e8 rimovibile per una pulizia e conservazione pi\u00f9 facili.<\/div>\n<\/details>\n<details style='margin-bottom:10px; padding:10px; background:#f9f9f9; border-radius:5px;'>\n<summary style='font-weight:bold; cursor:pointer;'>Per quale tipo di cottura \u00e8 destinato?<\/summary>\n<div style='margin-top:10px; color:#555;'>Adatta per barbecue e cotture all&#8217;aperto.<\/div>\n<\/details>\n<details style='margin-bottom:10px; padding:10px; background:#f9f9f9; border-radius:5px;'>\n<summary style='font-weight:bold; cursor:pointer;'>\u00c8 facile da installare?<\/summary>\n<div style='margin-top:10px; color:#555;'>S\u00ec, la griglia \u00e8 progettata per un facile montaggio.<\/div>\n<\/details>\n<\/div>\n","protected":false},"excerpt":{"rendered":"<p>Griglia 36&#215;26(x56)cm Domande Frequenti Quali sono le dimensioni della griglia? Le dimensioni sono 36&#215;26(x56)cm. La griglia \u00e8 rimovibile? S\u00ec, \u00e8 rimovibile per una pulizia e conservazione pi\u00f9 facili. Per quale tipo di cottura \u00e8 destinato? Adatta per barbecue e cotture all&#8217;aperto. \u00c8 facile da installare? S\u00ec, la griglia \u00e8 progettata per un facile montaggio.<\/p>\n","protected":false},"featured_media":24457,"comment_status":"closed","ping_status":"open","template":"","meta":[],"product_brand":[],"product_cat":[],"product_tag":[15],"class_list":{"0":"post-5316822","1":"product","2":"type-product","3":"status-publish","4":"has-post-thumbnail","6":"product_tag-uncategorized","8":"first","9":"onbackorder","10":"purchasable","11":"product-type-simple"},"jetpack_sharing_enabled":true,"_links":{"self":[{"href":"https:\/\/gadgettravellers.eu\/it\/wp-json\/wp\/v2\/product\/5316822","targetHints":{"allow":["GET"]}}],"collection":[{"href":"https:\/\/gadgettravellers.eu\/it\/wp-json\/wp\/v2\/product"}],"about":[{"href":"https:\/\/gadgettravellers.eu\/it\/wp-json\/wp\/v2\/types\/product"}],"replies":[{"embeddable":true,"href":"https:\/\/gadgettravellers.eu\/it\/wp-json\/wp\/v2\/comments?post=5316822"}],"wp:featuredmedia":[{"embeddable":true,"href":"https:\/\/gadgettravellers.eu\/it\/wp-json\/wp\/v2\/media\/24457"}],"wp:attachment":[{"href":"https:\/\/gadgettravellers.eu\/it\/wp-json\/wp\/v2\/media?parent=5316822"}],"wp:term":[{"taxonomy":"product_brand","embeddable":true,"href":"https:\/\/gadgettravellers.eu\/it\/wp-json\/wp\/v2\/product_brand?post=5316822"},{"taxonomy":"product_cat","embeddable":true,"href":"https:\/\/gadgettravellers.eu\/it\/wp-json\/wp\/v2\/product_cat?post=5316822"},{"taxonomy":"product_tag","embeddable":true,"href":"https:\/\/gadgettravellers.eu\/it\/wp-json\/wp\/v2\/product_tag?post=5316822"}],"curies":[{"name":"wp","href":"https:\/\/api.w.org\/{rel}","templated":true}]}}