{"id":5316848,"date":"2026-01-19T14:43:35","date_gmt":"2026-01-19T12:43:35","guid":{"rendered":"https:\/\/gadgettravellers.eu\/shop\/guanti-da-giardino-lavoro-26cm-homie-101263\/"},"modified":"2026-04-22T22:50:41","modified_gmt":"2026-04-22T20:50:41","slug":"guanti-da-giardino-lavoro-26cm-homie-101263","status":"publish","type":"product","link":"https:\/\/gadgettravellers.eu\/it\/shop\/guanti-da-giardino-lavoro-26cm-homie-101263\/","title":{"rendered":"Guanti da Giardino-Lavoro 26cm Homie 101263"},"content":{"rendered":"<p>Guanti da giardino-lavoro 26cm<\/p>\n<div class='aiseo-faq-section' style='margin-top:30px; border-top:1px solid #eee; padding-top:20px;'>\n<h3>Domande Frequenti<\/h3>\n<details style='margin-bottom:10px; padding:10px; background:#f9f9f9; border-radius:5px;'>\n<summary style='font-weight:bold; cursor:pointer;'>Per quali lavori sono destinati questi guanti?<\/summary>\n<div style='margin-top:10px; color:#555;'>Sono adatti per lavori di giardinaggio e lavori manuali generali.<\/div>\n<\/details>\n<details style='margin-bottom:10px; padding:10px; background:#f9f9f9; border-radius:5px;'>\n<summary style='font-weight:bold; cursor:pointer;'>Qual \u00e8 la lunghezza dei guanti?<\/summary>\n<div style='margin-top:10px; color:#555;'>La lunghezza dei guanti \u00e8 di 26 cm.<\/div>\n<\/details>\n<details style='margin-bottom:10px; padding:10px; background:#f9f9f9; border-radius:5px;'>\n<summary style='font-weight:bold; cursor:pointer;'>Sono adatti per un uso ripetuto?<\/summary>\n<div style='margin-top:10px; color:#555;'>S\u00ec, offrono una vestibilit\u00e0 comoda e sono adatti per un uso ripetuto.<\/div>\n<\/details>\n<\/div>\n","protected":false},"excerpt":{"rendered":"<p>Guanti da giardino-lavoro 26cm Domande Frequenti Per quali lavori sono destinati questi guanti? Sono adatti per lavori di giardinaggio e lavori manuali generali. Qual \u00e8 la lunghezza dei guanti? La lunghezza dei guanti \u00e8 di 26 cm. Sono adatti per un uso ripetuto? S\u00ec, offrono una vestibilit\u00e0 comoda e sono adatti per un uso ripetuto.<\/p>\n","protected":false},"featured_media":24601,"comment_status":"closed","ping_status":"open","template":"","meta":[],"product_brand":[],"product_cat":[],"product_tag":[15],"class_list":{"0":"post-5316848","1":"product","2":"type-product","3":"status-publish","4":"has-post-thumbnail","6":"product_tag-uncategorized","8":"first","9":"onbackorder","10":"purchasable","11":"product-type-simple"},"jetpack_sharing_enabled":true,"_links":{"self":[{"href":"https:\/\/gadgettravellers.eu\/it\/wp-json\/wp\/v2\/product\/5316848","targetHints":{"allow":["GET"]}}],"collection":[{"href":"https:\/\/gadgettravellers.eu\/it\/wp-json\/wp\/v2\/product"}],"about":[{"href":"https:\/\/gadgettravellers.eu\/it\/wp-json\/wp\/v2\/types\/product"}],"replies":[{"embeddable":true,"href":"https:\/\/gadgettravellers.eu\/it\/wp-json\/wp\/v2\/comments?post=5316848"}],"wp:featuredmedia":[{"embeddable":true,"href":"https:\/\/gadgettravellers.eu\/it\/wp-json\/wp\/v2\/media\/24601"}],"wp:attachment":[{"href":"https:\/\/gadgettravellers.eu\/it\/wp-json\/wp\/v2\/media?parent=5316848"}],"wp:term":[{"taxonomy":"product_brand","embeddable":true,"href":"https:\/\/gadgettravellers.eu\/it\/wp-json\/wp\/v2\/product_brand?post=5316848"},{"taxonomy":"product_cat","embeddable":true,"href":"https:\/\/gadgettravellers.eu\/it\/wp-json\/wp\/v2\/product_cat?post=5316848"},{"taxonomy":"product_tag","embeddable":true,"href":"https:\/\/gadgettravellers.eu\/it\/wp-json\/wp\/v2\/product_tag?post=5316848"}],"curies":[{"name":"wp","href":"https:\/\/api.w.org\/{rel}","templated":true}]}}