{"id":5316877,"date":"2026-01-19T14:43:58","date_gmt":"2026-01-19T12:43:58","guid":{"rendered":"https:\/\/gadgettravellers.eu\/shop\/tsochokia-rotondi-car32pezzi-o2cm-homie-101385\/"},"modified":"2026-04-19T23:12:34","modified_gmt":"2026-04-19T21:12:34","slug":"tsochokia-rotondi-car32pezzi-o2cm-homie-101385","status":"publish","type":"product","link":"https:\/\/gadgettravellers.eu\/it\/shop\/tsochokia-rotondi-car32pezzi-o2cm-homie-101385\/","title":{"rendered":"Tsoch\u00f3kia Rotondi car=32pezzi \u00f82cm Homie 101385"},"content":{"rendered":"<p>Car=32 pezzi pezzetti di feltro \u00f82cm<\/p>\n","protected":false},"excerpt":{"rendered":"<p>Car=32 pezzi pezzetti di feltro \u00f82cm<\/p>\n","protected":false},"featured_media":24681,"comment_status":"closed","ping_status":"open","template":"","meta":[],"product_brand":[],"product_cat":[],"product_tag":[15],"class_list":{"0":"post-5316877","1":"product","2":"type-product","3":"status-publish","4":"has-post-thumbnail","6":"product_tag-uncategorized","8":"first","9":"onbackorder","10":"purchasable","11":"product-type-simple"},"jetpack_sharing_enabled":true,"_links":{"self":[{"href":"https:\/\/gadgettravellers.eu\/it\/wp-json\/wp\/v2\/product\/5316877","targetHints":{"allow":["GET"]}}],"collection":[{"href":"https:\/\/gadgettravellers.eu\/it\/wp-json\/wp\/v2\/product"}],"about":[{"href":"https:\/\/gadgettravellers.eu\/it\/wp-json\/wp\/v2\/types\/product"}],"replies":[{"embeddable":true,"href":"https:\/\/gadgettravellers.eu\/it\/wp-json\/wp\/v2\/comments?post=5316877"}],"wp:featuredmedia":[{"embeddable":true,"href":"https:\/\/gadgettravellers.eu\/it\/wp-json\/wp\/v2\/media\/24681"}],"wp:attachment":[{"href":"https:\/\/gadgettravellers.eu\/it\/wp-json\/wp\/v2\/media?parent=5316877"}],"wp:term":[{"taxonomy":"product_brand","embeddable":true,"href":"https:\/\/gadgettravellers.eu\/it\/wp-json\/wp\/v2\/product_brand?post=5316877"},{"taxonomy":"product_cat","embeddable":true,"href":"https:\/\/gadgettravellers.eu\/it\/wp-json\/wp\/v2\/product_cat?post=5316877"},{"taxonomy":"product_tag","embeddable":true,"href":"https:\/\/gadgettravellers.eu\/it\/wp-json\/wp\/v2\/product_tag?post=5316877"}],"curies":[{"name":"wp","href":"https:\/\/api.w.org\/{rel}","templated":true}]}}