{"id":5316882,"date":"2026-01-19T14:44:02","date_gmt":"2026-01-19T12:44:02","guid":{"rendered":"https:\/\/gadgettravellers.eu\/shop\/pentola-a-gas-%cf%8619-%cf%8619cm-homie-101403\/"},"modified":"2026-04-22T22:50:55","modified_gmt":"2026-04-22T20:50:55","slug":"pentola-a-gas-%cf%8619-%cf%8619cm-homie-101403","status":"publish","type":"product","link":"https:\/\/gadgettravellers.eu\/it\/shop\/pentola-a-gas-%cf%8619-%cf%8619cm-homie-101403\/","title":{"rendered":"Pentola a gas \u03c619 \u03a619cm Homie 101403"},"content":{"rendered":"<p>Alluminio \u03a619cm<\/p>\n<div class='aiseo-faq-section' style='margin-top:30px; border-top:1px solid #eee; padding-top:20px;'>\n<h3>Domande Frequenti<\/h3>\n<details style='margin-bottom:10px; padding:10px; background:#f9f9f9; border-radius:5px;'>\n<summary style='font-weight:bold; cursor:pointer;'>Qual \u00e8 il materiale di fabbricazione?<\/summary>\n<div style='margin-top:10px; color:#555;'>La pentola \u00e8 realizzata in alluminio.<\/div>\n<\/details>\n<details style='margin-bottom:10px; padding:10px; background:#f9f9f9; border-radius:5px;'>\n<summary style='font-weight:bold; cursor:pointer;'>Qual \u00e8 il diametro della pentola?<\/summary>\n<div style='margin-top:10px; color:#555;'>Il diametro \u00e8 \u03a619 cm.<\/div>\n<\/details>\n<details style='margin-bottom:10px; padding:10px; background:#f9f9f9; border-radius:5px;'>\n<summary style='font-weight:bold; cursor:pointer;'>Pu\u00f2 essere utilizzato su fornelli a gas?<\/summary>\n<div style='margin-top:10px; color:#555;'>S\u00ec, \u00e8 adatta per l&#8217;uso su fornelli a gas.<\/div>\n<\/details>\n<details style='margin-bottom:10px; padding:10px; background:#f9f9f9; border-radius:5px;'>\n<summary style='font-weight:bold; cursor:pointer;'>\u00c8 adatta per l&#8217;uso quotidiano?<\/summary>\n<div style='margin-top:10px; color:#555;'>S\u00ec, \u00e8 leggera e pratica per la cucina quotidiana.<\/div>\n<\/details>\n<\/div>\n","protected":false},"excerpt":{"rendered":"<p>Alluminio \u03a619cm Domande Frequenti Qual \u00e8 il materiale di fabbricazione? La pentola \u00e8 realizzata in alluminio. Qual \u00e8 il diametro della pentola? Il diametro \u00e8 \u03a619 cm. Pu\u00f2 essere utilizzato su fornelli a gas? S\u00ec, \u00e8 adatta per l&#8217;uso su fornelli a gas. \u00c8 adatta per l&#8217;uso quotidiano? S\u00ec, \u00e8 leggera e pratica per la [&hellip;]<\/p>\n","protected":false},"featured_media":24697,"comment_status":"closed","ping_status":"open","template":"","meta":[],"product_brand":[],"product_cat":[],"product_tag":[15],"class_list":{"0":"post-5316882","1":"product","2":"type-product","3":"status-publish","4":"has-post-thumbnail","6":"product_tag-uncategorized","8":"first","9":"onbackorder","10":"purchasable","11":"product-type-simple"},"jetpack_sharing_enabled":true,"_links":{"self":[{"href":"https:\/\/gadgettravellers.eu\/it\/wp-json\/wp\/v2\/product\/5316882","targetHints":{"allow":["GET"]}}],"collection":[{"href":"https:\/\/gadgettravellers.eu\/it\/wp-json\/wp\/v2\/product"}],"about":[{"href":"https:\/\/gadgettravellers.eu\/it\/wp-json\/wp\/v2\/types\/product"}],"replies":[{"embeddable":true,"href":"https:\/\/gadgettravellers.eu\/it\/wp-json\/wp\/v2\/comments?post=5316882"}],"wp:featuredmedia":[{"embeddable":true,"href":"https:\/\/gadgettravellers.eu\/it\/wp-json\/wp\/v2\/media\/24697"}],"wp:attachment":[{"href":"https:\/\/gadgettravellers.eu\/it\/wp-json\/wp\/v2\/media?parent=5316882"}],"wp:term":[{"taxonomy":"product_brand","embeddable":true,"href":"https:\/\/gadgettravellers.eu\/it\/wp-json\/wp\/v2\/product_brand?post=5316882"},{"taxonomy":"product_cat","embeddable":true,"href":"https:\/\/gadgettravellers.eu\/it\/wp-json\/wp\/v2\/product_cat?post=5316882"},{"taxonomy":"product_tag","embeddable":true,"href":"https:\/\/gadgettravellers.eu\/it\/wp-json\/wp\/v2\/product_tag?post=5316882"}],"curies":[{"name":"wp","href":"https:\/\/api.w.org\/{rel}","templated":true}]}}