{"id":5316883,"date":"2026-01-19T14:44:03","date_gmt":"2026-01-19T12:44:03","guid":{"rendered":"https:\/\/gadgettravellers.eu\/shop\/secchio-per-lavapavimenti-con-strizzatore-15lt-homie-101404\/"},"modified":"2026-04-19T23:12:39","modified_gmt":"2026-04-19T21:12:39","slug":"secchio-per-lavapavimenti-con-strizzatore-15lt-homie-101404","status":"publish","type":"product","link":"https:\/\/gadgettravellers.eu\/it\/shop\/secchio-per-lavapavimenti-con-strizzatore-15lt-homie-101404\/","title":{"rendered":"Secchio per lavapavimenti con strizzatore 15lt Homie 101404"},"content":{"rendered":"<p>Set=secchio con strizzatore 15lt<\/p>\n<div class='aiseo-faq-section' style='margin-top:30px; border-top:1px solid #eee; padding-top:20px;'>\n<h3>Domande Frequenti<\/h3>\n<details style='margin-bottom:10px; padding:10px; background:#f9f9f9; border-radius:5px;'>\n<summary style='font-weight:bold; cursor:pointer;'>Qual \u00e8 la capacit\u00e0 del secchio?<\/summary>\n<div style='margin-top:10px; color:#555;'>15 litri.<\/div>\n<\/details>\n<details style='margin-bottom:10px; padding:10px; background:#f9f9f9; border-radius:5px;'>\n<summary style='font-weight:bold; cursor:pointer;'>Cosa include il set?<\/summary>\n<div style='margin-top:10px; color:#555;'>Secchio con spremiagrumi integrato, capacit\u00e0 totale di 15lt.<\/div>\n<\/details>\n<details style='margin-bottom:10px; padding:10px; background:#f9f9f9; border-radius:5px;'>\n<summary style='font-weight:bold; cursor:pointer;'>Per quale uso \u00e8 destinato?<\/summary>\n<div style='margin-top:10px; color:#555;'>Per la pulizia dei pavimenti in case e ambienti domestici.<\/div>\n<\/details>\n<details style='margin-bottom:10px; padding:10px; background:#f9f9f9; border-radius:5px;'>\n<summary style='font-weight:bold; cursor:pointer;'>Come funziona lo spremiagrumi?<\/summary>\n<div style='margin-top:10px; color:#555;'>Posizionate lo straccio nello strizzatore e con una rotazione o pressione si rimuove l&#8217;acqua per una rapida strizzatura.<\/div>\n<\/details>\n<\/div>\n","protected":false},"excerpt":{"rendered":"<p>Set=secchio con strizzatore 15lt Domande Frequenti Qual \u00e8 la capacit\u00e0 del secchio? 15 litri. Cosa include il set? Secchio con spremiagrumi integrato, capacit\u00e0 totale di 15lt. Per quale uso \u00e8 destinato? Per la pulizia dei pavimenti in case e ambienti domestici. Come funziona lo spremiagrumi? Posizionate lo straccio nello strizzatore e con una rotazione o [&hellip;]<\/p>\n","protected":false},"featured_media":24699,"comment_status":"closed","ping_status":"open","template":"","meta":[],"product_brand":[],"product_cat":[],"product_tag":[15],"class_list":{"0":"post-5316883","1":"product","2":"type-product","3":"status-publish","4":"has-post-thumbnail","6":"product_tag-uncategorized","8":"first","9":"onbackorder","10":"purchasable","11":"product-type-simple"},"jetpack_sharing_enabled":true,"_links":{"self":[{"href":"https:\/\/gadgettravellers.eu\/it\/wp-json\/wp\/v2\/product\/5316883","targetHints":{"allow":["GET"]}}],"collection":[{"href":"https:\/\/gadgettravellers.eu\/it\/wp-json\/wp\/v2\/product"}],"about":[{"href":"https:\/\/gadgettravellers.eu\/it\/wp-json\/wp\/v2\/types\/product"}],"replies":[{"embeddable":true,"href":"https:\/\/gadgettravellers.eu\/it\/wp-json\/wp\/v2\/comments?post=5316883"}],"wp:featuredmedia":[{"embeddable":true,"href":"https:\/\/gadgettravellers.eu\/it\/wp-json\/wp\/v2\/media\/24699"}],"wp:attachment":[{"href":"https:\/\/gadgettravellers.eu\/it\/wp-json\/wp\/v2\/media?parent=5316883"}],"wp:term":[{"taxonomy":"product_brand","embeddable":true,"href":"https:\/\/gadgettravellers.eu\/it\/wp-json\/wp\/v2\/product_brand?post=5316883"},{"taxonomy":"product_cat","embeddable":true,"href":"https:\/\/gadgettravellers.eu\/it\/wp-json\/wp\/v2\/product_cat?post=5316883"},{"taxonomy":"product_tag","embeddable":true,"href":"https:\/\/gadgettravellers.eu\/it\/wp-json\/wp\/v2\/product_tag?post=5316883"}],"curies":[{"name":"wp","href":"https:\/\/api.w.org\/{rel}","templated":true}]}}