{"id":5316933,"date":"2026-01-19T14:44:44","date_gmt":"2026-01-19T12:44:44","guid":{"rendered":"https:\/\/gadgettravellers.eu\/shop\/asta-con-elastico-per-vetri-80x24cm-homie-101673\/"},"modified":"2026-04-22T22:51:18","modified_gmt":"2026-04-22T20:51:18","slug":"asta-con-elastico-per-vetri-80x24cm-homie-101673","status":"publish","type":"product","link":"https:\/\/gadgettravellers.eu\/it\/shop\/asta-con-elastico-per-vetri-80x24cm-homie-101673\/","title":{"rendered":"Asta con Elastico per Vetri 80x24cm Homie 101673"},"content":{"rendered":"<p>Per vetri con asta 80x24cm<\/p>\n<div class='aiseo-faq-section' style='margin-top:30px; border-top:1px solid #eee; padding-top:20px;'>\n<h3>Domande Frequenti<\/h3>\n<details style='margin-bottom:10px; padding:10px; background:#f9f9f9; border-radius:5px;'>\n<summary style='font-weight:bold; cursor:pointer;'>Qual \u00e8 la dimensione dell&#8217;asta?<\/summary>\n<div style='margin-top:10px; color:#555;'>L&#8217;asta ha dimensioni 80x24cm ed \u00e8 adatta per vetri.<\/div>\n<\/details>\n<details style='margin-bottom:10px; padding:10px; background:#f9f9f9; border-radius:5px;'>\n<summary style='font-weight:bold; cursor:pointer;'>Per quale uso \u00e8 destinato?<\/summary>\n<div style='margin-top:10px; color:#555;'>\u00c8 destinato alla pulizia dei vetri ed \u00e8 ideale per finestre interne ed esterne.<\/div>\n<\/details>\n<details style='margin-bottom:10px; padding:10px; background:#f9f9f9; border-radius:5px;'>\n<summary style='font-weight:bold; cursor:pointer;'>\u00c8 uno strumento portatile?<\/summary>\n<div style='margin-top:10px; color:#555;'>S\u00ec, \u00e8 uno strumento manuale progettato per una pulizia dell&#8217;acqua rapida ed efficace.<\/div>\n<\/details>\n<details style='margin-bottom:10px; padding:10px; background:#f9f9f9; border-radius:5px;'>\n<summary style='font-weight:bold; cursor:pointer;'>Include un elastico?<\/summary>\n<div style='margin-top:10px; color:#555;'>S\u00ec, include una gomma adatta per la pulizia dei vetri.<\/div>\n<\/details>\n<\/div>\n","protected":false},"excerpt":{"rendered":"<p>Per vetri con asta 80x24cm Domande Frequenti Qual \u00e8 la dimensione dell&#8217;asta? L&#8217;asta ha dimensioni 80x24cm ed \u00e8 adatta per vetri. Per quale uso \u00e8 destinato? \u00c8 destinato alla pulizia dei vetri ed \u00e8 ideale per finestre interne ed esterne. \u00c8 uno strumento portatile? S\u00ec, \u00e8 uno strumento manuale progettato per una pulizia dell&#8217;acqua rapida [&hellip;]<\/p>\n","protected":false},"featured_media":24873,"comment_status":"closed","ping_status":"open","template":"","meta":[],"product_brand":[],"product_cat":[],"product_tag":[15],"class_list":{"0":"post-5316933","1":"product","2":"type-product","3":"status-publish","4":"has-post-thumbnail","6":"product_tag-uncategorized","8":"first","9":"onbackorder","10":"purchasable","11":"product-type-simple"},"jetpack_sharing_enabled":true,"_links":{"self":[{"href":"https:\/\/gadgettravellers.eu\/it\/wp-json\/wp\/v2\/product\/5316933","targetHints":{"allow":["GET"]}}],"collection":[{"href":"https:\/\/gadgettravellers.eu\/it\/wp-json\/wp\/v2\/product"}],"about":[{"href":"https:\/\/gadgettravellers.eu\/it\/wp-json\/wp\/v2\/types\/product"}],"replies":[{"embeddable":true,"href":"https:\/\/gadgettravellers.eu\/it\/wp-json\/wp\/v2\/comments?post=5316933"}],"wp:featuredmedia":[{"embeddable":true,"href":"https:\/\/gadgettravellers.eu\/it\/wp-json\/wp\/v2\/media\/24873"}],"wp:attachment":[{"href":"https:\/\/gadgettravellers.eu\/it\/wp-json\/wp\/v2\/media?parent=5316933"}],"wp:term":[{"taxonomy":"product_brand","embeddable":true,"href":"https:\/\/gadgettravellers.eu\/it\/wp-json\/wp\/v2\/product_brand?post=5316933"},{"taxonomy":"product_cat","embeddable":true,"href":"https:\/\/gadgettravellers.eu\/it\/wp-json\/wp\/v2\/product_cat?post=5316933"},{"taxonomy":"product_tag","embeddable":true,"href":"https:\/\/gadgettravellers.eu\/it\/wp-json\/wp\/v2\/product_tag?post=5316933"}],"curies":[{"name":"wp","href":"https:\/\/api.w.org\/{rel}","templated":true}]}}