{"id":5316947,"date":"2026-01-19T14:44:56","date_gmt":"2026-01-19T12:44:56","guid":{"rendered":"https:\/\/gadgettravellers.eu\/shop\/appendiabiti-in-plastica-39x18cm-homie-10193\/"},"modified":"2026-04-22T22:51:24","modified_gmt":"2026-04-22T20:51:24","slug":"appendiabiti-in-plastica-39x18cm-homie-10193","status":"publish","type":"product","link":"https:\/\/gadgettravellers.eu\/it\/shop\/appendiabiti-in-plastica-39x18cm-homie-10193\/","title":{"rendered":"Appendiabiti in plastica 39x18cm Homie 10193"},"content":{"rendered":"<p>(plastica abbinata) 39x18cm<\/p>\n<div class='aiseo-faq-section' style='margin-top:30px; border-top:1px solid #eee; padding-top:20px;'>\n<h3>Domande Frequenti<\/h3>\n<details style='margin-bottom:10px; padding:10px; background:#f9f9f9; border-radius:5px;'>\n<summary style='font-weight:bold; cursor:pointer;'>Di che materiale \u00e8 fatta la gruccia?<\/summary>\n<div style='margin-top:10px; color:#555;'>La gruccia \u00e8 di plastica.<\/div>\n<\/details>\n<details style='margin-bottom:10px; padding:10px; background:#f9f9f9; border-radius:5px;'>\n<summary style='font-weight:bold; cursor:pointer;'>Quali sono le sue dimensioni?<\/summary>\n<div style='margin-top:10px; color:#555;'>Le dimensioni sono 39&#215;18 cm secondo la descrizione.<\/div>\n<\/details>\n<details style='margin-bottom:10px; padding:10px; background:#f9f9f9; border-radius:5px;'>\n<summary style='font-weight:bold; cursor:pointer;'>In quali colori \u00e8 disponibile?<\/summary>\n<div style='margin-top:10px; color:#555;'>Disponibile in colori assortiti.<\/div>\n<\/details>\n<details style='margin-bottom:10px; padding:10px; background:#f9f9f9; border-radius:5px;'>\n<summary style='font-weight:bold; cursor:pointer;'>\u00c8 adatta per armadi e uso quotidiano?<\/summary>\n<div style='margin-top:10px; color:#555;'>S\u00ec, \u00e8 ideale per armadi e uso quotidiano, leggera e pratica per risparmiare spazio.<\/div>\n<\/details>\n<\/div>\n","protected":false},"excerpt":{"rendered":"<p>(plastica abbinata) 39x18cm Domande Frequenti Di che materiale \u00e8 fatta la gruccia? La gruccia \u00e8 di plastica. Quali sono le sue dimensioni? Le dimensioni sono 39&#215;18 cm secondo la descrizione. In quali colori \u00e8 disponibile? Disponibile in colori assortiti. \u00c8 adatta per armadi e uso quotidiano? S\u00ec, \u00e8 ideale per armadi e uso quotidiano, leggera [&hellip;]<\/p>\n","protected":false},"featured_media":24910,"comment_status":"closed","ping_status":"open","template":"","meta":[],"product_brand":[],"product_cat":[],"product_tag":[15],"class_list":{"0":"post-5316947","1":"product","2":"type-product","3":"status-publish","4":"has-post-thumbnail","6":"product_tag-uncategorized","8":"first","9":"onbackorder","10":"purchasable","11":"product-type-simple"},"jetpack_sharing_enabled":true,"_links":{"self":[{"href":"https:\/\/gadgettravellers.eu\/it\/wp-json\/wp\/v2\/product\/5316947","targetHints":{"allow":["GET"]}}],"collection":[{"href":"https:\/\/gadgettravellers.eu\/it\/wp-json\/wp\/v2\/product"}],"about":[{"href":"https:\/\/gadgettravellers.eu\/it\/wp-json\/wp\/v2\/types\/product"}],"replies":[{"embeddable":true,"href":"https:\/\/gadgettravellers.eu\/it\/wp-json\/wp\/v2\/comments?post=5316947"}],"wp:featuredmedia":[{"embeddable":true,"href":"https:\/\/gadgettravellers.eu\/it\/wp-json\/wp\/v2\/media\/24910"}],"wp:attachment":[{"href":"https:\/\/gadgettravellers.eu\/it\/wp-json\/wp\/v2\/media?parent=5316947"}],"wp:term":[{"taxonomy":"product_brand","embeddable":true,"href":"https:\/\/gadgettravellers.eu\/it\/wp-json\/wp\/v2\/product_brand?post=5316947"},{"taxonomy":"product_cat","embeddable":true,"href":"https:\/\/gadgettravellers.eu\/it\/wp-json\/wp\/v2\/product_cat?post=5316947"},{"taxonomy":"product_tag","embeddable":true,"href":"https:\/\/gadgettravellers.eu\/it\/wp-json\/wp\/v2\/product_tag?post=5316947"}],"curies":[{"name":"wp","href":"https:\/\/api.w.org\/{rel}","templated":true}]}}