{"id":5316959,"date":"2026-01-19T14:45:07","date_gmt":"2026-01-19T12:45:07","guid":{"rendered":"https:\/\/gadgettravellers.eu\/shop\/tsochokia-rotondi-schiumosi-72pz-o22cm-homie-101859\/"},"modified":"2026-04-14T02:52:26","modified_gmt":"2026-04-14T00:52:26","slug":"tsochokia-rotondi-schiumosi-72pz-o22cm-homie-101859","status":"publish","type":"product","link":"https:\/\/gadgettravellers.eu\/it\/shop\/tsochokia-rotondi-schiumosi-72pz-o22cm-homie-101859\/","title":{"rendered":"Tsoch\u00f3kia Rotondi Schiumosi 72pz \u00f82,2cm Homie 101859"},"content":{"rendered":"<p>Cart=72 pezzi di panno spugnoso \u00f82,2cm<\/p>\n","protected":false},"excerpt":{"rendered":"<p>Cart=72 pezzi di panno spugnoso \u00f82,2cm<\/p>\n","protected":false},"featured_media":25028,"comment_status":"closed","ping_status":"open","template":"","meta":[],"product_brand":[],"product_cat":[],"product_tag":[15],"class_list":{"0":"post-5316959","1":"product","2":"type-product","3":"status-publish","4":"has-post-thumbnail","6":"product_tag-uncategorized","8":"first","9":"onbackorder","10":"purchasable","11":"product-type-simple"},"jetpack_sharing_enabled":true,"_links":{"self":[{"href":"https:\/\/gadgettravellers.eu\/it\/wp-json\/wp\/v2\/product\/5316959","targetHints":{"allow":["GET"]}}],"collection":[{"href":"https:\/\/gadgettravellers.eu\/it\/wp-json\/wp\/v2\/product"}],"about":[{"href":"https:\/\/gadgettravellers.eu\/it\/wp-json\/wp\/v2\/types\/product"}],"replies":[{"embeddable":true,"href":"https:\/\/gadgettravellers.eu\/it\/wp-json\/wp\/v2\/comments?post=5316959"}],"wp:featuredmedia":[{"embeddable":true,"href":"https:\/\/gadgettravellers.eu\/it\/wp-json\/wp\/v2\/media\/25028"}],"wp:attachment":[{"href":"https:\/\/gadgettravellers.eu\/it\/wp-json\/wp\/v2\/media?parent=5316959"}],"wp:term":[{"taxonomy":"product_brand","embeddable":true,"href":"https:\/\/gadgettravellers.eu\/it\/wp-json\/wp\/v2\/product_brand?post=5316959"},{"taxonomy":"product_cat","embeddable":true,"href":"https:\/\/gadgettravellers.eu\/it\/wp-json\/wp\/v2\/product_cat?post=5316959"},{"taxonomy":"product_tag","embeddable":true,"href":"https:\/\/gadgettravellers.eu\/it\/wp-json\/wp\/v2\/product_tag?post=5316959"}],"curies":[{"name":"wp","href":"https:\/\/api.w.org\/{rel}","templated":true}]}}