{"id":5316969,"date":"2026-01-19T14:45:15","date_gmt":"2026-01-19T12:45:15","guid":{"rendered":"https:\/\/gadgettravellers.eu\/shop\/pomolo-per-mobili-in-ceramica-o4cm-homie-101924\/"},"modified":"2026-04-22T22:51:34","modified_gmt":"2026-04-22T20:51:34","slug":"pomolo-per-mobili-in-ceramica-o4cm-homie-101924","status":"publish","type":"product","link":"https:\/\/gadgettravellers.eu\/it\/shop\/pomolo-per-mobili-in-ceramica-o4cm-homie-101924\/","title":{"rendered":"Pomolo per Mobili in Ceramica \u00d84cm Homie 101924"},"content":{"rendered":"<p>Ceramica \u03a64cm<\/p>\n<div class='aiseo-faq-section' style='margin-top:30px; border-top:1px solid #eee; padding-top:20px;'>\n<h3>Domande Frequenti<\/h3>\n<details style='margin-bottom:10px; padding:10px; background:#f9f9f9; border-radius:5px;'>\n<summary style='font-weight:bold; cursor:pointer;'>Per quali tipi di mobili \u00e8 adatta la maniglia?<\/summary>\n<div style='margin-top:10px; color:#555;'>Ideale per armadietti, cassetti e armadi.<\/div>\n<\/details>\n<details style='margin-bottom:10px; padding:10px; background:#f9f9f9; border-radius:5px;'>\n<summary style='font-weight:bold; cursor:pointer;'>Qual \u00e8 il diametro della manopola?<\/summary>\n<div style='margin-top:10px; color:#555;'>Diametro 4 cm.<\/div>\n<\/details>\n<details style='margin-bottom:10px; padding:10px; background:#f9f9f9; border-radius:5px;'>\n<summary style='font-weight:bold; cursor:pointer;'>Qual \u00e8 la finitura e la sua resistenza?<\/summary>\n<div style='margin-top:10px; color:#555;'>Fornisce una superficie liscia e resistente, adatta all&#8217;uso quotidiano.<\/div>\n<\/details>\n<details style='margin-bottom:10px; padding:10px; background:#f9f9f9; border-radius:5px;'>\n<summary style='font-weight:bold; cursor:pointer;'>\u00c8 facile l&#8217;installazione e la pulizia?<\/summary>\n<div style='margin-top:10px; color:#555;'>S\u00ec \u2014 facile da installare e pulire, ideale per ristrutturazioni fai-da-te.<\/div>\n<\/details>\n<\/div>\n","protected":false},"excerpt":{"rendered":"<p>Ceramica \u03a64cm Domande Frequenti Per quali tipi di mobili \u00e8 adatta la maniglia? Ideale per armadietti, cassetti e armadi. Qual \u00e8 il diametro della manopola? Diametro 4 cm. Qual \u00e8 la finitura e la sua resistenza? Fornisce una superficie liscia e resistente, adatta all&#8217;uso quotidiano. \u00c8 facile l&#8217;installazione e la pulizia? S\u00ec \u2014 facile da [&hellip;]<\/p>\n","protected":false},"featured_media":25060,"comment_status":"closed","ping_status":"open","template":"","meta":[],"product_brand":[],"product_cat":[],"product_tag":[15],"class_list":{"0":"post-5316969","1":"product","2":"type-product","3":"status-publish","4":"has-post-thumbnail","6":"product_tag-uncategorized","8":"first","9":"onbackorder","10":"purchasable","11":"product-type-simple"},"jetpack_sharing_enabled":true,"_links":{"self":[{"href":"https:\/\/gadgettravellers.eu\/it\/wp-json\/wp\/v2\/product\/5316969","targetHints":{"allow":["GET"]}}],"collection":[{"href":"https:\/\/gadgettravellers.eu\/it\/wp-json\/wp\/v2\/product"}],"about":[{"href":"https:\/\/gadgettravellers.eu\/it\/wp-json\/wp\/v2\/types\/product"}],"replies":[{"embeddable":true,"href":"https:\/\/gadgettravellers.eu\/it\/wp-json\/wp\/v2\/comments?post=5316969"}],"wp:featuredmedia":[{"embeddable":true,"href":"https:\/\/gadgettravellers.eu\/it\/wp-json\/wp\/v2\/media\/25060"}],"wp:attachment":[{"href":"https:\/\/gadgettravellers.eu\/it\/wp-json\/wp\/v2\/media?parent=5316969"}],"wp:term":[{"taxonomy":"product_brand","embeddable":true,"href":"https:\/\/gadgettravellers.eu\/it\/wp-json\/wp\/v2\/product_brand?post=5316969"},{"taxonomy":"product_cat","embeddable":true,"href":"https:\/\/gadgettravellers.eu\/it\/wp-json\/wp\/v2\/product_cat?post=5316969"},{"taxonomy":"product_tag","embeddable":true,"href":"https:\/\/gadgettravellers.eu\/it\/wp-json\/wp\/v2\/product_tag?post=5316969"}],"curies":[{"name":"wp","href":"https:\/\/api.w.org\/{rel}","templated":true}]}}