{"id":5316975,"date":"2026-01-19T14:45:22","date_gmt":"2026-01-19T12:45:22","guid":{"rendered":"https:\/\/gadgettravellers.eu\/shop\/ciotola-scolapiatti-plastica-26x22x12cm-homie-101962\/"},"modified":"2026-04-22T22:51:36","modified_gmt":"2026-04-22T20:51:36","slug":"ciotola-scolapiatti-plastica-26x22x12cm-homie-101962","status":"publish","type":"product","link":"https:\/\/gadgettravellers.eu\/it\/shop\/ciotola-scolapiatti-plastica-26x22x12cm-homie-101962\/","title":{"rendered":"Ciotola Scolapiatti Plastica 26x22x12cm Homie 101962"},"content":{"rendered":"<p>Drenaggio 26x22x12cm<\/p>\n<div class='aiseo-faq-section' style='margin-top:30px; border-top:1px solid #eee; padding-top:20px;'>\n<h3>Domande Frequenti<\/h3>\n<details style='margin-bottom:10px; padding:10px; background:#f9f9f9; border-radius:5px;'>\n<summary style='font-weight:bold; cursor:pointer;'>Di che materiale \u00e8 il prodotto?<\/summary>\n<div style='margin-top:10px; color:#555;'>La ciotola \u00e8 fatta di plastica.<\/div>\n<\/details>\n<details style='margin-bottom:10px; padding:10px; background:#f9f9f9; border-radius:5px;'>\n<summary style='font-weight:bold; cursor:pointer;'>Quali sono le sue dimensioni?<\/summary>\n<div style='margin-top:10px; color:#555;'>Le dimensioni sono 26x22x12 cm.<\/div>\n<\/details>\n<details style='margin-bottom:10px; padding:10px; background:#f9f9f9; border-radius:5px;'>\n<summary style='font-weight:bold; cursor:pointer;'>Pu\u00f2 essere utilizzato per asciugare i piatti?<\/summary>\n<div style='margin-top:10px; color:#555;'>S\u00ec, \u00e8 ideale per asciugare i piatti e per lavare le verdure.<\/div>\n<\/details>\n<details style='margin-bottom:10px; padding:10px; background:#f9f9f9; border-radius:5px;'>\n<summary style='font-weight:bold; cursor:pointer;'>\u00c8 facile da pulire?<\/summary>\n<div style='margin-top:10px; color:#555;'>S\u00ec, \u00e8 facile da pulire e si mantiene facilmente.<\/div>\n<\/details>\n<\/div>\n","protected":false},"excerpt":{"rendered":"<p>Drenaggio 26x22x12cm Domande Frequenti Di che materiale \u00e8 il prodotto? La ciotola \u00e8 fatta di plastica. Quali sono le sue dimensioni? Le dimensioni sono 26x22x12 cm. Pu\u00f2 essere utilizzato per asciugare i piatti? S\u00ec, \u00e8 ideale per asciugare i piatti e per lavare le verdure. \u00c8 facile da pulire? S\u00ec, \u00e8 facile da pulire e [&hellip;]<\/p>\n","protected":false},"featured_media":25070,"comment_status":"closed","ping_status":"open","template":"","meta":[],"product_brand":[],"product_cat":[],"product_tag":[15],"class_list":{"0":"post-5316975","1":"product","2":"type-product","3":"status-publish","4":"has-post-thumbnail","6":"product_tag-uncategorized","8":"first","9":"onbackorder","10":"purchasable","11":"product-type-simple"},"jetpack_sharing_enabled":true,"_links":{"self":[{"href":"https:\/\/gadgettravellers.eu\/it\/wp-json\/wp\/v2\/product\/5316975","targetHints":{"allow":["GET"]}}],"collection":[{"href":"https:\/\/gadgettravellers.eu\/it\/wp-json\/wp\/v2\/product"}],"about":[{"href":"https:\/\/gadgettravellers.eu\/it\/wp-json\/wp\/v2\/types\/product"}],"replies":[{"embeddable":true,"href":"https:\/\/gadgettravellers.eu\/it\/wp-json\/wp\/v2\/comments?post=5316975"}],"wp:featuredmedia":[{"embeddable":true,"href":"https:\/\/gadgettravellers.eu\/it\/wp-json\/wp\/v2\/media\/25070"}],"wp:attachment":[{"href":"https:\/\/gadgettravellers.eu\/it\/wp-json\/wp\/v2\/media?parent=5316975"}],"wp:term":[{"taxonomy":"product_brand","embeddable":true,"href":"https:\/\/gadgettravellers.eu\/it\/wp-json\/wp\/v2\/product_brand?post=5316975"},{"taxonomy":"product_cat","embeddable":true,"href":"https:\/\/gadgettravellers.eu\/it\/wp-json\/wp\/v2\/product_cat?post=5316975"},{"taxonomy":"product_tag","embeddable":true,"href":"https:\/\/gadgettravellers.eu\/it\/wp-json\/wp\/v2\/product_tag?post=5316975"}],"curies":[{"name":"wp","href":"https:\/\/api.w.org\/{rel}","templated":true}]}}