{"id":5316983,"date":"2026-01-19T14:45:30","date_gmt":"2026-01-19T12:45:30","guid":{"rendered":"https:\/\/gadgettravellers.eu\/shop\/tappetino-da-bagno-moquette-pelosa-60x40cm-homie-1011003\/"},"modified":"2026-04-22T22:51:39","modified_gmt":"2026-04-22T20:51:39","slug":"tappetino-da-bagno-moquette-pelosa-60x40cm-homie-1011003","status":"publish","type":"product","link":"https:\/\/gadgettravellers.eu\/it\/shop\/tappetino-da-bagno-moquette-pelosa-60x40cm-homie-1011003\/","title":{"rendered":"Tappetino da Bagno Moquette Pelosa 60x40cm Homie 1011003"},"content":{"rendered":"<p>60x40cm<\/p>\n<div class='aiseo-faq-section' style='margin-top:30px; border-top:1px solid #eee; padding-top:20px;'>\n<h3>Domande Frequenti<\/h3>\n<details style='margin-bottom:10px; padding:10px; background:#f9f9f9; border-radius:5px;'>\n<summary style='font-weight:bold; cursor:pointer;'>Di che materiale \u00e8 il tappetino?<\/summary>\n<div style='margin-top:10px; color:#555;'>\u00c8 un tappeto peloso con pelo fitto e morbido che offre morbidezza sotto i piedi.<\/div>\n<\/details>\n<details style='margin-bottom:10px; padding:10px; background:#f9f9f9; border-radius:5px;'>\n<summary style='font-weight:bold; cursor:pointer;'>Posso lavarlo in lavatrice?<\/summary>\n<div style='margin-top:10px; color:#555;'>S\u00ec, il tappetino \u00e8 adatto per il lavaggio in lavatrice.<\/div>\n<\/details>\n<details style='margin-bottom:10px; padding:10px; background:#f9f9f9; border-radius:5px;'>\n<summary style='font-weight:bold; cursor:pointer;'>In quali ambienti si adatta la dimensione 60x40cm?<\/summary>\n<div style='margin-top:10px; color:#555;'>La dimensione compatta \u00e8 ideale per davanti al lavabo o alla vasca da bagno.<\/div>\n<\/details>\n<details style='margin-bottom:10px; padding:10px; background:#f9f9f9; border-radius:5px;'>\n<summary style='font-weight:bold; cursor:pointer;'>\u00c8 adatto per l&#8217;uso quotidiano?<\/summary>\n<div style='margin-top:10px; color:#555;'>S\u00ec, \u00e8 stato progettato per l&#8217;uso quotidiano ed \u00e8 resistente e facile da pulire.<\/div>\n<\/details>\n<\/div>\n","protected":false},"excerpt":{"rendered":"<p>60x40cm Domande Frequenti Di che materiale \u00e8 il tappetino? \u00c8 un tappeto peloso con pelo fitto e morbido che offre morbidezza sotto i piedi. Posso lavarlo in lavatrice? S\u00ec, il tappetino \u00e8 adatto per il lavaggio in lavatrice. In quali ambienti si adatta la dimensione 60x40cm? La dimensione compatta \u00e8 ideale per davanti al lavabo [&hellip;]<\/p>\n","protected":false},"featured_media":25207,"comment_status":"closed","ping_status":"open","template":"","meta":[],"product_brand":[],"product_cat":[],"product_tag":[15],"class_list":{"0":"post-5316983","1":"product","2":"type-product","3":"status-publish","4":"has-post-thumbnail","6":"product_tag-uncategorized","8":"first","9":"onbackorder","10":"purchasable","11":"product-type-simple"},"jetpack_sharing_enabled":true,"_links":{"self":[{"href":"https:\/\/gadgettravellers.eu\/it\/wp-json\/wp\/v2\/product\/5316983","targetHints":{"allow":["GET"]}}],"collection":[{"href":"https:\/\/gadgettravellers.eu\/it\/wp-json\/wp\/v2\/product"}],"about":[{"href":"https:\/\/gadgettravellers.eu\/it\/wp-json\/wp\/v2\/types\/product"}],"replies":[{"embeddable":true,"href":"https:\/\/gadgettravellers.eu\/it\/wp-json\/wp\/v2\/comments?post=5316983"}],"wp:featuredmedia":[{"embeddable":true,"href":"https:\/\/gadgettravellers.eu\/it\/wp-json\/wp\/v2\/media\/25207"}],"wp:attachment":[{"href":"https:\/\/gadgettravellers.eu\/it\/wp-json\/wp\/v2\/media?parent=5316983"}],"wp:term":[{"taxonomy":"product_brand","embeddable":true,"href":"https:\/\/gadgettravellers.eu\/it\/wp-json\/wp\/v2\/product_brand?post=5316983"},{"taxonomy":"product_cat","embeddable":true,"href":"https:\/\/gadgettravellers.eu\/it\/wp-json\/wp\/v2\/product_cat?post=5316983"},{"taxonomy":"product_tag","embeddable":true,"href":"https:\/\/gadgettravellers.eu\/it\/wp-json\/wp\/v2\/product_tag?post=5316983"}],"curies":[{"name":"wp","href":"https:\/\/api.w.org\/{rel}","templated":true}]}}