{"id":5317032,"date":"2026-01-19T14:46:10","date_gmt":"2026-01-19T12:46:10","guid":{"rendered":"https:\/\/gadgettravellers.eu\/shop\/blocco-da-disegno-32f-princess-22x32cm-disney\/"},"modified":"2026-04-22T22:52:02","modified_gmt":"2026-04-22T20:52:02","slug":"blocco-da-disegno-32f-princess-22x32cm-disney","status":"publish","type":"product","link":"https:\/\/gadgettravellers.eu\/it\/shop\/blocco-da-disegno-32f-princess-22x32cm-disney\/","title":{"rendered":"Blocco da Disegno 32f Princess 22x32cm Disney"},"content":{"rendered":"<p>32 fogli princess 22x32cm<\/p>\n<div class='aiseo-faq-section' style='margin-top:30px; border-top:1px solid #eee; padding-top:20px;'>\n<h3>Domande Frequenti<\/h3>\n<details style='margin-bottom:10px; padding:10px; background:#f9f9f9; border-radius:5px;'>\n<summary style='font-weight:bold; cursor:pointer;'>Quante pagine ha il blocco?<\/summary>\n<div style='margin-top:10px; color:#555;'>Il blocco contiene 32 fogli.<\/div>\n<\/details>\n<details style='margin-bottom:10px; padding:10px; background:#f9f9f9; border-radius:5px;'>\n<summary style='font-weight:bold; cursor:pointer;'>Qual \u00e8 la dimensione del blocco?<\/summary>\n<div style='margin-top:10px; color:#555;'>La dimensione \u00e8 22&#215;32 cm.<\/div>\n<\/details>\n<details style='margin-bottom:10px; padding:10px; background:#f9f9f9; border-radius:5px;'>\n<summary style='font-weight:bold; cursor:pointer;'>Qual \u00e8 l&#8217;argomento del blog?<\/summary>\n<div style='margin-top:10px; color:#555;'>Il blocco ha come tema princess (Disney).<\/div>\n<\/details>\n<details style='margin-bottom:10px; padding:10px; background:#f9f9f9; border-radius:5px;'>\n<summary style='font-weight:bold; cursor:pointer;'>\u00c8 adatto per l&#8217;uso scolastico e attivit\u00e0 creative?<\/summary>\n<div style='margin-top:10px; color:#555;'>S\u00ec, \u00e8 ideale per bambini, compiti scolastici e attivit\u00e0 creative.<\/div>\n<\/details>\n<\/div>\n","protected":false},"excerpt":{"rendered":"<p>32 fogli princess 22x32cm Domande Frequenti Quante pagine ha il blocco? Il blocco contiene 32 fogli. Qual \u00e8 la dimensione del blocco? La dimensione \u00e8 22&#215;32 cm. Qual \u00e8 l&#8217;argomento del blog? Il blocco ha come tema princess (Disney). \u00c8 adatto per l&#8217;uso scolastico e attivit\u00e0 creative? S\u00ec, \u00e8 ideale per bambini, compiti scolastici e [&hellip;]<\/p>\n","protected":false},"featured_media":25316,"comment_status":"closed","ping_status":"open","template":"","meta":[],"product_brand":[],"product_cat":[],"product_tag":[15],"class_list":{"0":"post-5317032","1":"product","2":"type-product","3":"status-publish","4":"has-post-thumbnail","6":"product_tag-uncategorized","8":"first","9":"onbackorder","10":"purchasable","11":"product-type-simple"},"jetpack_sharing_enabled":true,"_links":{"self":[{"href":"https:\/\/gadgettravellers.eu\/it\/wp-json\/wp\/v2\/product\/5317032","targetHints":{"allow":["GET"]}}],"collection":[{"href":"https:\/\/gadgettravellers.eu\/it\/wp-json\/wp\/v2\/product"}],"about":[{"href":"https:\/\/gadgettravellers.eu\/it\/wp-json\/wp\/v2\/types\/product"}],"replies":[{"embeddable":true,"href":"https:\/\/gadgettravellers.eu\/it\/wp-json\/wp\/v2\/comments?post=5317032"}],"wp:featuredmedia":[{"embeddable":true,"href":"https:\/\/gadgettravellers.eu\/it\/wp-json\/wp\/v2\/media\/25316"}],"wp:attachment":[{"href":"https:\/\/gadgettravellers.eu\/it\/wp-json\/wp\/v2\/media?parent=5317032"}],"wp:term":[{"taxonomy":"product_brand","embeddable":true,"href":"https:\/\/gadgettravellers.eu\/it\/wp-json\/wp\/v2\/product_brand?post=5317032"},{"taxonomy":"product_cat","embeddable":true,"href":"https:\/\/gadgettravellers.eu\/it\/wp-json\/wp\/v2\/product_cat?post=5317032"},{"taxonomy":"product_tag","embeddable":true,"href":"https:\/\/gadgettravellers.eu\/it\/wp-json\/wp\/v2\/product_tag?post=5317032"}],"curies":[{"name":"wp","href":"https:\/\/api.w.org\/{rel}","templated":true}]}}