{"id":5317047,"date":"2026-01-19T14:46:27","date_gmt":"2026-01-19T12:46:27","guid":{"rendered":"https:\/\/gadgettravellers.eu\/shop\/blocco-da-disegno-32fg-toy-story-17x25cm-toy-story\/"},"modified":"2026-04-22T22:52:10","modified_gmt":"2026-04-22T20:52:10","slug":"blocco-da-disegno-32fg-toy-story-17x25cm-toy-story","status":"publish","type":"product","link":"https:\/\/gadgettravellers.eu\/it\/shop\/blocco-da-disegno-32fg-toy-story-17x25cm-toy-story\/","title":{"rendered":"Blocco da Disegno 32fg Toy Story 17x25cm Toy Story"},"content":{"rendered":"<p>32 fogli toy story 17x25cm<\/p>\n<div class='aiseo-faq-section' style='margin-top:30px; border-top:1px solid #eee; padding-top:20px;'>\n<h3>Domande Frequenti<\/h3>\n<details style='margin-bottom:10px; padding:10px; background:#f9f9f9; border-radius:5px;'>\n<summary style='font-weight:bold; cursor:pointer;'>Quante pagine ha il blocco?<\/summary>\n<div style='margin-top:10px; color:#555;'>Ha 32 fogli.<\/div>\n<\/details>\n<details style='margin-bottom:10px; padding:10px; background:#f9f9f9; border-radius:5px;'>\n<summary style='font-weight:bold; cursor:pointer;'>Quali sono le dimensioni dei fogli?<\/summary>\n<div style='margin-top:10px; color:#555;'>Dimensione 17&#215;25 cm.<\/div>\n<\/details>\n<details style='margin-bottom:10px; padding:10px; background:#f9f9f9; border-radius:5px;'>\n<summary style='font-weight:bold; cursor:pointer;'>Per quali tecniche \u00e8 adatto?<\/summary>\n<div style='margin-top:10px; color:#555;'>Adatto per pennarelli, matite colorate e tempere.<\/div>\n<\/details>\n<details style='margin-bottom:10px; padding:10px; background:#f9f9f9; border-radius:5px;'>\n<summary style='font-weight:bold; cursor:pointer;'>\u00c8 adatto per attivit\u00e0 scolastiche?<\/summary>\n<div style='margin-top:10px; color:#555;'>S\u00ec, \u00e8 ideale per bambini e attivit\u00e0 scolastiche.<\/div>\n<\/details>\n<\/div>\n","protected":false},"excerpt":{"rendered":"<p>32 fogli toy story 17x25cm Domande Frequenti Quante pagine ha il blocco? Ha 32 fogli. Quali sono le dimensioni dei fogli? Dimensione 17&#215;25 cm. Per quali tecniche \u00e8 adatto? Adatto per pennarelli, matite colorate e tempere. \u00c8 adatto per attivit\u00e0 scolastiche? S\u00ec, \u00e8 ideale per bambini e attivit\u00e0 scolastiche.<\/p>\n","protected":false},"featured_media":25354,"comment_status":"closed","ping_status":"open","template":"","meta":[],"product_brand":[],"product_cat":[],"product_tag":[15],"class_list":{"0":"post-5317047","1":"product","2":"type-product","3":"status-publish","4":"has-post-thumbnail","6":"product_tag-uncategorized","8":"first","9":"onbackorder","10":"purchasable","11":"product-type-simple"},"jetpack_sharing_enabled":true,"_links":{"self":[{"href":"https:\/\/gadgettravellers.eu\/it\/wp-json\/wp\/v2\/product\/5317047","targetHints":{"allow":["GET"]}}],"collection":[{"href":"https:\/\/gadgettravellers.eu\/it\/wp-json\/wp\/v2\/product"}],"about":[{"href":"https:\/\/gadgettravellers.eu\/it\/wp-json\/wp\/v2\/types\/product"}],"replies":[{"embeddable":true,"href":"https:\/\/gadgettravellers.eu\/it\/wp-json\/wp\/v2\/comments?post=5317047"}],"wp:featuredmedia":[{"embeddable":true,"href":"https:\/\/gadgettravellers.eu\/it\/wp-json\/wp\/v2\/media\/25354"}],"wp:attachment":[{"href":"https:\/\/gadgettravellers.eu\/it\/wp-json\/wp\/v2\/media?parent=5317047"}],"wp:term":[{"taxonomy":"product_brand","embeddable":true,"href":"https:\/\/gadgettravellers.eu\/it\/wp-json\/wp\/v2\/product_brand?post=5317047"},{"taxonomy":"product_cat","embeddable":true,"href":"https:\/\/gadgettravellers.eu\/it\/wp-json\/wp\/v2\/product_cat?post=5317047"},{"taxonomy":"product_tag","embeddable":true,"href":"https:\/\/gadgettravellers.eu\/it\/wp-json\/wp\/v2\/product_tag?post=5317047"}],"curies":[{"name":"wp","href":"https:\/\/api.w.org\/{rel}","templated":true}]}}