{"id":5317057,"date":"2026-01-19T14:46:34","date_gmt":"2026-01-19T12:46:34","guid":{"rendered":"https:\/\/gadgettravellers.eu\/shop\/disegno-stitch-20-fogli-a4-a4-80gsm-stitch\/"},"modified":"2026-04-22T22:52:14","modified_gmt":"2026-04-22T20:52:14","slug":"disegno-stitch-20-fogli-a4-a4-80gsm-stitch","status":"publish","type":"product","link":"https:\/\/gadgettravellers.eu\/it\/shop\/disegno-stitch-20-fogli-a4-a4-80gsm-stitch\/","title":{"rendered":"Disegno Stitch 20 Fogli A4 A4 (80gsm) Stitch"},"content":{"rendered":"<p>(pacco assortito) pittura Stitch 20 fogli. 1\u00aa pagina con disegno A4 (80gsm)<\/p>\n<div class='aiseo-faq-section' style='margin-top:30px; border-top:1px solid #eee; padding-top:20px;'>\n<h3>Domande Frequenti<\/h3>\n<details style='margin-bottom:10px; padding:10px; background:#f9f9f9; border-radius:5px;'>\n<summary style='font-weight:bold; cursor:pointer;'>Quante foglie ha il set?<\/summary>\n<div style='margin-top:10px; color:#555;'>Il set include 20 fogli di formato A4.<\/div>\n<\/details>\n<details style='margin-bottom:10px; padding:10px; background:#f9f9f9; border-radius:5px;'>\n<summary style='font-weight:bold; cursor:pointer;'>Qual \u00e8 il peso della carta?<\/summary>\n<div style='margin-top:10px; color:#555;'>La carta ha un peso di 80gsm.<\/div>\n<\/details>\n<details style='margin-bottom:10px; padding:10px; background:#f9f9f9; border-radius:5px;'>\n<summary style='font-weight:bold; cursor:pointer;'>Posso usare acquerelli e pennarelli?<\/summary>\n<div style='margin-top:10px; color:#555;'>S\u00ec, la carta \u00e8 adatta per matite, pennarelli e acquerelli.<\/div>\n<\/details>\n<details style='margin-bottom:10px; padding:10px; background:#f9f9f9; border-radius:5px;'>\n<summary style='font-weight:bold; cursor:pointer;'>Che formato ha il libretto?<\/summary>\n<div style='margin-top:10px; color:#555;'>\u00c8 un libricino cucito con la prima pagina con un disegno pronto.<\/div>\n<\/details>\n<\/div>\n","protected":false},"excerpt":{"rendered":"<p>(pacco assortito) pittura Stitch 20 fogli. 1\u00aa pagina con disegno A4 (80gsm) Domande Frequenti Quante foglie ha il set? Il set include 20 fogli di formato A4. Qual \u00e8 il peso della carta? La carta ha un peso di 80gsm. Posso usare acquerelli e pennarelli? S\u00ec, la carta \u00e8 adatta per matite, pennarelli e acquerelli. [&hellip;]<\/p>\n","protected":false},"featured_media":5029187,"comment_status":"closed","ping_status":"open","template":"","meta":[],"product_brand":[],"product_cat":[],"product_tag":[15],"class_list":{"0":"post-5317057","1":"product","2":"type-product","3":"status-publish","4":"has-post-thumbnail","6":"product_tag-uncategorized","8":"first","9":"onbackorder","10":"purchasable","11":"product-type-simple"},"jetpack_sharing_enabled":true,"_links":{"self":[{"href":"https:\/\/gadgettravellers.eu\/it\/wp-json\/wp\/v2\/product\/5317057","targetHints":{"allow":["GET"]}}],"collection":[{"href":"https:\/\/gadgettravellers.eu\/it\/wp-json\/wp\/v2\/product"}],"about":[{"href":"https:\/\/gadgettravellers.eu\/it\/wp-json\/wp\/v2\/types\/product"}],"replies":[{"embeddable":true,"href":"https:\/\/gadgettravellers.eu\/it\/wp-json\/wp\/v2\/comments?post=5317057"}],"wp:featuredmedia":[{"embeddable":true,"href":"https:\/\/gadgettravellers.eu\/it\/wp-json\/wp\/v2\/media\/5029187"}],"wp:attachment":[{"href":"https:\/\/gadgettravellers.eu\/it\/wp-json\/wp\/v2\/media?parent=5317057"}],"wp:term":[{"taxonomy":"product_brand","embeddable":true,"href":"https:\/\/gadgettravellers.eu\/it\/wp-json\/wp\/v2\/product_brand?post=5317057"},{"taxonomy":"product_cat","embeddable":true,"href":"https:\/\/gadgettravellers.eu\/it\/wp-json\/wp\/v2\/product_cat?post=5317057"},{"taxonomy":"product_tag","embeddable":true,"href":"https:\/\/gadgettravellers.eu\/it\/wp-json\/wp\/v2\/product_tag?post=5317057"}],"curies":[{"name":"wp","href":"https:\/\/api.w.org\/{rel}","templated":true}]}}