{"id":5317063,"date":"2026-01-19T14:46:41","date_gmt":"2026-01-19T12:46:41","guid":{"rendered":"https:\/\/gadgettravellers.eu\/shop\/quaderno-piccolo-60-fogli-righe-rr-copertina-126x178cm-justnote-104116\/"},"modified":"2026-04-22T22:52:17","modified_gmt":"2026-04-22T20:52:17","slug":"quaderno-piccolo-60-fogli-righe-rr-copertina-126x178cm-justnote-104116","status":"publish","type":"product","link":"https:\/\/gadgettravellers.eu\/it\/shop\/quaderno-piccolo-60-fogli-righe-rr-copertina-126x178cm-justnote-104116\/","title":{"rendered":"Quaderno Piccolo 60 fogli Righe rr Copertina 12,6&#215;17,8cm JustNote 104116"},"content":{"rendered":"<p>60 fogli a righe 12,6&#215;17,8cm<\/p>\n<div class='aiseo-faq-section' style='margin-top:30px; border-top:1px solid #eee; padding-top:20px;'>\n<h3>Domande Frequenti<\/h3>\n<details style='margin-bottom:10px; padding:10px; background:#f9f9f9; border-radius:5px;'>\n<summary style='font-weight:bold; cursor:pointer;'>Quante pagine ha il quaderno?<\/summary>\n<div style='margin-top:10px; color:#555;'>Il quaderno include 60 fogli.<\/div>\n<\/details>\n<details style='margin-bottom:10px; padding:10px; background:#f9f9f9; border-radius:5px;'>\n<summary style='font-weight:bold; cursor:pointer;'>Quali sono le sue dimensioni?<\/summary>\n<div style='margin-top:10px; color:#555;'>Le dimensioni sono 12,6 \u00d7 17,8 cm.<\/div>\n<\/details>\n<details style='margin-bottom:10px; padding:10px; background:#f9f9f9; border-radius:5px;'>\n<summary style='font-weight:bold; cursor:pointer;'>Che tipo di pagine ha?<\/summary>\n<div style='margin-top:10px; color:#555;'>Le pagine sono a righe, adatte per appunti e liste.<\/div>\n<\/details>\n<details style='margin-bottom:10px; padding:10px; background:#f9f9f9; border-radius:5px;'>\n<summary style='font-weight:bold; cursor:pointer;'>\u00c8 adatto per il trasporto?<\/summary>\n<div style='margin-top:10px; color:#555;'>S\u00ec, \u00e8 leggero e pratico, facile da trasportare per l&#8217;uso quotidiano.<\/div>\n<\/details>\n<\/div>\n","protected":false},"excerpt":{"rendered":"<p>60 fogli a righe 12,6&#215;17,8cm Domande Frequenti Quante pagine ha il quaderno? Il quaderno include 60 fogli. Quali sono le sue dimensioni? Le dimensioni sono 12,6 \u00d7 17,8 cm. Che tipo di pagine ha? Le pagine sono a righe, adatte per appunti e liste. \u00c8 adatto per il trasporto? S\u00ec, \u00e8 leggero e pratico, facile [&hellip;]<\/p>\n","protected":false},"featured_media":25385,"comment_status":"closed","ping_status":"open","template":"","meta":[],"product_brand":[],"product_cat":[],"product_tag":[15],"class_list":{"0":"post-5317063","1":"product","2":"type-product","3":"status-publish","4":"has-post-thumbnail","6":"product_tag-uncategorized","8":"first","9":"onbackorder","10":"purchasable","11":"product-type-simple"},"jetpack_sharing_enabled":true,"_links":{"self":[{"href":"https:\/\/gadgettravellers.eu\/it\/wp-json\/wp\/v2\/product\/5317063","targetHints":{"allow":["GET"]}}],"collection":[{"href":"https:\/\/gadgettravellers.eu\/it\/wp-json\/wp\/v2\/product"}],"about":[{"href":"https:\/\/gadgettravellers.eu\/it\/wp-json\/wp\/v2\/types\/product"}],"replies":[{"embeddable":true,"href":"https:\/\/gadgettravellers.eu\/it\/wp-json\/wp\/v2\/comments?post=5317063"}],"wp:featuredmedia":[{"embeddable":true,"href":"https:\/\/gadgettravellers.eu\/it\/wp-json\/wp\/v2\/media\/25385"}],"wp:attachment":[{"href":"https:\/\/gadgettravellers.eu\/it\/wp-json\/wp\/v2\/media?parent=5317063"}],"wp:term":[{"taxonomy":"product_brand","embeddable":true,"href":"https:\/\/gadgettravellers.eu\/it\/wp-json\/wp\/v2\/product_brand?post=5317063"},{"taxonomy":"product_cat","embeddable":true,"href":"https:\/\/gadgettravellers.eu\/it\/wp-json\/wp\/v2\/product_cat?post=5317063"},{"taxonomy":"product_tag","embeddable":true,"href":"https:\/\/gadgettravellers.eu\/it\/wp-json\/wp\/v2\/product_tag?post=5317063"}],"curies":[{"name":"wp","href":"https:\/\/api.w.org\/{rel}","templated":true}]}}