{"id":5317066,"date":"2026-01-19T14:46:45","date_gmt":"2026-01-19T12:46:45","guid":{"rendered":"https:\/\/gadgettravellers.eu\/shop\/lampada-globo-led-e27-7w-230v-luce-calda-180o-homie-108170\/"},"modified":"2026-04-22T22:52:18","modified_gmt":"2026-04-22T20:52:18","slug":"lampada-globo-led-e27-7w-230v-luce-calda-180o-homie-108170","status":"publish","type":"product","link":"https:\/\/gadgettravellers.eu\/it\/shop\/lampada-globo-led-e27-7w-230v-luce-calda-180o-homie-108170\/","title":{"rendered":"Lampada Globo LED E27 7W 230v Luce Calda 180o Homie 108170"},"content":{"rendered":"<p>Lampada LED 7W(= 70W) 220V. Illuminazione calda. Spirale spessa (E27)<\/p>\n<div class='aiseo-faq-section' style='margin-top:30px; border-top:1px solid #eee; padding-top:20px;'>\n<h3>Domande Frequenti<\/h3>\n<details style='margin-bottom:10px; padding:10px; background:#f9f9f9; border-radius:5px;'>\n<summary style='font-weight:bold; cursor:pointer;'>La lampada da 7W \u00e8 davvero equivalente a una da 70W a incandescenza?<\/summary>\n<div style='margin-top:10px; color:#555;'>S\u00ec, la lampadina LED da 7W fornisce una luminosit\u00e0 corrispondente a circa una lampadina tradizionale a incandescenza da 70W.<\/div>\n<\/details>\n<details style='margin-bottom:10px; padding:10px; background:#f9f9f9; border-radius:5px;'>\n<summary style='font-weight:bold; cursor:pointer;'>A quale attacco si adatta questa lampada?<\/summary>\n<div style='margin-top:10px; color:#555;'>La lampada ha attacco E27 ed \u00e8 adatta per apparecchi con base E27.<\/div>\n<\/details>\n<details style='margin-bottom:10px; padding:10px; background:#f9f9f9; border-radius:5px;'>\n<summary style='font-weight:bold; cursor:pointer;'>Pu\u00f2 essere utilizzato in una rete a 230V?<\/summary>\n<div style='margin-top:10px; color:#555;'>S\u00ec, \u00e8 progettata per funzionare a 220\u2013230V.<\/div>\n<\/details>\n<details style='margin-bottom:10px; padding:10px; background:#f9f9f9; border-radius:5px;'>\n<summary style='font-weight:bold; cursor:pointer;'>Che tipo di illuminazione e angolo del fascio offre?<\/summary>\n<div style='margin-top:10px; color:#555;'>Fornisce un&#8217;illuminazione calda adatta agli ambienti domestici e ha un angolo del fascio di 180\u00b0.<\/div>\n<\/details>\n<\/div>\n","protected":false},"excerpt":{"rendered":"<p>Lampada LED 7W(= 70W) 220V. Illuminazione calda. Spirale spessa (E27) Domande Frequenti La lampada da 7W \u00e8 davvero equivalente a una da 70W a incandescenza? S\u00ec, la lampadina LED da 7W fornisce una luminosit\u00e0 corrispondente a circa una lampadina tradizionale a incandescenza da 70W. A quale attacco si adatta questa lampada? La lampada ha attacco [&hellip;]<\/p>\n","protected":false},"featured_media":25410,"comment_status":"closed","ping_status":"open","template":"","meta":[],"product_brand":[],"product_cat":[],"product_tag":[15],"class_list":{"0":"post-5317066","1":"product","2":"type-product","3":"status-publish","4":"has-post-thumbnail","6":"product_tag-uncategorized","8":"first","9":"onbackorder","10":"purchasable","11":"product-type-simple"},"jetpack_sharing_enabled":true,"_links":{"self":[{"href":"https:\/\/gadgettravellers.eu\/it\/wp-json\/wp\/v2\/product\/5317066","targetHints":{"allow":["GET"]}}],"collection":[{"href":"https:\/\/gadgettravellers.eu\/it\/wp-json\/wp\/v2\/product"}],"about":[{"href":"https:\/\/gadgettravellers.eu\/it\/wp-json\/wp\/v2\/types\/product"}],"replies":[{"embeddable":true,"href":"https:\/\/gadgettravellers.eu\/it\/wp-json\/wp\/v2\/comments?post=5317066"}],"wp:featuredmedia":[{"embeddable":true,"href":"https:\/\/gadgettravellers.eu\/it\/wp-json\/wp\/v2\/media\/25410"}],"wp:attachment":[{"href":"https:\/\/gadgettravellers.eu\/it\/wp-json\/wp\/v2\/media?parent=5317066"}],"wp:term":[{"taxonomy":"product_brand","embeddable":true,"href":"https:\/\/gadgettravellers.eu\/it\/wp-json\/wp\/v2\/product_brand?post=5317066"},{"taxonomy":"product_cat","embeddable":true,"href":"https:\/\/gadgettravellers.eu\/it\/wp-json\/wp\/v2\/product_cat?post=5317066"},{"taxonomy":"product_tag","embeddable":true,"href":"https:\/\/gadgettravellers.eu\/it\/wp-json\/wp\/v2\/product_tag?post=5317066"}],"curies":[{"name":"wp","href":"https:\/\/api.w.org\/{rel}","templated":true}]}}