{"id":5317074,"date":"2026-01-19T14:46:52","date_gmt":"2026-01-19T12:46:52","guid":{"rendered":"https:\/\/gadgettravellers.eu\/shop\/copertura-per-sedile-auto-homie-108451\/"},"modified":"2026-04-22T22:52:22","modified_gmt":"2026-04-22T20:52:22","slug":"copertura-per-sedile-auto-homie-108451","status":"publish","type":"product","link":"https:\/\/gadgettravellers.eu\/it\/shop\/copertura-per-sedile-auto-homie-108451\/","title":{"rendered":"Copertura per Sedile Auto Homie 108451"},"content":{"rendered":"<p>Copertura per sedile auto<\/p>\n<div class='aiseo-faq-section' style='margin-top:30px; border-top:1px solid #eee; padding-top:20px;'>\n<h3>Domande Frequenti<\/h3>\n<details style='margin-bottom:10px; padding:10px; background:#f9f9f9; border-radius:5px;'>\n<summary style='font-weight:bold; cursor:pointer;'>Si adatta a tutti i sedili dell&#8217;auto?<\/summary>\n<div style='margin-top:10px; color:#555;'>Ha un&#8217;applicazione universale ed \u00e8 progettato per adattarsi alla maggior parte dei sedili dell&#8217;auto.<\/div>\n<\/details>\n<details style='margin-bottom:10px; padding:10px; background:#f9f9f9; border-radius:5px;'>\n<summary style='font-weight:bold; cursor:pointer;'>Pu\u00f2 essere lavato?<\/summary>\n<div style='margin-top:10px; color:#555;'>S\u00ec, \u00e8 lavabile e facile da pulire.<\/div>\n<\/details>\n<details style='margin-bottom:10px; padding:10px; background:#f9f9f9; border-radius:5px;'>\n<summary style='font-weight:bold; cursor:pointer;'>Protegge dai peli degli animali domestici?<\/summary>\n<div style='margin-top:10px; color:#555;'>S\u00ec, protegge efficacemente da peli e sporco, rendendolo adatto agli animali domestici.<\/div>\n<\/details>\n<details style='margin-bottom:10px; padding:10px; background:#f9f9f9; border-radius:5px;'>\n<summary style='font-weight:bold; cursor:pointer;'>Offre protezione dall&#8217;usura?<\/summary>\n<div style='margin-top:10px; color:#555;'>S\u00ec, fornisce protezione dall&#8217;usura per l&#8217;uso quotidiano.<\/div>\n<\/details>\n<\/div>\n","protected":false},"excerpt":{"rendered":"<p>Copertura per sedile auto Domande Frequenti Si adatta a tutti i sedili dell&#8217;auto? Ha un&#8217;applicazione universale ed \u00e8 progettato per adattarsi alla maggior parte dei sedili dell&#8217;auto. Pu\u00f2 essere lavato? S\u00ec, \u00e8 lavabile e facile da pulire. Protegge dai peli degli animali domestici? S\u00ec, protegge efficacemente da peli e sporco, rendendolo adatto agli animali domestici. [&hellip;]<\/p>\n","protected":false},"featured_media":25479,"comment_status":"closed","ping_status":"open","template":"","meta":[],"product_brand":[],"product_cat":[],"product_tag":[15],"class_list":{"0":"post-5317074","1":"product","2":"type-product","3":"status-publish","4":"has-post-thumbnail","6":"product_tag-uncategorized","8":"first","9":"onbackorder","10":"purchasable","11":"product-type-simple"},"jetpack_sharing_enabled":true,"_links":{"self":[{"href":"https:\/\/gadgettravellers.eu\/it\/wp-json\/wp\/v2\/product\/5317074","targetHints":{"allow":["GET"]}}],"collection":[{"href":"https:\/\/gadgettravellers.eu\/it\/wp-json\/wp\/v2\/product"}],"about":[{"href":"https:\/\/gadgettravellers.eu\/it\/wp-json\/wp\/v2\/types\/product"}],"replies":[{"embeddable":true,"href":"https:\/\/gadgettravellers.eu\/it\/wp-json\/wp\/v2\/comments?post=5317074"}],"wp:featuredmedia":[{"embeddable":true,"href":"https:\/\/gadgettravellers.eu\/it\/wp-json\/wp\/v2\/media\/25479"}],"wp:attachment":[{"href":"https:\/\/gadgettravellers.eu\/it\/wp-json\/wp\/v2\/media?parent=5317074"}],"wp:term":[{"taxonomy":"product_brand","embeddable":true,"href":"https:\/\/gadgettravellers.eu\/it\/wp-json\/wp\/v2\/product_brand?post=5317074"},{"taxonomy":"product_cat","embeddable":true,"href":"https:\/\/gadgettravellers.eu\/it\/wp-json\/wp\/v2\/product_cat?post=5317074"},{"taxonomy":"product_tag","embeddable":true,"href":"https:\/\/gadgettravellers.eu\/it\/wp-json\/wp\/v2\/product_tag?post=5317074"}],"curies":[{"name":"wp","href":"https:\/\/api.w.org\/{rel}","templated":true}]}}