{"id":5317084,"date":"2026-01-19T14:47:02","date_gmt":"2026-01-19T12:47:02","guid":{"rendered":"https:\/\/gadgettravellers.eu\/shop\/proiettore-stagno-led-toshiba-ip65-10w-4000k-toshiba\/"},"modified":"2026-04-22T22:52:27","modified_gmt":"2026-04-22T20:52:27","slug":"proiettore-stagno-led-toshiba-ip65-10w-4000k-toshiba","status":"publish","type":"product","link":"https:\/\/gadgettravellers.eu\/it\/shop\/proiettore-stagno-led-toshiba-ip65-10w-4000k-toshiba\/","title":{"rendered":"Proiettore Stagno led Toshiba Ip65 10w 4000k  Toshiba"},"content":{"rendered":"<p>Proiettore LED Toshiba 10W. Luce naturale (4000k). Ip65 angolo del fascio 120 gradi<\/p>\n<div class='aiseo-faq-section' style='margin-top:30px; border-top:1px solid #eee; padding-top:20px;'>\n<h3>Domande Frequenti<\/h3>\n<details style='margin-bottom:10px; padding:10px; background:#f9f9f9; border-radius:5px;'>\n<summary style='font-weight:bold; cursor:pointer;'>\u00c8 adatto per uso esterno?<\/summary>\n<div style='margin-top:10px; color:#555;'>S\u00ec, \u00e8 impermeabile con grado di protezione IP65 e resistente alle intemperie.<\/div>\n<\/details>\n<details style='margin-bottom:10px; padding:10px; background:#f9f9f9; border-radius:5px;'>\n<summary style='font-weight:bold; cursor:pointer;'>Che colore di illuminazione offre?<\/summary>\n<div style='margin-top:10px; color:#555;'>Bianco naturale\/neutro 4000K.<\/div>\n<\/details>\n<details style='margin-bottom:10px; padding:10px; background:#f9f9f9; border-radius:5px;'>\n<summary style='font-weight:bold; cursor:pointer;'>Qual \u00e8 la potenza del proiettore?<\/summary>\n<div style='margin-top:10px; color:#555;'>La potenza \u00e8 di 10W, si tratta di LED a basso consumo.<\/div>\n<\/details>\n<details style='margin-bottom:10px; padding:10px; background:#f9f9f9; border-radius:5px;'>\n<summary style='font-weight:bold; cursor:pointer;'>Qual \u00e8 l&#8217;angolo del fascio luminoso?<\/summary>\n<div style='margin-top:10px; color:#555;'>L&#8217;angolo del fascio \u00e8 di 120 gradi, adatto per una copertura ampia.<\/div>\n<\/details>\n<\/div>\n","protected":false},"excerpt":{"rendered":"<p>Proiettore LED Toshiba 10W. Luce naturale (4000k). Ip65 angolo del fascio 120 gradi Domande Frequenti \u00c8 adatto per uso esterno? S\u00ec, \u00e8 impermeabile con grado di protezione IP65 e resistente alle intemperie. Che colore di illuminazione offre? Bianco naturale\/neutro 4000K. Qual \u00e8 la potenza del proiettore? La potenza \u00e8 di 10W, si tratta di LED [&hellip;]<\/p>\n","protected":false},"featured_media":25566,"comment_status":"closed","ping_status":"open","template":"","meta":[],"product_brand":[],"product_cat":[],"product_tag":[15],"class_list":{"0":"post-5317084","1":"product","2":"type-product","3":"status-publish","4":"has-post-thumbnail","6":"product_tag-uncategorized","8":"first","9":"onbackorder","10":"purchasable","11":"product-type-simple"},"jetpack_sharing_enabled":true,"_links":{"self":[{"href":"https:\/\/gadgettravellers.eu\/it\/wp-json\/wp\/v2\/product\/5317084","targetHints":{"allow":["GET"]}}],"collection":[{"href":"https:\/\/gadgettravellers.eu\/it\/wp-json\/wp\/v2\/product"}],"about":[{"href":"https:\/\/gadgettravellers.eu\/it\/wp-json\/wp\/v2\/types\/product"}],"replies":[{"embeddable":true,"href":"https:\/\/gadgettravellers.eu\/it\/wp-json\/wp\/v2\/comments?post=5317084"}],"wp:featuredmedia":[{"embeddable":true,"href":"https:\/\/gadgettravellers.eu\/it\/wp-json\/wp\/v2\/media\/25566"}],"wp:attachment":[{"href":"https:\/\/gadgettravellers.eu\/it\/wp-json\/wp\/v2\/media?parent=5317084"}],"wp:term":[{"taxonomy":"product_brand","embeddable":true,"href":"https:\/\/gadgettravellers.eu\/it\/wp-json\/wp\/v2\/product_brand?post=5317084"},{"taxonomy":"product_cat","embeddable":true,"href":"https:\/\/gadgettravellers.eu\/it\/wp-json\/wp\/v2\/product_cat?post=5317084"},{"taxonomy":"product_tag","embeddable":true,"href":"https:\/\/gadgettravellers.eu\/it\/wp-json\/wp\/v2\/product_tag?post=5317084"}],"curies":[{"name":"wp","href":"https:\/\/api.w.org\/{rel}","templated":true}]}}