{"id":5317135,"date":"2026-01-19T14:47:43","date_gmt":"2026-01-19T12:47:43","guid":{"rendered":"https:\/\/gadgettravellers.eu\/shop\/babbo-natale-gonfiabile-70cm-xmasfest-11330\/"},"modified":"2026-04-22T22:52:48","modified_gmt":"2026-04-22T20:52:48","slug":"babbo-natale-gonfiabile-70cm-xmasfest-11330","status":"publish","type":"product","link":"https:\/\/gadgettravellers.eu\/it\/shop\/babbo-natale-gonfiabile-70cm-xmasfest-11330\/","title":{"rendered":"Babbo Natale Gonfiabile 70cm Xmasfest 11330"},"content":{"rendered":"<p>Gonfiabile. Attenzione ai gonfiabili, non sono accettate modifiche 70cm<\/p>\n<div class='aiseo-faq-section' style='margin-top:30px; border-top:1px solid #eee; padding-top:20px;'>\n<h3>Domande Frequenti<\/h3>\n<details style='margin-bottom:10px; padding:10px; background:#f9f9f9; border-radius:5px;'>\n<summary style='font-weight:bold; cursor:pointer;'>Qual \u00e8 la dimensione del prodotto?<\/summary>\n<div style='margin-top:10px; color:#555;'>Il gonfiabile ha un&#8217;altezza di 70 cm.<\/div>\n<\/details>\n<details style='margin-bottom:10px; padding:10px; background:#f9f9f9; border-radius:5px;'>\n<summary style='font-weight:bold; cursor:pointer;'>Pu\u00f2 essere posizionato all&#8217;aperto?<\/summary>\n<div style='margin-top:10px; color:#555;'>S\u00ec, \u00e8 adatto per decorazioni interne ed esterne.<\/div>\n<\/details>\n<details style='margin-bottom:10px; padding:10px; background:#f9f9f9; border-radius:5px;'>\n<summary style='font-weight:bold; cursor:pointer;'>Sono accettati cambi o resi per questo gonfiabile?<\/summary>\n<div style='margin-top:10px; color:#555;'>Attenzione: per i gonfiabili non sono accettati cambi o resi.<\/div>\n<\/details>\n<details style='margin-bottom:10px; padding:10px; background:#f9f9f9; border-radius:5px;'>\n<summary style='font-weight:bold; cursor:pointer;'>\u00c8 difficile da gonfiare e da posizionare?<\/summary>\n<div style='margin-top:10px; color:#555;'>No, \u00e8 facile da gonfiare e da posizionare.<\/div>\n<\/details>\n<\/div>\n","protected":false},"excerpt":{"rendered":"<p>Gonfiabile. Attenzione ai gonfiabili, non sono accettate modifiche 70cm Domande Frequenti Qual \u00e8 la dimensione del prodotto? Il gonfiabile ha un&#8217;altezza di 70 cm. Pu\u00f2 essere posizionato all&#8217;aperto? S\u00ec, \u00e8 adatto per decorazioni interne ed esterne. Sono accettati cambi o resi per questo gonfiabile? Attenzione: per i gonfiabili non sono accettati cambi o resi. \u00c8 [&hellip;]<\/p>\n","protected":false},"featured_media":5181289,"comment_status":"closed","ping_status":"open","template":"","meta":[],"product_brand":[],"product_cat":[],"product_tag":[15],"class_list":{"0":"post-5317135","1":"product","2":"type-product","3":"status-publish","4":"has-post-thumbnail","6":"product_tag-uncategorized","8":"first","9":"onbackorder","10":"purchasable","11":"product-type-simple"},"jetpack_sharing_enabled":true,"_links":{"self":[{"href":"https:\/\/gadgettravellers.eu\/it\/wp-json\/wp\/v2\/product\/5317135","targetHints":{"allow":["GET"]}}],"collection":[{"href":"https:\/\/gadgettravellers.eu\/it\/wp-json\/wp\/v2\/product"}],"about":[{"href":"https:\/\/gadgettravellers.eu\/it\/wp-json\/wp\/v2\/types\/product"}],"replies":[{"embeddable":true,"href":"https:\/\/gadgettravellers.eu\/it\/wp-json\/wp\/v2\/comments?post=5317135"}],"wp:featuredmedia":[{"embeddable":true,"href":"https:\/\/gadgettravellers.eu\/it\/wp-json\/wp\/v2\/media\/5181289"}],"wp:attachment":[{"href":"https:\/\/gadgettravellers.eu\/it\/wp-json\/wp\/v2\/media?parent=5317135"}],"wp:term":[{"taxonomy":"product_brand","embeddable":true,"href":"https:\/\/gadgettravellers.eu\/it\/wp-json\/wp\/v2\/product_brand?post=5317135"},{"taxonomy":"product_cat","embeddable":true,"href":"https:\/\/gadgettravellers.eu\/it\/wp-json\/wp\/v2\/product_cat?post=5317135"},{"taxonomy":"product_tag","embeddable":true,"href":"https:\/\/gadgettravellers.eu\/it\/wp-json\/wp\/v2\/product_tag?post=5317135"}],"curies":[{"name":"wp","href":"https:\/\/api.w.org\/{rel}","templated":true}]}}