{"id":5317136,"date":"2026-01-19T14:47:43","date_gmt":"2026-01-19T12:47:43","guid":{"rendered":"https:\/\/gadgettravellers.eu\/shop\/100-led-bianchi-esterni-programma-l-v-7-95m-xmasfest-1131021\/"},"modified":"2026-04-22T22:52:49","modified_gmt":"2026-04-22T20:52:49","slug":"100-led-bianchi-esterni-programma-l-v-7-95m-xmasfest-1131021","status":"publish","type":"product","link":"https:\/\/gadgettravellers.eu\/it\/shop\/100-led-bianchi-esterni-programma-l-v-7-95m-xmasfest-1131021\/","title":{"rendered":"100 led Bianchi Esterni Programma l. V. 7.95m Xmasfest 1131021"},"content":{"rendered":"<p>100 LED bianco caldo con controller a 8 programmi. Per uso esterno e interno. Con cavo verde. Include il trasformatore IP44 7,95m<\/p>\n<div class='aiseo-faq-section' style='margin-top:30px; border-top:1px solid #eee; padding-top:20px;'>\n<h3>Domande Frequenti<\/h3>\n<details style='margin-bottom:10px; padding:10px; background:#f9f9f9; border-radius:5px;'>\n<summary style='font-weight:bold; cursor:pointer;'>\u00c8 adatto per uso esterno?<\/summary>\n<div style='margin-top:10px; color:#555;'>S\u00ec, \u00e8 progettato per uso esterno e interno, come indicato.<\/div>\n<\/details>\n<details style='margin-bottom:10px; padding:10px; background:#f9f9f9; border-radius:5px;'>\n<summary style='font-weight:bold; cursor:pointer;'>Quanti LED ha e che colore di illuminazione forniscono?<\/summary>\n<div style='margin-top:10px; color:#555;'>Dispone di 100 LED con illuminazione bianca calda.<\/div>\n<\/details>\n<details style='margin-bottom:10px; padding:10px; background:#f9f9f9; border-radius:5px;'>\n<summary style='font-weight:bold; cursor:pointer;'>Il trasformatore \u00e8 incluso?<\/summary>\n<div style='margin-top:10px; color:#555;'>S\u00ec, \u00e8 incluso un trasformatore con protezione IP44.<\/div>\n<\/details>\n<details style='margin-bottom:10px; padding:10px; background:#f9f9f9; border-radius:5px;'>\n<summary style='font-weight:bold; cursor:pointer;'>Quali funzionalit\u00e0 ha il controller?<\/summary>\n<div style='margin-top:10px; color:#555;'>Il controller offre 8 programmi di funzionamento.<\/div>\n<\/details>\n<\/div>\n","protected":false},"excerpt":{"rendered":"<p>100 LED bianco caldo con controller a 8 programmi. Per uso esterno e interno. Con cavo verde. Include il trasformatore IP44 7,95m Domande Frequenti \u00c8 adatto per uso esterno? S\u00ec, \u00e8 progettato per uso esterno e interno, come indicato. Quanti LED ha e che colore di illuminazione forniscono? Dispone di 100 LED con illuminazione bianca [&hellip;]<\/p>\n","protected":false},"featured_media":5181300,"comment_status":"closed","ping_status":"open","template":"","meta":[],"product_brand":[],"product_cat":[],"product_tag":[15],"class_list":{"0":"post-5317136","1":"product","2":"type-product","3":"status-publish","4":"has-post-thumbnail","6":"product_tag-uncategorized","8":"first","9":"onbackorder","10":"purchasable","11":"product-type-simple"},"jetpack_sharing_enabled":true,"_links":{"self":[{"href":"https:\/\/gadgettravellers.eu\/it\/wp-json\/wp\/v2\/product\/5317136","targetHints":{"allow":["GET"]}}],"collection":[{"href":"https:\/\/gadgettravellers.eu\/it\/wp-json\/wp\/v2\/product"}],"about":[{"href":"https:\/\/gadgettravellers.eu\/it\/wp-json\/wp\/v2\/types\/product"}],"replies":[{"embeddable":true,"href":"https:\/\/gadgettravellers.eu\/it\/wp-json\/wp\/v2\/comments?post=5317136"}],"wp:featuredmedia":[{"embeddable":true,"href":"https:\/\/gadgettravellers.eu\/it\/wp-json\/wp\/v2\/media\/5181300"}],"wp:attachment":[{"href":"https:\/\/gadgettravellers.eu\/it\/wp-json\/wp\/v2\/media?parent=5317136"}],"wp:term":[{"taxonomy":"product_brand","embeddable":true,"href":"https:\/\/gadgettravellers.eu\/it\/wp-json\/wp\/v2\/product_brand?post=5317136"},{"taxonomy":"product_cat","embeddable":true,"href":"https:\/\/gadgettravellers.eu\/it\/wp-json\/wp\/v2\/product_cat?post=5317136"},{"taxonomy":"product_tag","embeddable":true,"href":"https:\/\/gadgettravellers.eu\/it\/wp-json\/wp\/v2\/product_tag?post=5317136"}],"curies":[{"name":"wp","href":"https:\/\/api.w.org\/{rel}","templated":true}]}}